{"id":20449,"date":"2020-11-30T05:00:00","date_gmt":"2020-11-30T05:00:00","guid":{"rendered":"https:\/\/www.fivecontinentseditions.com\/?post_type=product&#038;p=20449"},"modified":"2024-10-09T16:14:38","modified_gmt":"2024-10-09T16:14:38","slug":"francis-cunningham","status":"publish","type":"product","link":"https:\/\/www.fivecontinentseditions.com\/fr\/p\/francis-cunningham\/","title":{"rendered":"Francis Cunningham"},"content":{"rendered":"<p>Cet ouvrage est la premi\u00e8re monographie consacr\u00e9e au peintre am\u00e9ricain Francis Cunningham.<\/p>\n<p>Alors que le monde de l\u2019art accordait toute son attention \u00e0 l\u2019art abstrait et \u00e0 l\u2019<em>action<\/em><em>painting<\/em>, Cunningham conservait intacts son int\u00e9r\u00eat pour le figuratif et sa volont\u00e9 de repr\u00e9senter le corps humain \u2013 d\u2019o\u00f9 un succ\u00e8s tr\u00e8s discret, loin des projecteurs, ce qui n\u2019est pas synonyme d\u2019expression artistique de second plan. En r\u00e9alit\u00e9, cette marginalit\u00e9 a permis \u00e0 l\u2019artiste de d\u00e9velopper et d\u2019approfondir sa r\u00e9flexion sur la modalit\u00e9 de la vision et donc sur le r\u00f4le fondamental du <em>color-spot painting<\/em>, technique emprunt\u00e9e \u00e0 Edwin Dickinson, ainsi que sur l\u2019importance de l\u2019enseignement qu\u2019il a pratiqu\u00e9 \u00e0 la New Brooklyn School of Life, Painting, Drawing and Sculpture et \u00e0 la New York Academy of Art.<\/p>\n<p>La narration met en lumi\u00e8re le parcours de Cunningham qui, d\u00e8s ses premi\u00e8res toiles, aux dimensions r\u00e9duites, abstraites pour la plupart et caract\u00e9ris\u00e9es par de larges aplats \u00e9voquant des paysages, est proche d\u2019un r\u00e9alisme figuratif o\u00f9 l\u2019\u00e9tude anatomique joue un r\u00f4le pr\u00e9pond\u00e9rant, avant de revenir \u2013 comme pour refermer un cercle \u2013 \u00e0 des \u0153uvres avec de vastes espaces vides, o\u00f9 le nombre d\u2019\u00e9l\u00e9ments diminue radicalement. La majeure partie de sa production artistique est constitu\u00e9e de toiles de grandes dimensions, peupl\u00e9es par des personnages repr\u00e9sent\u00e9s nus, tant\u00f4t seuls, tant\u00f4t en triptyque. Les toiles de cette \u00ab\u00a0deuxi\u00e8me p\u00e9riode\u00a0\u00bb et leur verticalit\u00e9 c\u00e8dent la place aux derniers travaux, des natures mortes horizontales figurant l\u2019atelier de l\u2019artiste. L\u2019\u00eatre humain en a presque disparu, comme si Cunningham \u00e9tait revenu \u00e0 ses r\u00e9flexions initiales.<\/p>\n<p>La figure de l\u2019artiste est approfondie gr\u00e2ce aux contributions d\u2019historiens et de critiques d\u2019art comme Christopher Knight, Edward Lifson, John Walsh et Valentina De Pasca, et au t\u00e9moignage de Regina Hawkins-Balducci, son mod\u00e8le.<\/p>\n<p>&nbsp;<\/p>\n<p><strong>Francis Cunningham\u00a0<\/strong>est un peintre figuratif am\u00e9ricain connu pour avoir \u0153uvr\u00e9 dans trois genres diff\u00e9rents \u2013 le nu, le paysage et la nature morte \u2013 et pour avoir \u00e9t\u00e9 un remarquable enseignant. Il est le cofondateur de la New Brooklyn School of Life, Painting, Drawing and Sculpture, Inc. (1980-1983) et de la New York Academy of Art en 1983 avec le sculpteur Barney Hodes et le collectionneur Stuart Pivar. Des expositions monographiques lui ont \u00e9t\u00e9 consacr\u00e9es \u00e0 Washington D.C., Chicago et New York par les galeries Waverly, Harry Salpeter et Hirschl &amp; Adler, et \u00e9galement \u00e0 Stockholm et Copenhague. Il a pris part \u00e0 des expositions collectives en diff\u00e9rents lieux des \u00c9tats-Unis. Actuellement il poss\u00e8de un atelier \u00e0 Manhattan et un autre dans l\u2019ouest du Massachusetts, dans la r\u00e9gion bucolique des Berkshire Mountains.<\/p>\n<p><strong>Christopher Knight\u00a0<\/strong>est le critique d\u2019art attitr\u00e9 du <em>Los Angeles Times<\/em>. Trois fois finaliste du prix Pulitzer pour la critique (1991, 2001 et 2007), il a finalement obtenu le prix en 2020. Laur\u00e9at du Lifetime Achievement Award \u2013 r\u00e9compense pour l\u2019ensemble de sa carri\u00e8re dans le journalisme \u2013 attribu\u00e9 par la Rabkin Foundation en 2020, et du Frank Jewett Mather Award, pour ses m\u00e9rites de critique d\u2019art, d\u00e9cern\u00e9 par la College Art Association en 1997, il est ainsi le premier journaliste \u00e0 remporter ce prix depuis plus de 25 ans.<\/p>\n<p><strong>Edward Lifson\u00a0<\/strong>est un critique plusieurs fois r\u00e9compens\u00e9, qui exerce son activit\u00e9 dans les domaines de l\u2019art, de l\u2019architecture, du design et de la culture. Il est le concepteur et le pr\u00e9sentateur de l\u2019\u00e9mission de radio <em>Hello Beautiful! <\/em>consacr\u00e9e \u00e0 l\u2019art.<\/p>\n<p><strong>John Walsh<\/strong>, directeur \u00e9m\u00e9rite du J. Paul Getty Museum, a dirig\u00e9 cette institution de 1983 \u00e0 octobre 2000. On lui doit de nombreux articles et catalogues sur la peinture hollandaise du XVII<sup>e<\/sup>si\u00e8cle et divers autres ouvrages.<\/p>\n<p><strong>Regina Hawkins-Balducci\u00a0<\/strong>est le mod\u00e8le que Francis Cunningham a peint le plus souvent. Lorsqu\u2019un accident de voiture a mis un terme \u00e0 sa carri\u00e8re de danseuse, Regina a entam\u00e9 une carri\u00e8re de mod\u00e8le pour artiste.<\/p>\n<p><strong>Valentina De Pasca\u00a0<\/strong>est titulaire d\u2019un doctorat en arch\u00e9ologie et histoire de l\u2019art ancien.<\/p>\n","protected":false},"excerpt":{"rendered":"<p>Cet ouvrage est la premi\u00e8re monographie consacr\u00e9e au peintre am\u00e9ricain Francis Cunningham. Alors que le monde de l\u2019art accordait toute son attention \u00e0 l\u2019art abstrait et \u00e0 l\u2019actionpainting, Cunningham conservait intacts son int\u00e9r\u00eat pour le figuratif et sa volont\u00e9 de repr\u00e9senter le corps humain \u2013 d\u2019o\u00f9 un succ\u00e8s tr\u00e8s discret, loin des projecteurs, ce qui&hellip;<\/p>\n","protected":false},"featured_media":25044,"template":"","meta":{"_acf_changed":false,"inline_featured_image":false},"product_brand":[],"product_cat":[57],"product_tag":[],"class_list":{"0":"post-20449","1":"product","2":"type-product","3":"status-publish","4":"has-post-thumbnail","6":"product_cat-art-contemporain","7":"disponibilita-si","8":"description-off","10":"first","11":"instock","12":"shipping-taxable","13":"purchasable","14":"product-type-simple"},"acf":[],"_links":{"self":[{"href":"https:\/\/www.fivecontinentseditions.com\/fr\/wp-json\/wp\/v2\/product\/20449","targetHints":{"allow":["GET"]}}],"collection":[{"href":"https:\/\/www.fivecontinentseditions.com\/fr\/wp-json\/wp\/v2\/product"}],"about":[{"href":"https:\/\/www.fivecontinentseditions.com\/fr\/wp-json\/wp\/v2\/types\/product"}],"wp:featuredmedia":[{"embeddable":true,"href":"https:\/\/www.fivecontinentseditions.com\/fr\/wp-json\/wp\/v2\/media\/25044"}],"wp:attachment":[{"href":"https:\/\/www.fivecontinentseditions.com\/fr\/wp-json\/wp\/v2\/media?parent=20449"}],"wp:term":[{"taxonomy":"product_brand","embeddable":true,"href":"https:\/\/www.fivecontinentseditions.com\/fr\/wp-json\/wp\/v2\/product_brand?post=20449"},{"taxonomy":"product_cat","embeddable":true,"href":"https:\/\/www.fivecontinentseditions.com\/fr\/wp-json\/wp\/v2\/product_cat?post=20449"},{"taxonomy":"product_tag","embeddable":true,"href":"https:\/\/www.fivecontinentseditions.com\/fr\/wp-json\/wp\/v2\/product_tag?post=20449"}],"curies":[{"name":"wp","href":"https:\/\/api.w.org\/{rel}","templated":true}]}}