{"id":20425,"date":"2020-11-27T05:00:00","date_gmt":"2020-11-27T05:00:00","guid":{"rendered":"https:\/\/www.fivecontinentseditions.com\/?post_type=product&#038;p=20425"},"modified":"2021-05-06T07:44:31","modified_gmt":"2021-05-06T07:44:31","slug":"beaute-insolite","status":"publish","type":"product","link":"https:\/\/www.fivecontinentseditions.com\/fr\/p\/beaute-insolite\/","title":{"rendered":"Beaut\u00e9 insolite"},"content":{"rendered":"<p>\u00ab\u00a0En artiste, je recherche la beaut\u00e9 dans les objets et j\u2019appr\u00e9cie l\u2019insolite\u00a0\u00bb. Ceil Pulitzer<\/p>\n<p>Ceil Pulitzer a entam\u00e9 son parcours de collectionneuse d\u2019art africain il y a plus de trente ans. Son esprit artistique l\u2019a conduite vers toutes les formes de culture et d\u2019expression humaines, sans limites spatiales ou temporelles. En peintre consciencieux, elle n\u2019a cess\u00e9 d\u2019aiguiser son regard en \u00e9tudiant l\u2019art et l\u2019histoire de l\u2019art, et en collectionneuse d\u2019art moderne, elle comprit que l\u2019art africain avait influ\u00e9 sur la trajectoire de l\u2019art du XX<sup>e\u00a0<\/sup>si\u00e8cle. Par la suite, \u00e0 Paris, elle fit la connaissance de Charles Ratton, expert v\u00e9n\u00e9rable et l\u00e9gendaire marchand d\u2019art africain. Lors d\u2019une br\u00e8ve rencontre, il lui d\u00e9clara\u00a0: \u00ab\u00a0Vous avez l\u2019\u0153il.\u00a0\u00bb Cette rencontre nourrit sa passion et sa qu\u00eate de l\u2019excellence en mati\u00e8re d\u2019art africain classique. La Fondation Ceil and Michael Pulitzer a initi\u00e9 et soutenu nombre d\u2019initiatives philanthropiques en Afrique et au sein des grandes institutions qui promeuvent l\u2019art africain et les actions humanitaires sur le continent noir.<\/p>\n<p>&nbsp;<\/p>\n<p><strong>Susan Kloman<\/strong> est l\u2019une des principales expertes internationales en mati\u00e8re d\u2019arts africain et oc\u00e9anien.<\/p>\n","protected":false},"excerpt":{"rendered":"<p>\u00ab\u00a0En artiste, je recherche la beaut\u00e9 dans les objets et j\u2019appr\u00e9cie l\u2019insolite\u00a0\u00bb. Ceil Pulitzer Ceil Pulitzer a entam\u00e9 son parcours de collectionneuse d\u2019art africain il y a plus de trente ans. Son esprit artistique l\u2019a conduite vers toutes les formes de culture et d\u2019expression humaines, sans limites spatiales ou temporelles. En peintre consciencieux, elle n\u2019a&hellip;<\/p>\n","protected":false},"featured_media":25010,"template":"","meta":{"_acf_changed":false,"inline_featured_image":false},"product_brand":[],"product_cat":[54],"product_tag":[],"class_list":{"0":"post-20425","1":"product","2":"type-product","3":"status-publish","4":"has-post-thumbnail","6":"product_cat-art-africain","7":"disponibilita-no","8":"description-off","10":"first","11":"outofstock","12":"shipping-taxable","13":"purchasable","14":"product-type-simple"},"acf":[],"_links":{"self":[{"href":"https:\/\/www.fivecontinentseditions.com\/fr\/wp-json\/wp\/v2\/product\/20425","targetHints":{"allow":["GET"]}}],"collection":[{"href":"https:\/\/www.fivecontinentseditions.com\/fr\/wp-json\/wp\/v2\/product"}],"about":[{"href":"https:\/\/www.fivecontinentseditions.com\/fr\/wp-json\/wp\/v2\/types\/product"}],"wp:featuredmedia":[{"embeddable":true,"href":"https:\/\/www.fivecontinentseditions.com\/fr\/wp-json\/wp\/v2\/media\/25010"}],"wp:attachment":[{"href":"https:\/\/www.fivecontinentseditions.com\/fr\/wp-json\/wp\/v2\/media?parent=20425"}],"wp:term":[{"taxonomy":"product_brand","embeddable":true,"href":"https:\/\/www.fivecontinentseditions.com\/fr\/wp-json\/wp\/v2\/product_brand?post=20425"},{"taxonomy":"product_cat","embeddable":true,"href":"https:\/\/www.fivecontinentseditions.com\/fr\/wp-json\/wp\/v2\/product_cat?post=20425"},{"taxonomy":"product_tag","embeddable":true,"href":"https:\/\/www.fivecontinentseditions.com\/fr\/wp-json\/wp\/v2\/product_tag?post=20425"}],"curies":[{"name":"wp","href":"https:\/\/api.w.org\/{rel}","templated":true}]}}