{"id":20273,"date":"2020-11-05T05:00:00","date_gmt":"2020-11-05T05:00:00","guid":{"rendered":"https:\/\/www.fivecontinentseditions.com\/?post_type=product&#038;p=20273"},"modified":"2020-11-13T09:26:55","modified_gmt":"2020-11-13T09:26:55","slug":"san-domenico-di-niccolo-dellarca","status":"publish","type":"product","link":"https:\/\/www.fivecontinentseditions.com\/fr\/p\/san-domenico-di-niccolo-dellarca\/","title":{"rendered":"San Domenico di Niccol\u00f2 dell&rsquo;Arca"},"content":{"rendered":"<p>Ce volume, le troisi\u00e8me de la collection \u00ab\u00a0Tr\u00e9sors cach\u00e9s\u00a0\u00bb, est illustr\u00e9 par des photographies de Luigi Spina et accompagn\u00e9 d\u2019un texte critique de Vittorio Sgarbi. Pour la premi\u00e8re fois, nous pr\u00e9sentons aux passionn\u00e9s d\u2019histoire de l\u2019art, de photographie et de collections une monographie visuelle d\u2019une \u0153uvre sculpt\u00e9e tout \u00e0 fait exceptionnelle\u00a0: le buste de saint Dominique ex\u00e9cut\u00e9 par Niccol\u00f2 dell\u2019Arca en 1474.<\/p>\n<p>R\u00e9alis\u00e9e en terre cuite, la sculpture repr\u00e9sente le p\u00e8re fondateur de l\u2019ordre dans une attitude s\u00e9v\u00e8re, d\u2019une stricte frontalit\u00e9, d\u2019un expressionnisme qui conf\u00e8re une grande force \u00e0 l\u2019ensemble. Saint Dominique est hi\u00e9ratique, immobile\u00a0; ses mains expriment sa force spirituelle et son regard refl\u00e8te une grande \u00e9nergie int\u00e9rieure. Les plis de sa robe sont g\u00e9om\u00e9triques, sa tunique le prot\u00e8ge comme une cuirasse.<\/p>\n<p>La sculpture fut achev\u00e9e lors du s\u00e9jour de Niccol\u00f2 dell\u2019Arca \u00e0 Bologne o\u00f9, apr\u00e8s avoir achev\u00e9 le tombeau de saint Dominique \u2013 sculpt\u00e9 pr\u00e8s de deux si\u00e8cles auparavant par Nicola Pisano second\u00e9 par le jeune Arnolfo di Cambio \u2013, l\u2019artiste commen\u00e7a \u00e0 nouer des liens \u00e9troits avec l\u2019ordre dominicain de la ville. En l\u2019espace d\u2019une vingtaine d\u2019ann\u00e9es, il sculpta deux bustes repr\u00e9sentant saint Dominique\u00a0: l\u2019un, auquel est consacr\u00e9 ce volume, appartient \u00e0 la Fondation Cavallini Sgarbi de Ro Ferrarese, l\u2019autre est conserv\u00e9 au mus\u00e9e de la basilique San Domenico de Bologne.<\/p>\n<p>Le talentueux Luigi Spina offre aux lecteurs la possibilit\u00e9 d\u2019observer la sculpture en ronde bosse, d\u2019en discerner les d\u00e9tails, d\u2019appr\u00e9cier la profondeur du regard du saint et la ma\u00eetrise technique dont t\u00e9moigne l\u2019ensemble.<\/p>\n<p>&nbsp;<\/p>\n<p><strong>Luigi Spina<\/strong> est photographe. Son oeuvre s\u2019articule autour des amphith\u00e9\u00e2tres et du sens civique du sacr\u00e9, des liens entre l\u2019art et la foi, de la recherche d\u2019identit\u00e9s culturelles anciennes, de la confrontation physique avec la sculpture classique. Chez 5 Continents Editions il a publi\u00e9 <em>The Buchner Boxes<\/em>, <em>Hemba\u00a0<\/em>et <em>Des jours et des mythes<\/em>. Il anime avec Valeria Sampaolo la collection \u00ab Oggetti rari e preziosi al Museo Archeologico Nazionale di Napoli \u00bb, qui compte \u00e0 ce jour les titres <em>Memorie del Vaso blu<\/em>,\u00a0<em>Amazzonomachia<\/em>, <em>Centauri<\/em>, <em>Zefiro e Clori<\/em>, <em>Sette sapienti<\/em>et <em>Satiro ebbro<\/em>. Gr\u00e2ce \u00e0 <em>La Tasse Farn\u00e8se<\/em>, il a en outre ouvert la s\u00e9rie \u00ab Tr\u00e9sors cach\u00e9s \u00bb . Enfin, chez le m\u00eame \u00e9diteur, il a publi\u00e9, dans la s\u00e9rie Tailormade, <em>Les Danseuses de la villa des Papyrus<\/em>.<\/p>\n<p><strong>Vittorio Sgarbi<\/strong> est critique d\u2019art, commissaire de grandes expositions internationales, collectionneur raffin\u00e9 et auteur d\u2019ouvrages de vulgarisation tous centr\u00e9s sur l\u2019importance de la culture et de l\u2019art. Parmi ses derni\u00e8res publications, citons <em>Dall\u2019ombra alla luce. Da Caravaggio a<\/em><em>Tiepolo\u00a0<\/em>et <em>Dal mito alla favola bella. Da Canaletto a Boldini<\/em>, dans la s\u00e9rie \u00ab Il Tesoro d\u2019Italia \u00bb. Il est\u00e9galement homme politique et se d\u00e9finit comme un libre penseur ind\u00e9pendant.<\/p>\n","protected":false},"excerpt":{"rendered":"<p>Ce volume, le troisi\u00e8me de la collection \u00ab\u00a0Tr\u00e9sors cach\u00e9s\u00a0\u00bb, est illustr\u00e9 par des photographies de Luigi Spina et accompagn\u00e9 d\u2019un texte critique de Vittorio Sgarbi. Pour la premi\u00e8re fois, nous pr\u00e9sentons aux passionn\u00e9s d\u2019histoire de l\u2019art, de photographie et de collections une monographie visuelle d\u2019une \u0153uvre sculpt\u00e9e tout \u00e0 fait exceptionnelle\u00a0: le buste de saint&hellip;<\/p>\n","protected":false},"featured_media":24944,"template":"","meta":{"_acf_changed":false,"inline_featured_image":false},"product_brand":[],"product_cat":[55],"product_tag":[],"class_list":{"0":"post-20273","1":"product","2":"type-product","3":"status-publish","4":"has-post-thumbnail","6":"product_cat-art-ancien","7":"disponibilita-si","8":"description-off","10":"first","11":"instock","12":"shipping-taxable","13":"purchasable","14":"product-type-simple"},"acf":[],"_links":{"self":[{"href":"https:\/\/www.fivecontinentseditions.com\/fr\/wp-json\/wp\/v2\/product\/20273","targetHints":{"allow":["GET"]}}],"collection":[{"href":"https:\/\/www.fivecontinentseditions.com\/fr\/wp-json\/wp\/v2\/product"}],"about":[{"href":"https:\/\/www.fivecontinentseditions.com\/fr\/wp-json\/wp\/v2\/types\/product"}],"wp:featuredmedia":[{"embeddable":true,"href":"https:\/\/www.fivecontinentseditions.com\/fr\/wp-json\/wp\/v2\/media\/24944"}],"wp:attachment":[{"href":"https:\/\/www.fivecontinentseditions.com\/fr\/wp-json\/wp\/v2\/media?parent=20273"}],"wp:term":[{"taxonomy":"product_brand","embeddable":true,"href":"https:\/\/www.fivecontinentseditions.com\/fr\/wp-json\/wp\/v2\/product_brand?post=20273"},{"taxonomy":"product_cat","embeddable":true,"href":"https:\/\/www.fivecontinentseditions.com\/fr\/wp-json\/wp\/v2\/product_cat?post=20273"},{"taxonomy":"product_tag","embeddable":true,"href":"https:\/\/www.fivecontinentseditions.com\/fr\/wp-json\/wp\/v2\/product_tag?post=20273"}],"curies":[{"name":"wp","href":"https:\/\/api.w.org\/{rel}","templated":true}]}}