{"id":20175,"date":"2020-10-26T05:00:00","date_gmt":"2020-10-26T05:00:00","guid":{"rendered":"https:\/\/www.fivecontinentseditions.com\/?post_type=product&#038;p=20175"},"modified":"2020-11-11T12:21:08","modified_gmt":"2020-11-11T12:21:08","slug":"the-alexander-mosaic","status":"publish","type":"product","link":"https:\/\/www.fivecontinentseditions.com\/fr\/p\/the-alexander-mosaic\/","title":{"rendered":"THE ALEXANDER MOSAIC"},"content":{"rendered":"<p>La mosa\u00efque d\u2019Alexandre est le chef-d\u2019\u0153uvre auquel est d\u00e9di\u00e9 le deuxi\u00e8me volume de la collection \u00ab\u00a0Tr\u00e9sors cach\u00e9s\u00a0\u00bb, inaugur\u00e9e en 2018 avec la tasse Farn\u00e8se. Elle constitue certainement l\u2019un des points d\u2019attraction pour les visiteurs qui se pressent quotidiennement dans les salles du Museo Archeologico Nazionale de Naples.<\/p>\n<p>Les tesselles qui la composent, plus d\u2019un million et demi, sont dispos\u00e9es selon la technique de l\u2019<em>opus vermiculatum<\/em>, c\u2019est-\u00e0-dire qu\u2019elles sont parfois de tr\u00e8s petite taille, de dimensions et de formes variables, permettant les trac\u00e9s sinueux et les d\u00e9tails minutieux, et dispos\u00e9es de mani\u00e8re asym\u00e9trique en suivant le contour des figures de fa\u00e7on \u00e0 les faire ressortir sur le fond.<\/p>\n<p>Dat\u00e9e du II<sup>e\u00a0<\/sup>si\u00e8cle avant notre \u00e8re, parfois dite \u00ab\u00a0Bataille d\u2019Issos\u00a0\u00bb, cette mosa\u00efque de sol fut mise au jour en 1831 \u00e0 Pomp\u00e9i, dans la c\u00e9l\u00e8bre maison du Faune. Si l\u2019identification de la bataille demeure ouverte \u00e0 toutes les hypoth\u00e8ses d\u2019interpr\u00e9tation, l\u2019identit\u00e9 des deux protagonistes fait l\u2019unanimit\u00e9\u00a0: il s\u2019agit d\u2019Alexandre et de Darius.<\/p>\n<p>Luigi Spina aborde l\u2019\u0153uvre en photographe, avec maestria\u00a0; il met en lumi\u00e8re les visages, les gestes, les d\u00e9tails et les expressions des hommes et des animaux, qui \u00e9chappent souvent au spectateur absorb\u00e9 par la lecture de l\u2019ensemble de la sc\u00e8ne. Yeux \u00e9carquill\u00e9s et attentifs, brides parfois rel\u00e2ch\u00e9es, fouets cinglants, mais aussi \u00e9toffes, ornements pr\u00e9cieux, crini\u00e8res tress\u00e9es.<\/p>\n<p>Le volume s\u2019accompagne de contributions de Valeria Sampaolo et de Fausto Zevi, qui replacent la mosa\u00efque dans son contexte historique et artistique et soulignent sa dimension extraordinaire au sein de l\u2019histoire de l\u2019art ancien.<\/p>\n<p>&nbsp;<\/p>\n<p><strong>Luigi Spina\u00a0<\/strong>est photographe. Ses travaux photographiques ont pour th\u00e8mes les amphith\u00e9\u00e2tres et le sens civique du sacr\u00e9, les liens entre art et foi, la recherche d\u2019identit\u00e9s culturelles antiques et la confrontation physique avec la sculpture classique. Chez 5 Continents Editions, il a publi\u00e9 <em>The Buchner Boxes\u00a0<\/em>(2014), <em>Hemba\u00a0<\/em>(2017) et <em>Diario Mitico\u00a0<\/em>(2017). Dans la m\u00eame maison d\u2019\u00e9dition, avec Valeria Sampaolo, il a cr\u00e9\u00e9 la collection \u00ab\u00a0Oggetti rari e preziosi al Museo Archeologico Nazionale di Napoli\u00a0\u00bb, qui propose les titres suivants : <em>Memorie del Vaso blu\u00a0<\/em>(2016), <em>Amazzonomachia<\/em>,\u00a0<em>Centauri\u00a0<\/em>(2017), <em>Sette sapienti<\/em>,\u00a0<em>Zefiro e Clori\u00a0<\/em>et\u00a0<em>Satiro Ebbro\u00a0<\/em>(2018). Avec le volume <em>La Tasse Farn\u00e8se<\/em>, il a inaugur\u00e9 la collection \u00ab\u00a0Tr\u00e9sors cach\u00e9s\u00a0\u00bb. Enfin, on lui doit <em>Les Danseuses de la villa des Papyrus\u00a0<\/em>(2015), ouvrage paru dans la collection \u00ab\u00a0Tailormade\u00a0\u00bbde 5 Continents Editions.<\/p>\n<p><strong>Paolo Giulierini\u00a0<\/strong>est arch\u00e9ologue et \u00e9truscologue. Il est actuellement \u00e0 la t\u00eate du Museo Archeologico Nazionale de Naples. Auparavant, il dirigeait le Museo dell\u2019Accademia Etrusca de Cortone.<\/p>\n<p><strong>Valeria Sampaolo\u00a0<\/strong>exerce les fonctions de conservatrice en chef des collections du Museo Archeologico Nazionale de Naples. Auteur de nombreuses publications, elle se consacre en particulier \u00e0 des recherches sur les premi\u00e8res fouilles effectu\u00e9es dans l\u2019aire v\u00e9suvienne et sur la reconstruction des contextes d\u2019origine des fresques du mus\u00e9e, dont elle a con\u00e7u la nouvelle exposition.<\/p>\n<p><strong>Fausto Zevi<\/strong>, arch\u00e9ologue et historien de l\u2019art italien, \u00e9l\u00e8ve de Ranuccio Bianchi Bandinelli, a consacr\u00e9 son activit\u00e9 \u00e0 la Rome archa\u00efque, \u00e0 des th\u00e9matiques li\u00e9es \u00e0 l\u2019hell\u00e9nisme romain et aux probl\u00e8mes topographiques et urbanistiques de Pomp\u00e9i, Ostie et Rome. Membre de l\u2019Accademia Nazionale dei Lincei et de l\u2019Institut arch\u00e9ologique germanique, il est \u00e9galement membre honoraire de la British School de Rome.<\/p>\n","protected":false},"excerpt":{"rendered":"<p>La mosa\u00efque d\u2019Alexandre est le chef-d\u2019\u0153uvre auquel est d\u00e9di\u00e9 le deuxi\u00e8me volume de la collection \u00ab\u00a0Tr\u00e9sors cach\u00e9s\u00a0\u00bb, inaugur\u00e9e en 2018 avec la tasse Farn\u00e8se. Elle constitue certainement l\u2019un des points d\u2019attraction pour les visiteurs qui se pressent quotidiennement dans les salles du Museo Archeologico Nazionale de Naples. Les tesselles qui la composent, plus d\u2019un million&hellip;<\/p>\n","protected":false},"featured_media":24876,"template":"","meta":{"_acf_changed":false,"inline_featured_image":false},"product_brand":[],"product_cat":[47],"product_tag":[],"class_list":{"0":"post-20175","1":"product","2":"type-product","3":"status-publish","4":"has-post-thumbnail","6":"product_cat-archeologie","7":"disponibilita-no","8":"description-off","10":"first","11":"outofstock","12":"shipping-taxable","13":"purchasable","14":"product-type-simple"},"acf":[],"_links":{"self":[{"href":"https:\/\/www.fivecontinentseditions.com\/fr\/wp-json\/wp\/v2\/product\/20175","targetHints":{"allow":["GET"]}}],"collection":[{"href":"https:\/\/www.fivecontinentseditions.com\/fr\/wp-json\/wp\/v2\/product"}],"about":[{"href":"https:\/\/www.fivecontinentseditions.com\/fr\/wp-json\/wp\/v2\/types\/product"}],"wp:featuredmedia":[{"embeddable":true,"href":"https:\/\/www.fivecontinentseditions.com\/fr\/wp-json\/wp\/v2\/media\/24876"}],"wp:attachment":[{"href":"https:\/\/www.fivecontinentseditions.com\/fr\/wp-json\/wp\/v2\/media?parent=20175"}],"wp:term":[{"taxonomy":"product_brand","embeddable":true,"href":"https:\/\/www.fivecontinentseditions.com\/fr\/wp-json\/wp\/v2\/product_brand?post=20175"},{"taxonomy":"product_cat","embeddable":true,"href":"https:\/\/www.fivecontinentseditions.com\/fr\/wp-json\/wp\/v2\/product_cat?post=20175"},{"taxonomy":"product_tag","embeddable":true,"href":"https:\/\/www.fivecontinentseditions.com\/fr\/wp-json\/wp\/v2\/product_tag?post=20175"}],"curies":[{"name":"wp","href":"https:\/\/api.w.org\/{rel}","templated":true}]}}