{"id":19892,"date":"2020-09-30T05:00:00","date_gmt":"2020-09-30T05:00:00","guid":{"rendered":"https:\/\/www.fivecontinentseditions.com\/?post_type=product&#038;p=19892"},"modified":"2020-11-09T17:10:05","modified_gmt":"2020-11-09T17:10:05","slug":"riopelle","status":"publish","type":"product","link":"https:\/\/www.fivecontinentseditions.com\/fr\/p\/riopelle\/","title":{"rendered":"RIOPELLE"},"content":{"rendered":"<p>La publication qui accompagne l\u2019exposition homonyme se propose d\u2019explorer l\u2019int\u00e9r\u00eat de Riopelle pour le nord du Canada et sa production artistique. Mettant l\u2019accent sur les tr\u00e8s belles s\u00e9ries qu\u2019il a r\u00e9alis\u00e9es dans les ann\u00e9es 1970, qu\u2019il s\u2019agisse d\u2019\u0153uvres d\u2019art ou de mat\u00e9riaux d\u2019archives, l\u2019ouvrage s\u2019attache \u00e0 une p\u00e9riode particuli\u00e8rement dynamique durant laquelle Jean-Paul Riopelle effectua plusieurs voyages dans ces territoires pour p\u00eacher, chasser et s\u2019immerger dans la nature.<\/p>\n<p>Le nord du Canada, sa v\u00e9g\u00e9tation et les communaut\u00e9s indig\u00e8nes qui y vivent ont constitu\u00e9 de puissants sujets d\u2019inspiration pour l\u2019artiste, ils ont \u00e9largi ses influences intellectuelles et artistiques et ont nourri son imagination.<\/p>\n<p>Ce volume permettra de contempler des \u0153uvres moins connues, in\u00e9dites, et de suivre l\u2019\u00e9volution du parcours artistique de Riopelle tr\u00e8s li\u00e9 au Nord, aux territoires bor\u00e9aux et polaires et aux cultures \u2013 mat\u00e9rielles ou non \u2013 des Indiens canadiens. Par ailleurs, il met en lumi\u00e8re la mani\u00e8re dont Riopelle prend ses distances avec des \u0153uvres qui repr\u00e9sentent la nature comme \u00e9l\u00e9ment identitaire de la nation canadienne\u00a0: l\u2019artiste est porteur d\u2019une vision unique et personnelle, capable d\u2019\u00e9voquer de mani\u00e8re visuelle ce territoire particulier dans un dialogue entre r\u00e9el et imaginaire.<\/p>\n<p>La centaine d\u2019\u0153uvres pr\u00e9sent\u00e9es dans le livre (peintures, sculptures, gravures et travaux r\u00e9alis\u00e9s en technique mixte) prendront place dans un r\u00e9cit en quatre grandes parties (<em>La nordicit\u00e9 canadienne vue de Paris <\/em>; <em>L\u2019exp\u00e9rience du Nord <\/em>; <em>Emprunter au Nord <\/em>; <em>Le Nord et l\u2019art<\/em>) dont les th\u00e8mes seront approfondis gr\u00e2ce aux contributions de sp\u00e9cialistes.<\/p>\n","protected":false},"excerpt":{"rendered":"<p>La publication qui accompagne l\u2019exposition homonyme se propose d\u2019explorer l\u2019int\u00e9r\u00eat de Riopelle pour le nord du Canada et sa production artistique. Mettant l\u2019accent sur les tr\u00e8s belles s\u00e9ries qu\u2019il a r\u00e9alis\u00e9es dans les ann\u00e9es 1970, qu\u2019il s\u2019agisse d\u2019\u0153uvres d\u2019art ou de mat\u00e9riaux d\u2019archives, l\u2019ouvrage s\u2019attache \u00e0 une p\u00e9riode particuli\u00e8rement dynamique durant laquelle Jean-Paul Riopelle effectua&hellip;<\/p>\n","protected":false},"featured_media":24786,"template":"","meta":{"_acf_changed":false,"inline_featured_image":false},"product_brand":[],"product_cat":[57],"product_tag":[],"class_list":{"0":"post-19892","1":"product","2":"type-product","3":"status-publish","4":"has-post-thumbnail","6":"product_cat-art-contemporain","7":"disponibilita-si","8":"description-off","10":"first","11":"instock","12":"shipping-taxable","13":"purchasable","14":"product-type-simple"},"acf":[],"_links":{"self":[{"href":"https:\/\/www.fivecontinentseditions.com\/fr\/wp-json\/wp\/v2\/product\/19892","targetHints":{"allow":["GET"]}}],"collection":[{"href":"https:\/\/www.fivecontinentseditions.com\/fr\/wp-json\/wp\/v2\/product"}],"about":[{"href":"https:\/\/www.fivecontinentseditions.com\/fr\/wp-json\/wp\/v2\/types\/product"}],"wp:featuredmedia":[{"embeddable":true,"href":"https:\/\/www.fivecontinentseditions.com\/fr\/wp-json\/wp\/v2\/media\/24786"}],"wp:attachment":[{"href":"https:\/\/www.fivecontinentseditions.com\/fr\/wp-json\/wp\/v2\/media?parent=19892"}],"wp:term":[{"taxonomy":"product_brand","embeddable":true,"href":"https:\/\/www.fivecontinentseditions.com\/fr\/wp-json\/wp\/v2\/product_brand?post=19892"},{"taxonomy":"product_cat","embeddable":true,"href":"https:\/\/www.fivecontinentseditions.com\/fr\/wp-json\/wp\/v2\/product_cat?post=19892"},{"taxonomy":"product_tag","embeddable":true,"href":"https:\/\/www.fivecontinentseditions.com\/fr\/wp-json\/wp\/v2\/product_tag?post=19892"}],"curies":[{"name":"wp","href":"https:\/\/api.w.org\/{rel}","templated":true}]}}