{"id":19886,"date":"2020-09-30T05:00:00","date_gmt":"2020-09-30T05:00:00","guid":{"rendered":"https:\/\/www.fivecontinentseditions.com\/?post_type=product&#038;p=19886"},"modified":"2021-05-06T07:44:31","modified_gmt":"2021-05-06T07:44:31","slug":"the-decorative-arts","status":"publish","type":"product","link":"https:\/\/www.fivecontinentseditions.com\/fr\/p\/the-decorative-arts\/","title":{"rendered":"The Decorative Arts"},"content":{"rendered":"<p>S\u00e9duction esth\u00e9tique, excellence technique et int\u00e9r\u00eat historique, tels sont les trois piliers de la collection \u00ab\u00a0Arts d\u00e9coratifs\u00a0\u00bb de la Fondation Gandur pour l\u2019Art (Gen\u00e8ve), cr\u00e9\u00e9e en 2010 et aujourd\u2019hui en pleine expansion. Ce premier volume a pour objectif de cataloguer les \u0153uvres de la collection dont les dimensions ornementale et narrative sont \u00e9troitement li\u00e9es. Il s\u2019agit dans la plupart des cas d\u2019\u0153uvres sculpt\u00e9es \u2013 statuettes et reliefs d\u00e9coratifs \u2013 auxquelles s\u2019ajoutent des d\u00e9corations bidimensionnelles figurant des sc\u00e8nes inspir\u00e9es par l\u2019Antiquit\u00e9 ou le christianisme.<\/p>\n<p>La p\u00e9riodisation des \u00e9l\u00e9ments sculpt\u00e9s publi\u00e9s dans ce volume refl\u00e8te celle de l\u2019ensemble de la collection, dont la chronologie se d\u00e9ploie entre le XII<sup>e <\/sup>et le XVIII<sup>e\u00a0<\/sup>si\u00e8cle.<\/p>\n<p>La collection entend illustrer les \u00e9changes culturels entre la France et les pays environnants, aires g\u00e9ographiques o\u00f9 les diverses \u0153uvres ont vu le jour. Aussi les croisements stylistiques, l\u2019originalit\u00e9 de certaines pi\u00e8ces et leur qualit\u00e9 esth\u00e9tique y constituent-ils des \u00e9l\u00e9ments pr\u00e9pond\u00e9rants.<\/p>\n<p>L\u2019organisation des contenus de l\u2019ouvrage est th\u00e9matique, ce qui permet de mettre en lumi\u00e8re l\u2019originalit\u00e9 absolue et la richesse de la collection, de m\u00eame qu\u2019un panorama extr\u00eamement vari\u00e9 de sujets, d\u2019\u00e9pisodes narratifs et de personnages repr\u00e9sent\u00e9s. La subdivision th\u00e9matique s\u2019organise autour des sections suivantes\u00a0: dieux et h\u00e9ros antiques, figures bibliques et all\u00e9goriques, sc\u00e8nes de la vie de la Vierge, \u00e9pisodes de la vie du Christ, des saints et intercesseurs. Chaque \u0153uvre s\u2019accompagne d\u2019une notice qui en d\u00e9taille le contexte historique et g\u00e9ographique, l\u2019iconographie\u00a0; elle fournit aussi une bibliographie de r\u00e9f\u00e9rence et indique les expositions dont l\u2019\u0153uvre a fait l\u2019objet.<\/p>\n<p>&nbsp;<\/p>\n<p><strong>Fabienne Fravalo<\/strong>, docteur en histoire de l\u2019art, est la conservatrice de la collection des arts d\u00e9coratifs de la Fondation Gandur pour l\u2019Art (Gen\u00e8ve).<\/p>\n<p><strong>Marion Boudon-Machuel\u00a0<\/strong>est professeur d\u2019histoire de l\u2019art moderne \u00e0 l\u2019universit\u00e9 de Tours.<\/p>\n","protected":false},"excerpt":{"rendered":"<p>S\u00e9duction esth\u00e9tique, excellence technique et int\u00e9r\u00eat historique, tels sont les trois piliers de la collection \u00ab\u00a0Arts d\u00e9coratifs\u00a0\u00bb de la Fondation Gandur pour l\u2019Art (Gen\u00e8ve), cr\u00e9\u00e9e en 2010 et aujourd\u2019hui en pleine expansion. Ce premier volume a pour objectif de cataloguer les \u0153uvres de la collection dont les dimensions ornementale et narrative sont \u00e9troitement li\u00e9es. Il&hellip;<\/p>\n","protected":false},"featured_media":24724,"template":"","meta":{"_acf_changed":false,"inline_featured_image":false},"product_brand":[],"product_cat":[55],"product_tag":[],"class_list":{"0":"post-19886","1":"product","2":"type-product","3":"status-publish","4":"has-post-thumbnail","6":"product_cat-art-ancien","7":"disponibilita-si","8":"description-off","10":"first","11":"instock","12":"shipping-taxable","13":"purchasable","14":"product-type-simple"},"acf":[],"_links":{"self":[{"href":"https:\/\/www.fivecontinentseditions.com\/fr\/wp-json\/wp\/v2\/product\/19886","targetHints":{"allow":["GET"]}}],"collection":[{"href":"https:\/\/www.fivecontinentseditions.com\/fr\/wp-json\/wp\/v2\/product"}],"about":[{"href":"https:\/\/www.fivecontinentseditions.com\/fr\/wp-json\/wp\/v2\/types\/product"}],"wp:featuredmedia":[{"embeddable":true,"href":"https:\/\/www.fivecontinentseditions.com\/fr\/wp-json\/wp\/v2\/media\/24724"}],"wp:attachment":[{"href":"https:\/\/www.fivecontinentseditions.com\/fr\/wp-json\/wp\/v2\/media?parent=19886"}],"wp:term":[{"taxonomy":"product_brand","embeddable":true,"href":"https:\/\/www.fivecontinentseditions.com\/fr\/wp-json\/wp\/v2\/product_brand?post=19886"},{"taxonomy":"product_cat","embeddable":true,"href":"https:\/\/www.fivecontinentseditions.com\/fr\/wp-json\/wp\/v2\/product_cat?post=19886"},{"taxonomy":"product_tag","embeddable":true,"href":"https:\/\/www.fivecontinentseditions.com\/fr\/wp-json\/wp\/v2\/product_tag?post=19886"}],"curies":[{"name":"wp","href":"https:\/\/api.w.org\/{rel}","templated":true}]}}