{"id":19731,"date":"2020-10-14T05:00:00","date_gmt":"2020-10-14T05:00:00","guid":{"rendered":"https:\/\/www.fivecontinentseditions.com\/?post_type=product&#038;p=19731"},"modified":"2025-11-25T00:51:26","modified_gmt":"2025-11-25T00:51:26","slug":"loving","status":"publish","type":"product","link":"https:\/\/www.fivecontinentseditions.com\/fr\/p\/loving\/","title":{"rendered":"LOVING"},"content":{"rendered":"<p><em>LOVING\u00a0<\/em>est un r\u00e9cit visuel d\u2019une sensibilit\u00e9 rare. Il met en lumi\u00e8re le caract\u00e8re exceptionnel d\u2019une collection in\u00e9dite de photographies prises entre 1850 et 1950, qui illustrent le sentiment amoureux dans les contextes les plus divers (cadre domestique, militaire, parcs, plages\u2026). Nous savons tous ce que signifie tomber amoureux, aimer, manifester ses sentiments, et tous ceux qui feuill\u00e8tent\u00a0<em>LOVING\u00a0<\/em>en ont une conscience aigu\u00eb. Aimer, s\u2019aimer devient le seul paradigme que tous les hommes ont en commun, le sentiment et les \u00e9motions qui en d\u00e9rivent sont imp\u00e9tueux, absolus, et parfois inexprimables.<\/p>\n<p>Le lecteur est accueilli dans le storytelling photographique par une pr\u00e9face de Paolo Maria Noseda et par un texte de Hugh Nini et Neal Treadwell, le couple de collectionneurs texans r\u00e9sidant \u00e0 New York qui, depuis plus de vingt ans, rassemble des photographies illustrant l\u2019amour romantique entre hommes.<\/p>\n<p>N\u00e9e de mani\u00e8re tout \u00e0 fait fortuite \u2013 les premiers clich\u00e9s furent achet\u00e9s sur des march\u00e9s aux puces \u2013, la collection r\u00e9unit des photographies qui ne se rapportent pas seulement au territoire am\u00e9ricain, mais aussi \u00e0 des pays tels que l\u2019Australie, la Bulgarie, le Canada, la Croatie, la France, l\u2019Allemagne, le Japon, la Gr\u00e8ce, la Lettonie, le Royaume-Uni, la Russie et la Serbie.<\/p>\n<p>Si, dans la plupart des cas, les couples constituent le sujet exclusif de l\u2019image, les exemples ne manquent pas o\u00f9 d\u2019autres personnages apparaissent dans le r\u00f4le, \u00e0 peine voil\u00e9, de t\u00e9moins. \u00c0 cela s\u2019ajoute le regard du photographe, qui repr\u00e9sente parfois la seule personne en mesure de fixer ce qui se livre au regard. Le lecteur ne peut faire abstraction de la contextualisation chronologique des clich\u00e9s ni de la r\u00e9flexion li\u00e9e au fait que derri\u00e8re chacun d\u2019eux se cache une histoire d\u2019amour souvent interdite, un amour difficile, des \u00e9motions \u00e9touff\u00e9es.<\/p>\n<p>Les images qui rythment l\u2019ouvrage mettent en lumi\u00e8re les in\u00e9vitables transformations dans les domaines de la mode, de la coiffure et du design automobile.<\/p>\n<p><a href=\"https:\/\/i-m-magazine.com\/culture\/loving-a-photographic-history-of-men-in-love-1850s-1950s\/\" target=\"_blank\" rel=\"noopener\">Hidden archives of tenderness across time &#8211; I-M-magazine.com<\/a><\/p>\n","protected":false},"excerpt":{"rendered":"<p>LOVING\u00a0est un r\u00e9cit visuel d\u2019une sensibilit\u00e9 rare. Il met en lumi\u00e8re le caract\u00e8re exceptionnel d\u2019une collection in\u00e9dite de photographies prises entre 1850 et 1950, qui illustrent le sentiment amoureux dans les contextes les plus divers (cadre domestique, militaire, parcs, plages\u2026). Nous savons tous ce que signifie tomber amoureux, aimer, manifester ses sentiments, et tous ceux&hellip;<\/p>\n","protected":false},"featured_media":24545,"template":"","meta":{"_acf_changed":false,"inline_featured_image":false},"product_brand":[],"product_cat":[73],"product_tag":[],"class_list":{"0":"post-19731","1":"product","2":"type-product","3":"status-publish","4":"has-post-thumbnail","6":"product_cat-photographie","7":"disponibilita-si","8":"description-off","10":"first","11":"instock","12":"shipping-taxable","13":"purchasable","14":"product-type-simple"},"acf":[],"_links":{"self":[{"href":"https:\/\/www.fivecontinentseditions.com\/fr\/wp-json\/wp\/v2\/product\/19731","targetHints":{"allow":["GET"]}}],"collection":[{"href":"https:\/\/www.fivecontinentseditions.com\/fr\/wp-json\/wp\/v2\/product"}],"about":[{"href":"https:\/\/www.fivecontinentseditions.com\/fr\/wp-json\/wp\/v2\/types\/product"}],"wp:featuredmedia":[{"embeddable":true,"href":"https:\/\/www.fivecontinentseditions.com\/fr\/wp-json\/wp\/v2\/media\/24545"}],"wp:attachment":[{"href":"https:\/\/www.fivecontinentseditions.com\/fr\/wp-json\/wp\/v2\/media?parent=19731"}],"wp:term":[{"taxonomy":"product_brand","embeddable":true,"href":"https:\/\/www.fivecontinentseditions.com\/fr\/wp-json\/wp\/v2\/product_brand?post=19731"},{"taxonomy":"product_cat","embeddable":true,"href":"https:\/\/www.fivecontinentseditions.com\/fr\/wp-json\/wp\/v2\/product_cat?post=19731"},{"taxonomy":"product_tag","embeddable":true,"href":"https:\/\/www.fivecontinentseditions.com\/fr\/wp-json\/wp\/v2\/product_tag?post=19731"}],"curies":[{"name":"wp","href":"https:\/\/api.w.org\/{rel}","templated":true}]}}