{"id":19585,"date":"2020-05-27T05:00:00","date_gmt":"2020-05-27T05:00:00","guid":{"rendered":"https:\/\/www.fivecontinentseditions.com\/?post_type=product&#038;p=19585"},"modified":"2020-06-12T17:34:45","modified_gmt":"2020-06-12T17:34:45","slug":"resonances-2","status":"publish","type":"product","link":"https:\/\/www.fivecontinentseditions.com\/fr\/p\/resonances-2\/","title":{"rendered":"Resonances"},"content":{"rendered":"<p>Apr\u00e8s le succ\u00e8s de l\u2019exposition <em>Before Time Began<\/em>, la Fondation Opale se lance dans une nouvelle aventure en faisant dialoguer l\u2019art aborig\u00e8ne contemporain avec les expressions artistiques les plus importantes de la contemporan\u00e9it\u00e9 qui ont vu le jour dans des contextes occidentaux et, parfois, orientaux. Les \u0153uvres pr\u00e9sent\u00e9es font partie de deux collections distinctes, mais poss\u00e8dent toutes les deux une grande beaut\u00e9 et une signification profonde\u00a0: la collection d\u2019art aborig\u00e8ne appartient \u00e0 B\u00e9reng\u00e8re Primat, celle d\u2019art contemporain \u00e0 Garance Primat.<\/p>\n<p>Ce sont de v\u00e9ritables r\u00e9sonances que l\u2019on per\u00e7oit \u2013 avec les yeux et les mouvements de l\u2019\u00e2me \u2013 en observant ces \u0153uvres qui malgr\u00e9 leurs g\u00e9n\u00e9alogies diff\u00e9rentes parviennent \u00e0 construire un dialogue efficace et d\u2019une grande puissance. Le lien qui se cr\u00e9e sugg\u00e8re une unit\u00e9\u00a0: le ciel et la terre se rencontrent, et les hommes aussi se rencontrent, non seulement entre eux mais avec la terre et l\u2019univers. Une circularit\u00e9 infinie qui engendre une harmonie.<\/p>\n<p>Tel est le point de d\u00e9part du volume<em>R\u00e9sonances<\/em>qui accompagne l\u2019exposition du m\u00eame nom et qui s\u2019inspire de la pens\u00e9e suivante de Gulumbu Yunupingu, artiste yolngu de la Terre d\u2019Arnhem (Australie du Nord)\u00a0:<\/p>\n<p>\u00ab\u00a0[\u2026] J&rsquo;ai regard\u00e9 l&rsquo;univers, j&rsquo;ai regard\u00e9 cet endroit la Terre, les gens et les \u00e9toiles et je me suis dit\u00a0: on est exactement comme les \u00e9toiles. Group\u00e9s ensemble, tout pr\u00e8s les uns des autres. En fait on n&rsquo;est qu&rsquo;un, comme les \u00e9toiles. Nous sommes si nombreux \u00e0 vivre sur la Terre. La terre, la mer, le ciel, c&rsquo;est un continuum. C&rsquo;est une seule et m\u00eame chose [&#8230;].\u00a0\u00bb<\/p>\n<p>Gr\u00e2ce aux quelque quatre-vingts \u0153uvres d\u2019art s\u00e9lectionn\u00e9es et approfondies dans le volume, r\u00e9alis\u00e9es par cinquante-quatre artistes, Georges Petitjean, Herv\u00e9 Mikaeloff et Ingrid Pux auront la possibilit\u00e9 de mettre en lumi\u00e8re la poudre stellaire et la cro\u00fbte terrestre que nous sommes et dont les \u0153uvres d\u2019art se font les porte-parole.\u00a0Parmi les artistes aborig\u00e8nes expos\u00e9s se trouvent Rover Thomas, Gulumbu Yunupingu, Clifford Possum Tjapaltjarri, Judy Watson, Sally Gabori, Emily Kame Kngwarreye, Paddy Bedford, Nonggirrnga Marawili, Ronnie Tjampitjinpa et John Mawurndjul. Et parmi les artistes de traditions occidentale et orientale\u00a0:Jean Dubuffet, Kiki Smith, Anselm Kiefer, Sol LeWitt, Yayoi Kusama, Giuseppe Penone, Anish Kapoor.<\/p>\n<p>&nbsp;<\/p>\n<p><strong>Jean-Hubert Martin\u00a0<\/strong>est un historien de l\u2019art d\u2019envergure internationale. Son nom est li\u00e9 \u00e0 sa remarquable contribution \u00e0 l\u2019exposition que le Grand Palais d\u00e9dia \u00e0 Francis Picabia en 1976 ainsi qu\u2019aux innovations qu\u2019il a apport\u00e9 dans le domaine de la mus\u00e9ologie au cours des ann\u00e9es quatre-vingt. On rappellera encore son r\u00f4le dans l\u2019organisation de l\u2019exposition\u00a0<em>Magiciens de la Terre\u00a0<\/em>(1989), pr\u00e9sent\u00e9e au Centre Georges-Pompidou et \u00e0 la Grande Halle de la Villette et qui s\u2019inscrivait dans un courant d\u2019int\u00e9r\u00eat croissant pour les arts primitifs. Derni\u00e8rement, il a travaill\u00e9 comme commissaire ind\u00e9pendant et a exerc\u00e9 des fonctions institutionnelles dans des contextes historiques et artistiques de premier plan.<\/p>\n<p><strong>Georges Petitjean\u00a0<\/strong>est historien de l\u2019art, titulaire d\u2019un doctorat de recherche sur l\u2019art du d\u00e9sert australien occidental. Il a pour principal sujet de recherche le parcours qui a conduit l\u2019art aborig\u00e8ne des origines \u00e0 l\u2019univers de l\u2019art contemporain. De 2005 \u00e0 2017, il a exerc\u00e9 les fonctions de conservateur au mus\u00e9e d\u2019Art contemporain aborig\u00e8ne (AAMU) d\u2019Utrecht. Depuis 2017, il est le conservateur de la collection B\u00e9reng\u00e8re Primat, l\u2019une des plus importantes collections d\u2019art aborig\u00e8ne au monde.<\/p>\n<p><strong>Herv\u00e9 Mikaeloff\u00a0<\/strong>est commissaire et conseiller artistique ind\u00e9pendant. Parmi ses clients les plus prestigieux figure la Fondation Louis Vuitton de Paris, avec laquelle il collabore depuis sa cr\u00e9ation. En 2011, il a \u00e9t\u00e9 nomm\u00e9 chevalier de l\u2019Ordre des Arts et Lettres par le ministre de la Culture. Entre 2010 et 2014, il a organis\u00e9 la premi\u00e8re exposition d\u2019art contemporain provenant d\u2019Azerba\u00efdjan, qui a \u00e9t\u00e9 pr\u00e9sent\u00e9e dans plusieurs capitales europ\u00e9ennes, et a \u00e9t\u00e9 le commissaire du pavillon de l\u2019Azerba\u00efdjan \u00e0 la Biennale de Venise. Depuis 2018, il est le conservateur de la collection Dragonfly de Garance Primat au domaine des \u00c9tangs \u00e0 Massignac (Charente) o\u00f9 il a organis\u00e9 l\u2019exposition<em>Poussi\u00e8res d\u2019\u00e9toiles\u00a0<\/em>en 2018 et a \u00e9t\u00e9 l\u2019un des deux commissaires de l\u2019exposition <em>La Lumi\u00e8re des mondes\u00a0<\/em>en 2019<\/p>\n<p><strong>Ingrid Pux\u00a0<\/strong>est commissaire d\u2019art ind\u00e9pendant \u0153uvrant au niveau international. En 2011, en qualit\u00e9 de directrice de l\u2019Espace Louis Vuitton de Tokyo, elle en a d\u00e9velopp\u00e9 le programme culturel et y a dirig\u00e9 la premi\u00e8re exposition, consacr\u00e9e \u00e0 Xavier Veilhan. \u00c0 partir de 2012, elle a collabor\u00e9 avec Herv\u00e9 Mikaeloff en qualit\u00e9 de directrice d\u2019expositions\u00a0; elle a notamment pris part \u00e0 l\u2019\u00e9laboration de <em>Miss Dior<\/em>, exposition pr\u00e9sent\u00e9e \u00e0 Paris au Grand Palais, puis \u00e0 Shanghai et \u00e0 P\u00e9kin. Elle a \u00e9galement organis\u00e9 les expositions <em>Poussi\u00e8res d\u2019\u00e9toiles <\/em>et <em>La Lumi\u00e8re des mondes\u00a0<\/em>au domaine des \u00c9tangs \u00e0 Massignac (Charente). Depuis 2019, en tant que conservatrice ind\u00e9pendante, elle collabore avec des artistes visuels accueillis par diverses galeries parisiennes, dont elle souhaite pr\u00e9senter l\u2019\u0153uvre dans des espaces inattendus.<\/p>\n","protected":false},"excerpt":{"rendered":"<p>Apr\u00e8s le succ\u00e8s de l\u2019exposition Before Time Began, la Fondation Opale se lance dans une nouvelle aventure en faisant dialoguer l\u2019art aborig\u00e8ne contemporain avec les expressions artistiques les plus importantes de la contemporan\u00e9it\u00e9 qui ont vu le jour dans des contextes occidentaux et, parfois, orientaux. Les \u0153uvres pr\u00e9sent\u00e9es font partie de deux collections distinctes, mais&hellip;<\/p>\n","protected":false},"featured_media":24432,"template":"","meta":{"_acf_changed":false,"inline_featured_image":false},"product_brand":[],"product_cat":[57],"product_tag":[],"class_list":{"0":"post-19585","1":"product","2":"type-product","3":"status-publish","4":"has-post-thumbnail","6":"product_cat-art-contemporain","7":"disponibilita-si","8":"description-off","10":"first","11":"instock","12":"shipping-taxable","13":"purchasable","14":"product-type-simple"},"acf":[],"_links":{"self":[{"href":"https:\/\/www.fivecontinentseditions.com\/fr\/wp-json\/wp\/v2\/product\/19585","targetHints":{"allow":["GET"]}}],"collection":[{"href":"https:\/\/www.fivecontinentseditions.com\/fr\/wp-json\/wp\/v2\/product"}],"about":[{"href":"https:\/\/www.fivecontinentseditions.com\/fr\/wp-json\/wp\/v2\/types\/product"}],"wp:featuredmedia":[{"embeddable":true,"href":"https:\/\/www.fivecontinentseditions.com\/fr\/wp-json\/wp\/v2\/media\/24432"}],"wp:attachment":[{"href":"https:\/\/www.fivecontinentseditions.com\/fr\/wp-json\/wp\/v2\/media?parent=19585"}],"wp:term":[{"taxonomy":"product_brand","embeddable":true,"href":"https:\/\/www.fivecontinentseditions.com\/fr\/wp-json\/wp\/v2\/product_brand?post=19585"},{"taxonomy":"product_cat","embeddable":true,"href":"https:\/\/www.fivecontinentseditions.com\/fr\/wp-json\/wp\/v2\/product_cat?post=19585"},{"taxonomy":"product_tag","embeddable":true,"href":"https:\/\/www.fivecontinentseditions.com\/fr\/wp-json\/wp\/v2\/product_tag?post=19585"}],"curies":[{"name":"wp","href":"https:\/\/api.w.org\/{rel}","templated":true}]}}