{"id":19569,"date":"2020-05-15T05:00:00","date_gmt":"2020-05-15T05:00:00","guid":{"rendered":"https:\/\/www.fivecontinentseditions.com\/?post_type=product&#038;p=19569"},"modified":"2024-01-03T22:27:27","modified_gmt":"2024-01-03T22:27:27","slug":"ndary-lo","status":"publish","type":"product","link":"https:\/\/www.fivecontinentseditions.com\/fr\/p\/ndary-lo\/","title":{"rendered":"Ndary Lo"},"content":{"rendered":"<p>Ndary Lo, \u00a0n\u00e9 en 1961 \u00e0 Tivaouane (S\u00e9n\u00e9gal) et mort en juin 2017 \u00e0 Lyon (France), est c\u00e9l\u00e9br\u00e9 comme un sculpteur de grand talent dont la renomm\u00e9e a largement d\u00e9pass\u00e9 les fronti\u00e8res de son pays natal.Il nous a laiss\u00e9 de son trop court passage terrestre tout un peuplement de figures longilignes et beaucoup de points d\u2019interrogation.<\/p>\n<p>Son \u0153uvre, trop partialement r\u00e9duite \u00e0 la seule silhouette de ses <em>Marcheurs<\/em>, est celle d\u2019un v\u00e9ritable d\u00e9miurge. Cet artiste s\u2019est exprim\u00e9 par ses sculptures mais \u00e9galement par des installations sur lesquelles on ne trouve que peu de publications.<\/p>\n<p>Ce livre n\u2019entend pas dresser un tableau critique ni exhaustif de l\u2019ensemble de son \u0153uvre, il souhaite en faire d\u00e9couvrir certains aspects peu ou pas connus. Il veut donner \u00e0 voir un artiste \u00e0 la personnalit\u00e9 complexe dont la cr\u00e9ation, particuli\u00e8rement diverse, est le fruit d\u2019une longue maturation et d\u2019une permanente remise en question, tout \u00e0 la fois technique et intellectuelle.<\/p>\n<p>Les diff\u00e9rentes facettes de son \u0153uvre sont abord\u00e9es par des personnes qui ont \u00e9t\u00e9 proches de l\u2019artiste et qui l\u2019ont personnellement bien connu, voire longuement suivi. Plusieurs l\u2019ont assist\u00e9 dans la r\u00e9alisation de certaines de ses \u0153uvres majeures et cet ouvrage entend combler un vide laiss\u00e9 b\u00e9ant par sa mort pr\u00e9matur\u00e9e.<\/p>\n<p>Aux essais de ces auteurs reconnus, s\u2019ajoutent une somme d\u2019\u00e9l\u00e9ments biographiques jamais compil\u00e9s \u00e0 ce jour et de multiples photographies qui permettent de situer l\u2019artiste, et ses \u0153uvres, dans leur univers et dans le n\u00f4tre.<\/p>\n<p>Hommage, sans verser dans l\u2019hagiographie, \u00e0 l\u2019heure o\u00f9 les \u0153uvres des artistes africains commencent \u00e0 prendre une place reconnue sur le march\u00e9 international de l\u2019art, il \u00e9tait bon que cet ouvrage repr\u00e9sente un nouveau jalon pour la reconnaissance de cet artiste d\u00e9j\u00e0 consid\u00e9r\u00e9 comme l\u2019un des plus importants de son pays.<\/p>\n<p>Ce livre permet d\u2019entrer en r\u00e9sonance avec la pens\u00e9e intime de l\u2019artiste, de saisir ses intentions et de suivre les arcanes de son processus cr\u00e9atif. Ses carnets de notes nourrissent le d\u00e9roul\u00e9 de l\u2019ouvrage, la trame de certains essais et sont des documents visuels qui compl\u00e8tent la riche iconographie permettant de saisir l\u2019\u0153uvre de Ndary Lo dans sa diversit\u00e9.<\/p>\n<p>Photos de sculptures embl\u00e9matiques de l\u2019artiste, connues ou moins connues, photos d\u2019archives qui montrent des \u0153uvres <em>in situ\u00a0<\/em>lors d\u2019installations qui ont fait date, sont pr\u00e9sent\u00e9es soit en vis-\u00e0-vis des textes quand elles leur apportent un \u00e9clairage sp\u00e9cifique, soit dans une partie d\u00e9di\u00e9e \u00e0 un th\u00e8me. Elles ont le pouvoir de saisir un artiste dans son <em>envol<\/em>, une th\u00e9matique ch\u00e8re \u00e0 Ndary Lo.<\/p>\n","protected":false},"excerpt":{"rendered":"<p>Ndary Lo, \u00a0n\u00e9 en 1961 \u00e0 Tivaouane (S\u00e9n\u00e9gal) et mort en juin 2017 \u00e0 Lyon (France), est c\u00e9l\u00e9br\u00e9 comme un sculpteur de grand talent dont la renomm\u00e9e a largement d\u00e9pass\u00e9 les fronti\u00e8res de son pays natal.Il nous a laiss\u00e9 de son trop court passage terrestre tout un peuplement de figures longilignes et beaucoup de points&hellip;<\/p>\n","protected":false},"featured_media":24350,"template":"","meta":{"_acf_changed":false,"inline_featured_image":false},"product_brand":[],"product_cat":[57],"product_tag":[],"class_list":{"0":"post-19569","1":"product","2":"type-product","3":"status-publish","4":"has-post-thumbnail","6":"product_cat-art-contemporain","7":"disponibilita-si","8":"description-off","10":"first","11":"instock","12":"shipping-taxable","13":"purchasable","14":"product-type-simple"},"acf":[],"_links":{"self":[{"href":"https:\/\/www.fivecontinentseditions.com\/fr\/wp-json\/wp\/v2\/product\/19569","targetHints":{"allow":["GET"]}}],"collection":[{"href":"https:\/\/www.fivecontinentseditions.com\/fr\/wp-json\/wp\/v2\/product"}],"about":[{"href":"https:\/\/www.fivecontinentseditions.com\/fr\/wp-json\/wp\/v2\/types\/product"}],"wp:featuredmedia":[{"embeddable":true,"href":"https:\/\/www.fivecontinentseditions.com\/fr\/wp-json\/wp\/v2\/media\/24350"}],"wp:attachment":[{"href":"https:\/\/www.fivecontinentseditions.com\/fr\/wp-json\/wp\/v2\/media?parent=19569"}],"wp:term":[{"taxonomy":"product_brand","embeddable":true,"href":"https:\/\/www.fivecontinentseditions.com\/fr\/wp-json\/wp\/v2\/product_brand?post=19569"},{"taxonomy":"product_cat","embeddable":true,"href":"https:\/\/www.fivecontinentseditions.com\/fr\/wp-json\/wp\/v2\/product_cat?post=19569"},{"taxonomy":"product_tag","embeddable":true,"href":"https:\/\/www.fivecontinentseditions.com\/fr\/wp-json\/wp\/v2\/product_tag?post=19569"}],"curies":[{"name":"wp","href":"https:\/\/api.w.org\/{rel}","templated":true}]}}