{"id":19566,"date":"2020-05-15T05:00:00","date_gmt":"2020-05-15T05:00:00","guid":{"rendered":"https:\/\/www.fivecontinentseditions.com\/?post_type=product&#038;p=19566"},"modified":"2023-12-17T15:35:09","modified_gmt":"2023-12-17T15:35:09","slug":"images-du-dahomey","status":"publish","type":"product","link":"https:\/\/www.fivecontinentseditions.com\/fr\/p\/images-du-dahomey\/","title":{"rendered":"Images du Dahomey"},"content":{"rendered":"<p>Le photographe Edmond Fortier est n\u00e9 dans les Vosges (France) en 1862, mais s\u2019est install\u00e9 \u00e0 Dakar, dans la colonie fran\u00e7aise du S\u00e9n\u00e9gal, en Afrique occidentale, au cours de la derni\u00e8re d\u00e9cennie du XIX<sup>e<\/sup>\u00a0si\u00e8cle. Il nous a laiss\u00e9 un corpus de plus de 4\u00a0000\u00a0images, publi\u00e9es pour la plupart sous forme de cartes postales. Les n\u00e9gatifs originaux n\u2019ayant pas \u00e9t\u00e9 retrouv\u00e9s pour l\u2019instant, l\u2019\u00e9tude de sa production implique la collecte et la mise en ordre d\u2019objets dispers\u00e9s, depuis plus de cent ans, sous forme de correspondance.<\/p>\n<p>Ce livre s\u2019en tient \u00e0 une s\u00e9lection bien pr\u00e9cise\u00a0: les clich\u00e9s pris en 1908 et 1909 dans ce qui \u00e9tait alors la colonie fran\u00e7aise du Dahomey. Fortier, qui avait quarante-six ans, \u00e9tait alors un photographe exp\u00e9riment\u00e9. Il avait beaucoup voyag\u00e9 en Afrique de l\u2019Ouest, visitant m\u00eame la cit\u00e9 recul\u00e9e de Tombouctou, aux confins du d\u00e9sert du Sahara, en 1906. Professionnel ind\u00e9pendant, \u00e9diteur et petit entrepreneur, il a produit ses cartes postales en France et les a vendues dans sa papeterie \u00e0 Dakar aux touristes des navires transatlantiques faisant escale en ville et aux Europ\u00e9ens vivant en Afrique. En 1908 et en 1909, Edmond Fortier a effectu\u00e9 deux voyages en Afrique de l\u2019Ouest, dans la colonie du Dahomey, aujourd\u2019hui r\u00e9publique du B\u00e9nin. Accompagnant les autorit\u00e9s coloniales fran\u00e7aises, il quitte la capitale s\u00e9n\u00e9galaise Dakar, o\u00f9 il r\u00e9side, et se met \u00e0 photographier la rencontre de la d\u00e9l\u00e9gation avec les populations du Dahomey, y compris des rois et des ministres\u00a0; il enregistre des c\u00e9r\u00e9monies, des c\u00e9l\u00e9brations et des sc\u00e8nes de la vie quotidienne. La compilation de ces images, diffus\u00e9es \u00e0 l\u2019origine sous forme de cartes postales, se justifie par leur valeur documentaire, du point de vue historique et ethnographique. Bien que Fortier soit un \u00e9tranger qui n\u2019a pass\u00e9 que quelques jours au Dahomey, ses photographies \u2013\u00a0encore peu \u00e9tudi\u00e9es\u00a0\u2013 contribuent \u00e0 \u00e9largir notre connaissance de l\u2019histoire du B\u00e9nin au d\u00e9but du XX<sup>e<\/sup>\u00a0si\u00e8cle. Il s\u2019est probablement souvent immisc\u00e9 dans les situations repr\u00e9sent\u00e9es, cr\u00e9ant des jeux de r\u00f4le, car, d\u00e9tenteur d\u2019une technologie de pointe \u00e0 m\u00eame de cataloguer et de classer \u00ab\u00a0l\u2019autre\u00a0\u00bb, il \u00e9tait un repr\u00e9sentant embl\u00e9matique de la domination coloniale. D\u2019autre part, \u00e0 l\u2019inverse, intentionnellement ou non, sa fa\u00e7on de travailler a eu pour effet de permettre de documenter les expressions de la culture et de la religiosit\u00e9 africaines, contribuant ainsi \u00e0 la m\u00e9moire collective des habitants de cette r\u00e9gion. Comme nous le verrons, gr\u00e2ce \u00e0 des circonstances favorables, Fortier a pu photographier d\u2019importantes c\u00e9r\u00e9monies du culte vodun. En outre, il fournit des vues de divers endroits comme Cotonou, Uid\u00e1, Alad\u00e1, Abom\u00e9 et Sak\u00e9t\u00e9. Quant \u00e0 la vie quotidienne de la population, il a visit\u00e9 de pr\u00e8s le march\u00e9 de Porto-Novo et a document\u00e9 le passage d\u2019embarcations traversant le lac Noku\u00e9 (N\u0254xwe).<\/p>\n<p>&nbsp;<\/p>\n<p><strong>Daniela Moreau<\/strong>\u00a0est historienne. Depuis 1995, elle fait des voyages de recherche sur le continent africain, sp\u00e9cialement au Sahel et en Afrique de l\u2019Ouest. Elle vit et travaille \u00e0 S\u00e3o\u00a0Paulo, Br\u00e9sil, o\u00f9 elle a fond\u00e9 et coordonn\u00e9 pendant dix ans l\u2019ONG Casa das \u00c1fricas. Actuellement, elle dirige le projet Acervo \u00c1frica, qui met \u00e0 la disposition des chercheurs une collection de plus de 1\u00a0500\u00a0pi\u00e8ces de culture mat\u00e9rielle africaine contemporaine. Depuis 2003, elle se consacre \u00e0 la reconstitution et \u00e0 l\u2019\u00e9tude de l\u2019\u0153uvre photographique d\u2019Edmond Fortier (Celles-sur-Plaine, 1862 \u2013 Dakar, 1928). <em>Fortier, photographe. De Conakry \u00e0 Tombouctou <\/em>est son premier livre traduit en fran\u00e7ais.<\/p>\n<p><strong>Nicolau Par\u00e9s<\/strong>\u00a0est professeur au d\u00e9partement d\u2019anthropologie de l\u2019Universidade Federal da Bahia. Il est sp\u00e9cialis\u00e9 dans l\u2019histoire africaine.<\/p>\n","protected":false},"excerpt":{"rendered":"<p>Le photographe Edmond Fortier est n\u00e9 dans les Vosges (France) en 1862, mais s\u2019est install\u00e9 \u00e0 Dakar, dans la colonie fran\u00e7aise du S\u00e9n\u00e9gal, en Afrique occidentale, au cours de la derni\u00e8re d\u00e9cennie du XIXe\u00a0si\u00e8cle. Il nous a laiss\u00e9 un corpus de plus de 4\u00a0000\u00a0images, publi\u00e9es pour la plupart sous forme de cartes postales. Les n\u00e9gatifs&hellip;<\/p>\n","protected":false},"featured_media":24306,"template":"","meta":{"_acf_changed":false,"inline_featured_image":false},"product_brand":[],"product_cat":[73],"product_tag":[],"class_list":{"0":"post-19566","1":"product","2":"type-product","3":"status-publish","4":"has-post-thumbnail","6":"product_cat-photographie","7":"disponibilita-si","8":"description-off","10":"first","11":"instock","12":"shipping-taxable","13":"purchasable","14":"product-type-simple"},"acf":[],"_links":{"self":[{"href":"https:\/\/www.fivecontinentseditions.com\/fr\/wp-json\/wp\/v2\/product\/19566","targetHints":{"allow":["GET"]}}],"collection":[{"href":"https:\/\/www.fivecontinentseditions.com\/fr\/wp-json\/wp\/v2\/product"}],"about":[{"href":"https:\/\/www.fivecontinentseditions.com\/fr\/wp-json\/wp\/v2\/types\/product"}],"wp:featuredmedia":[{"embeddable":true,"href":"https:\/\/www.fivecontinentseditions.com\/fr\/wp-json\/wp\/v2\/media\/24306"}],"wp:attachment":[{"href":"https:\/\/www.fivecontinentseditions.com\/fr\/wp-json\/wp\/v2\/media?parent=19566"}],"wp:term":[{"taxonomy":"product_brand","embeddable":true,"href":"https:\/\/www.fivecontinentseditions.com\/fr\/wp-json\/wp\/v2\/product_brand?post=19566"},{"taxonomy":"product_cat","embeddable":true,"href":"https:\/\/www.fivecontinentseditions.com\/fr\/wp-json\/wp\/v2\/product_cat?post=19566"},{"taxonomy":"product_tag","embeddable":true,"href":"https:\/\/www.fivecontinentseditions.com\/fr\/wp-json\/wp\/v2\/product_tag?post=19566"}],"curies":[{"name":"wp","href":"https:\/\/api.w.org\/{rel}","templated":true}]}}