{"id":19473,"date":"2020-03-26T05:00:00","date_gmt":"2020-03-26T05:00:00","guid":{"rendered":"https:\/\/www.fivecontinentseditions.com\/?post_type=product&#038;p=19473"},"modified":"2020-09-02T10:03:05","modified_gmt":"2020-09-02T10:03:05","slug":"the-american-west-in-art","status":"publish","type":"product","link":"https:\/\/www.fivecontinentseditions.com\/fr\/p\/the-american-west-in-art\/","title":{"rendered":"The American West in Art"},"content":{"rendered":"<p>Ce volume r\u00e9unit un choix d\u2019\u0153uvres d\u2019art qui se rapportent \u00e0 la production artistique de l\u2019Ouest am\u00e9ricain et qui font partie de la collection du Petrie Institute of Western American Art conserv\u00e9e au Denver Art Museum. Cette collection est l\u2019une des plus riches et des plus significatives du monde sur ce th\u00e8me, gr\u00e2ce \u00e0 l\u2019importance de ses sculptures en bronze, de ses \u0153uvres du d\u00e9but de la modernit\u00e9 et des t\u00e9moignages laiss\u00e9s par les communaut\u00e9s artistiques de Taos et de Santa Fe. Le th\u00e8me directeur du livre est d\u00e9clin\u00e9 dans la p\u00e9riode comprise entre le d\u00e9but du XIX<sup>e\u00a0<\/sup>si\u00e8cle et le milieu du suivant.<\/p>\n<p>Le caract\u00e8re h\u00e9t\u00e9rog\u00e8ne de la collection se manifeste d\u00e8s que le lecteur commence \u00e0 feuilleter les quelque deux cents pages consacr\u00e9es \u00e0 des portraits, des sc\u00e8nes de genre, des paysages et autres peintures de lieux encore sauvages\u2026 La narration proc\u00e8de de mani\u00e8re chronologique et pr\u00e9sente les figures des c\u00e9l\u00e9brit\u00e9s (Albert Bierstadt, Frederic Remington et Charles M. Russell), celles d\u2019hommes influents (Robert Henri et les artistes de la communaut\u00e9 Taos) et de peintres modernistes particuli\u00e8rement importants (Maynard Dixon, Marsden Hartley et Raymond Jonson entre autres).<\/p>\n<p>En observant les illustrations et en lisant les textes de sp\u00e9cialistes, le climat artistique, culturel et identitaire de l\u2019Ouest am\u00e9ricain de l\u2019\u00e9poque appara\u00eet avec nettet\u00e9. Le prologue de l\u2019historien Dan Flores et l\u2019\u00e9pilogue de l\u2019historienne de l\u2019art Erika Doss mettent en lumi\u00e8re le contexte plus large dans lequel s\u2019inscrit l\u2019histoire de l\u2019art de l\u2019Ouest am\u00e9ricain.<\/p>\n<p>Ce volume est publi\u00e9 \u00e0 l\u2019occasion des expositions itin\u00e9rantes qui d\u00e9buteront en 2020 et de l\u2019ouverture en 2021 de la nouvelle section consacr\u00e9e \u00e0 la production artistique de l\u2019Ouest am\u00e9ricain au Denver Art Museum.<\/p>\n<p>&nbsp;<\/p>\n<p><strong>Thomas Brent Smith<\/strong> dirige le Petrie Institute of Western American Art du Denver Art Museum. Depuis 2008, ann\u00e9e o\u00f9 Smith a commenc\u00e9 \u00e0 travailler pour cet \u00e9tablissement, l\u2019institut a connu un d\u00e9veloppement sans pr\u00e9c\u00e9dent. Il a \u00e9t\u00e9 le commissaire d\u2019expositions pionni\u00e8res dont <em>The American West in Bronze, 1850\u20131925\u00a0<\/em>(2013) au Metropolitan Museum of Art et <em>The Western: An Epic in Art and Film\u00a0<\/em>(2017) au Montreal Museum of Fine Arts.<\/p>\n<p><strong>Jennifer R. Henneman<\/strong> est conservatrice adjointe au Petrie Institute of Western American Art du Denver Art Museum. En qualit\u00e9 de commissaire et de collectionneuse, elle a exerc\u00e9 diverses fonctions sein du Smithsonian American Art Museum, de la Morris Graves Foundation, de la Henry Art Gallery et du Victoria &amp; Albert Museum.<\/p>\n<p><strong>Erika Doss<\/strong> est enseignante aupr\u00e8s du d\u00e9partement d\u2019\u00e9tudes am\u00e9ricaines de la University of Notre Dame. La diversit\u00e9 de ses int\u00e9r\u00eats pour la culture visuelle et l\u2019art am\u00e9ricains sont illustr\u00e9s par le nombre de ses publications parmi lesquelles <em>Benton, Pollock, and the Politics of Modernism: From Regionalism to Abstract Expressionism<\/em>\u00a0; <em>Spirit Poles and Flying Pigs: Art and Cultural Democracy in American Communities<\/em>, et <em>American Art of the 20th-21th Centuries<\/em>.<\/p>\n<p><strong>Dan Flores<\/strong> est \u00e9crivain et professeur \u00e9m\u00e9rite d\u2019histoire de l\u2019Ouest am\u00e9ricain \u00e0 l\u2019universit\u00e9 du Montana. Il a publi\u00e9 des articles dans le <em>New York Times<\/em>, le <em>Los Angeles Times<\/em>, le <em>Chicago Tribune\u00a0<\/em>et a tenu une rubrique d\u2019histoire de l\u2019art de l\u2019Ouest dans le <em>Big Sky Journal\u00a0<\/em>pendant huit ans. Il est l\u2019auteur de dix livres, et son <em>Coyote America: A Natural and Supernatural History<\/em>a \u00e9t\u00e9 le best-seller du <em>New York Times.<\/em><\/p>\n<p><strong>Molly Medakovich<\/strong> exerce les fonctions de m\u00e9diatrice culturelle aupr\u00e8s du Denver Art Museum et d\u2019historienne de l\u2019art ind\u00e9pendante. R\u00e9cemment, en qualit\u00e9 de conseill\u00e8re free-lance en \u00e9tudes humanistes et d\u2019experte en communication, elle a pris part \u00e0 un projet num\u00e9rique de gallupARTS, subventionn\u00e9 par le National Endowment for the Humanities (NEH), afin de r\u00e9unir les collections d\u2019\u0153uvres d\u2019art New Deal de Gallup (Nouveau-Mexique) pour une exposition virtuelle.<\/p>\n","protected":false},"excerpt":{"rendered":"<p>Ce volume r\u00e9unit un choix d\u2019\u0153uvres d\u2019art qui se rapportent \u00e0 la production artistique de l\u2019Ouest am\u00e9ricain et qui font partie de la collection du Petrie Institute of Western American Art conserv\u00e9e au Denver Art Museum. Cette collection est l\u2019une des plus riches et des plus significatives du monde sur ce th\u00e8me, gr\u00e2ce \u00e0 l\u2019importance&hellip;<\/p>\n","protected":false},"featured_media":24086,"template":"","meta":{"_acf_changed":false,"inline_featured_image":false},"product_brand":[],"product_cat":[57],"product_tag":[],"class_list":{"0":"post-19473","1":"product","2":"type-product","3":"status-publish","4":"has-post-thumbnail","6":"product_cat-art-contemporain","7":"disponibilita-si","8":"description-off","10":"first","11":"outofstock","12":"shipping-taxable","13":"purchasable","14":"product-type-simple"},"acf":[],"_links":{"self":[{"href":"https:\/\/www.fivecontinentseditions.com\/fr\/wp-json\/wp\/v2\/product\/19473","targetHints":{"allow":["GET"]}}],"collection":[{"href":"https:\/\/www.fivecontinentseditions.com\/fr\/wp-json\/wp\/v2\/product"}],"about":[{"href":"https:\/\/www.fivecontinentseditions.com\/fr\/wp-json\/wp\/v2\/types\/product"}],"wp:featuredmedia":[{"embeddable":true,"href":"https:\/\/www.fivecontinentseditions.com\/fr\/wp-json\/wp\/v2\/media\/24086"}],"wp:attachment":[{"href":"https:\/\/www.fivecontinentseditions.com\/fr\/wp-json\/wp\/v2\/media?parent=19473"}],"wp:term":[{"taxonomy":"product_brand","embeddable":true,"href":"https:\/\/www.fivecontinentseditions.com\/fr\/wp-json\/wp\/v2\/product_brand?post=19473"},{"taxonomy":"product_cat","embeddable":true,"href":"https:\/\/www.fivecontinentseditions.com\/fr\/wp-json\/wp\/v2\/product_cat?post=19473"},{"taxonomy":"product_tag","embeddable":true,"href":"https:\/\/www.fivecontinentseditions.com\/fr\/wp-json\/wp\/v2\/product_tag?post=19473"}],"curies":[{"name":"wp","href":"https:\/\/api.w.org\/{rel}","templated":true}]}}