{"id":19470,"date":"2020-03-26T05:00:00","date_gmt":"2020-03-26T05:00:00","guid":{"rendered":"https:\/\/www.fivecontinentseditions.com\/?post_type=product&#038;p=19470"},"modified":"2020-04-10T09:49:24","modified_gmt":"2020-04-10T09:49:24","slug":"i-confratelli","status":"publish","type":"product","link":"https:\/\/www.fivecontinentseditions.com\/fr\/p\/i-confratelli\/","title":{"rendered":"I Confratelli"},"content":{"rendered":"<p>Au c\u0153ur de Naples, \u00e0 l\u2019ombre du Mus\u00e9e arch\u00e9ologique national, parmi les ruelles d\u2019une colline \u00e0 l\u2019habitat dense et \u00e0 la population nombreuse qui m\u00eale toutes les classes sociales, se dresse le monumental \u00e9difice cultuel de San Giuseppe dei Nudi. Il fut fond\u00e9 en 1785 gr\u00e2ce \u00e0 l\u2019archiconfr\u00e9rie de San Giuseppe dell\u2019Opera di Vestire i Nudi qui s\u2019occupait d\u2019\u0153uvres charitables depuis les ann\u00e9es 1740.<\/p>\n<p>N\u00e9e \u00e0 l\u2019instigation de son p\u00e8re spirituel Giuseppe Maria di San Carlo, un carm\u00e9lite d\u00e9chaux, et b\u00e9n\u00e9ficiant de l\u2019appui d\u2019aristocrates napolitains, la congr\u00e9gation avait pour objectif de prendre soin des pauvres et des n\u00e9cessiteux par le don de v\u00eatements. Elle poursuivit son activit\u00e9 jusqu\u2019\u00e0 la premi\u00e8re moiti\u00e9 du XX<sup>e\u00a0<\/sup>si\u00e8cle avant de se r\u00e9former.<\/p>\n<p>\u00catre un confr\u00e8re \u00e9tait un signe de statut social, l\u2019expression d\u2019une aptitude \u00e0 donner et \u00e0 venir en aide aux autres. Aujourd\u2019hui encore, une trace profonde de l\u2019action de cette congr\u00e9gation subsiste dans les portraits de ses bienfaiteurs qui, au cours des si\u00e8cles, ont voulu laisser un souvenir d\u2019eux-m\u00eames sur la toile. Ces tableaux d\u2019aristocrates, d\u2019hommes de loi, d\u2019intellectuels et de religieux, mais aussi d\u2019administrateurs et de souverains, sont l\u2019expression la plus authentique et la plus v\u00e9ridique d\u2019une mani\u00e8re d\u2019\u00eatre, de penser et d\u2019agir. Ils sont le reflet de cultures et de soci\u00e9t\u00e9s qui ont \u00e9volu\u00e9 pendant plus de deux si\u00e8cles. Et leurs visages sont pr\u00eats \u00e0 nous raconter une histoire.<\/p>\n<p>Luigi Spina a choisi trente de ces effigies et, \u00e0 travers la photographie, il offre une vision subjective de ces physionomies dont \u00e9mane un univers de sentiments et de souffrances, d\u2019exaltation et de gloire. Chaque photographie de ces toiles, fussent-elles noircies par le passage du temps et ab\u00eem\u00e9es par la lumi\u00e8re, d\u00e9voile l\u2019\u00e2me d\u2019hommes et de femmes qui ont tenu \u00e0 se faire immortaliser pour laisser une trace d\u2019eux-m\u00eames et de leur action. Pour la mis\u00e9ricorde de Dieu.<\/p>\n<p>&nbsp;<\/p>\n<p><strong>Luigi Spina\u00a0<\/strong>est photographe. Ses travaux photographiques ont pour th\u00e8mes les amphith\u00e9\u00e2tres et le sens civique du sacr\u00e9, les liens entre art et foi, la recherche d\u2019identit\u00e9s culturelles antiques et la confrontation physique avec la sculpture classique. Chez 5 Continents Editions, il a publi\u00e9 <em>The Buchner Boxes\u00a0<\/em>(2014), <em>Hemba\u00a0<\/em>(2017) et <em>Diario Mitico\u00a0<\/em>(2017). Dans la m\u00eame maison d\u2019\u00e9dition, avec Valeria Sampaolo, il a cr\u00e9\u00e9 la collection \u00ab\u00a0Oggetti rari e preziosi al Museo Archeologico Nazionale di Napoli\u00a0\u00bb,qui propose les titres suivants : <em>Memorie del Vaso blu\u00a0<\/em>(2016), <em>Amazzonomachia<\/em>,\u00a0<em>Centauri\u00a0<\/em>(2017), <em>Sette sapienti<\/em>,\u00a0<em>Zefiro e Clori <\/em>et\u00a0<em>Satiro Ebbro\u00a0<\/em>(2018). Avec le volume <em>Tazza Farnese<\/em>, il a inaugur\u00e9 la s\u00e9rie intitul\u00e9e \u00ab\u00a0Tr\u00e9sors cach\u00e9s\u00a0\u00bb. Enfin, on lui doit <em>Les Danseuses de la villa des Papyrus\u00a0<\/em>(2015), ouvrage paru dans la collection \u00ab\u00a0Tailormade\u00a0\u00bbde 5 Continents Editions.<\/p>\n<p><strong>Almerinda Di Benedetto<\/strong>, napolitaine, est professeur \u00e0 l\u2019Universit\u00e0 degli Studi della Campania Luigi Vanvitelli (Caserte) o\u00f9 elle enseigne l\u2019histoire de l\u2019art contemporain et la m\u00e9diation culturelle en histoire de l\u2019art. Elle est l\u2019auteur de plusieurs monographies dont <em>Artisti della decorazione. Pittura e scultura dell\u2019eclettismo nei palazzi napoletani fin de si\u00e8cle <\/em>et de nombreux essais publi\u00e9s dans diverses revues italiennes et autres ouvrages collectifs. Depuis 2016, elle exerce les fonctions de conseill\u00e8re artistique aupr\u00e8s de la Fondazione dell\u2019Opera di San Giuseppe dei Nudi pour laquelle elle a r\u00e9cemment dirig\u00e9 le volume <em>Il Real Monte e Arciconfraternit\u00e0 di San Giuseppe dell\u2019Opera di Vestire i Nudi. La carit\u00e0 tra fede, arte e storia (1740-1890).<\/em><\/p>\n<p><strong>Ugo De Flaviis\u00a0<\/strong>est avocat, il est entr\u00e9 en politique au terme de ses \u00e9tudes de droit. Depuis 2015, il est le pr\u00e9sident de la Fondazione dell\u2019Opera di San Giuseppe dei Nudi pour laquelle il a lanc\u00e9 la restauration et la valorisation de l\u2019institution et de son patrimoine culturel, historique et artistique. Depuis 2019, il est le repr\u00e9sentant de la Fondazione Luigi Einaudi pour la r\u00e9gion de la Campanie.<\/p>\n","protected":false},"excerpt":{"rendered":"<p>Au c\u0153ur de Naples, \u00e0 l\u2019ombre du Mus\u00e9e arch\u00e9ologique national, parmi les ruelles d\u2019une colline \u00e0 l\u2019habitat dense et \u00e0 la population nombreuse qui m\u00eale toutes les classes sociales, se dresse le monumental \u00e9difice cultuel de San Giuseppe dei Nudi. Il fut fond\u00e9 en 1785 gr\u00e2ce \u00e0 l\u2019archiconfr\u00e9rie de San Giuseppe dell\u2019Opera di Vestire i&hellip;<\/p>\n","protected":false},"featured_media":24048,"template":"","meta":{"_acf_changed":false,"inline_featured_image":false},"product_brand":[],"product_cat":[68],"product_tag":[],"class_list":{"0":"post-19470","1":"product","2":"type-product","3":"status-publish","4":"has-post-thumbnail","6":"product_cat-art-moderne","7":"disponibilita-si","8":"description-off","10":"first","11":"instock","12":"shipping-taxable","13":"purchasable","14":"product-type-simple"},"acf":[],"_links":{"self":[{"href":"https:\/\/www.fivecontinentseditions.com\/fr\/wp-json\/wp\/v2\/product\/19470","targetHints":{"allow":["GET"]}}],"collection":[{"href":"https:\/\/www.fivecontinentseditions.com\/fr\/wp-json\/wp\/v2\/product"}],"about":[{"href":"https:\/\/www.fivecontinentseditions.com\/fr\/wp-json\/wp\/v2\/types\/product"}],"wp:featuredmedia":[{"embeddable":true,"href":"https:\/\/www.fivecontinentseditions.com\/fr\/wp-json\/wp\/v2\/media\/24048"}],"wp:attachment":[{"href":"https:\/\/www.fivecontinentseditions.com\/fr\/wp-json\/wp\/v2\/media?parent=19470"}],"wp:term":[{"taxonomy":"product_brand","embeddable":true,"href":"https:\/\/www.fivecontinentseditions.com\/fr\/wp-json\/wp\/v2\/product_brand?post=19470"},{"taxonomy":"product_cat","embeddable":true,"href":"https:\/\/www.fivecontinentseditions.com\/fr\/wp-json\/wp\/v2\/product_cat?post=19470"},{"taxonomy":"product_tag","embeddable":true,"href":"https:\/\/www.fivecontinentseditions.com\/fr\/wp-json\/wp\/v2\/product_tag?post=19470"}],"curies":[{"name":"wp","href":"https:\/\/api.w.org\/{rel}","templated":true}]}}