{"id":19356,"date":"2020-03-12T05:00:00","date_gmt":"2020-03-12T05:00:00","guid":{"rendered":"https:\/\/www.fivecontinentseditions.com\/?post_type=product&#038;p=19356"},"modified":"2025-10-03T16:28:55","modified_gmt":"2025-10-03T16:28:55","slug":"canova-four-tempos","status":"publish","type":"product","link":"https:\/\/www.fivecontinentseditions.com\/fr\/p\/canova-four-tempos\/","title":{"rendered":"CANOVA Four Tempos vol. I"},"content":{"rendered":"<p>Le caract\u00e8re particulier du processus cr\u00e9atif chez Antonio Canova tient aux mod\u00e8les en pl\u00e2tre grandeur nature qui constituaient une transition entre la phase initiale de la conception et la r\u00e9alisation proprement dite de la sculpture en marbre. Comme l\u2019explique le photographe Luigi Spina, \u00ab\u00a0[\u2026] le pl\u00e2tre est dans l\u2019acte de conception de l\u2019artiste, le moment fragile et variable o\u00f9 le corps de la sculpture est senti.\u00a0\u00bb \u0152uvres non encore finies, les pl\u00e2tres ne contiennent pas moins toute la force et les potentialit\u00e9s de la sculpture achev\u00e9e. Les petits clous en bronze (rep\u00e8res) guident le photographe en dessinant un atlas visuel totalement in\u00e9dit, et permettent au lecteur de se perdre dans des parcours tout aussi in\u00e9dits, entre expressions et gestes, coiffures et plis des drap\u00e9s.<\/p>\n<p>Les s\u00e9quences photographiques r\u00e9alis\u00e9es au contact de l\u2019\u0153uvre sculpt\u00e9e en d\u00e9voilent les surfaces de pl\u00e2tre et permettent au regard du lecteur d\u2019approfondir \u2013 une fois encore \u2013 le lien entre lumi\u00e8re et plasticit\u00e9 de la mati\u00e8re qui constitue l\u2019un des aspects essentiels et particuliers de l\u2019\u0153uvre de Luigi Spina.<\/p>\n<p>Enfin, comme l\u2019annonce le sous-titre, la dimension temporelle est l\u2019un des \u00e9l\u00e9ments clefs de la recherche photographique men\u00e9e par Spina, dans la solitude, parmi les salles de la gypsoth\u00e8que de Possagno. Ces \u00ab\u00a0quatre temps\u00a0\u00bb ne veulent pas \u00eatre un simple exp\u00e9dient pour d\u00e9cliner la r\u00e9flexion visuelle du photographe durant les quatre ann\u00e9es des comm\u00e9morations canoviennes (2019-2022). La dimension temporelle poss\u00e8de une importance sans \u00e9gale dans la phase de cr\u00e9ation et de r\u00e9alisation du sculpteur n\u00e9o-classique\u00a0: il y a un avant et un apr\u00e8s l\u2019\u0153uvre en pl\u00e2tre. L\u2019avant correspond \u00e0 l\u2019\u00e9tude pr\u00e9paratoire\u00a0;\u00a0l\u2019apr\u00e8s \u00e0 l\u2019\u0153uvre achev\u00e9e. Le pl\u00e2tre occupe une place centrale, entre les deux. Ce volume entend pr\u00e9senter au grand public cette phase si riche de sens et, dans le m\u00eame temps, si peu connue du travail d\u2019Antonio Canova, l\u2019un des plus grands sculpteurs de tous les temps.<\/p>\n<p>&nbsp;<\/p>\n<p><strong>Luigi Spina<\/strong> est photographe. Son oeuvre s\u2019articule autour des amphith\u00e9\u00e2tres et du sens civique\u00a0du sacr\u00e9, des liens entre l\u2019art et la foi, de la recherche d\u2019identit\u00e9s culturelles anciennes, de la confrontation physique avec la sculpture classique. Chez 5 Continents Editions il a publi\u00e9 <em>The\u00a0<\/em><em>Buchner Boxes<\/em>, <em>Hemba<\/em>et <em>Des jours et des mythes<\/em>. Il anime avec Valeria Sampaolo la collection \u00ab Oggetti rari e preziosi al Museo Archeologico Nazionale di Napoli \u00bb, qui compte \u00e0 ce jour les titres <em>Memorie del Vaso blu<\/em>, <em>Amazzonomachia<\/em>, <em>Centauri<\/em>,\u00a0<em>Zefiro e Clori<\/em>, <em>Sette sapienti<\/em>et <em>Satiro ebbro<\/em>. Gr\u00e2ce \u00e0 <em>La Tasse Farn\u00e8se<\/em>, il a en outre ouvert la s\u00e9rie \u00ab Tr\u00e9sors cach\u00e9s \u00bb . Enfin, chez le m\u00eame \u00e9diteur, il a publi\u00e9, dans la s\u00e9rie Tailormade, <em>Les Danseuses de la villa des Papyrus<\/em>.<\/p>\n<p><strong>Vittorio Sgarbi<\/strong> est critique d\u2019art, commissaire de grandes expositions internationales, collectionneur raffin\u00e9 et auteur d\u2019ouvrages de vulgarisation tous centr\u00e9s sur l\u2019importance de la culture et de l\u2019art. Parmi ses derni\u00e8res publications, citons <em>Dall\u2019ombra alla luce. Da Caravaggio a<\/em><em>Tiepolo\u00a0<\/em>et <em>Dal mito alla favola bella. Da Canaletto a Boldini<\/em>, dans la s\u00e9rie \u00ab Il Tesoro d\u2019Italia \u00bb. Il est\u00e9galement homme politique et se d\u00e9finit comme un libre penseur ind\u00e9pendant.<\/p>\n","protected":false},"excerpt":{"rendered":"<p>Le caract\u00e8re particulier du processus cr\u00e9atif chez Antonio Canova tient aux mod\u00e8les en pl\u00e2tre grandeur nature qui constituaient une transition entre la phase initiale de la conception et la r\u00e9alisation proprement dite de la sculpture en marbre. Comme l\u2019explique le photographe Luigi Spina, \u00ab\u00a0[\u2026] le pl\u00e2tre est dans l\u2019acte de conception de l\u2019artiste, le moment&hellip;<\/p>\n","protected":false},"featured_media":24025,"template":"","meta":{"_acf_changed":false,"inline_featured_image":false},"product_brand":[],"product_cat":[73],"product_tag":[],"class_list":{"0":"post-19356","1":"product","2":"type-product","3":"status-publish","4":"has-post-thumbnail","6":"product_cat-photographie","7":"disponibilita-si","8":"description-off","10":"first","11":"instock","12":"shipping-taxable","13":"purchasable","14":"product-type-simple"},"acf":[],"_links":{"self":[{"href":"https:\/\/www.fivecontinentseditions.com\/fr\/wp-json\/wp\/v2\/product\/19356","targetHints":{"allow":["GET"]}}],"collection":[{"href":"https:\/\/www.fivecontinentseditions.com\/fr\/wp-json\/wp\/v2\/product"}],"about":[{"href":"https:\/\/www.fivecontinentseditions.com\/fr\/wp-json\/wp\/v2\/types\/product"}],"wp:featuredmedia":[{"embeddable":true,"href":"https:\/\/www.fivecontinentseditions.com\/fr\/wp-json\/wp\/v2\/media\/24025"}],"wp:attachment":[{"href":"https:\/\/www.fivecontinentseditions.com\/fr\/wp-json\/wp\/v2\/media?parent=19356"}],"wp:term":[{"taxonomy":"product_brand","embeddable":true,"href":"https:\/\/www.fivecontinentseditions.com\/fr\/wp-json\/wp\/v2\/product_brand?post=19356"},{"taxonomy":"product_cat","embeddable":true,"href":"https:\/\/www.fivecontinentseditions.com\/fr\/wp-json\/wp\/v2\/product_cat?post=19356"},{"taxonomy":"product_tag","embeddable":true,"href":"https:\/\/www.fivecontinentseditions.com\/fr\/wp-json\/wp\/v2\/product_tag?post=19356"}],"curies":[{"name":"wp","href":"https:\/\/api.w.org\/{rel}","templated":true}]}}