{"id":19341,"date":"2020-02-24T05:00:00","date_gmt":"2020-02-24T05:00:00","guid":{"rendered":"https:\/\/www.fivecontinentseditions.com\/?post_type=product&#038;p=19341"},"modified":"2020-03-13T16:34:37","modified_gmt":"2020-03-13T16:34:37","slug":"the-canada-pavilion","status":"publish","type":"product","link":"https:\/\/www.fivecontinentseditions.com\/fr\/p\/the-canada-pavilion\/","title":{"rendered":"The Canada Pavilion"},"content":{"rendered":"<p>Richement illustr\u00e9, cet ouvrage de r\u00e9f\u00e9rence examine en d\u00e9tail l\u2019histoire du pavillon du Canada, construit en 1958 dans les jardins de la Biennale de Venise, les forces en pr\u00e9sence lors de la r\u00e9alisation du b\u00e2timent et son utilisation depuis soixante ans pour la pr\u00e9sentation et l\u2019exposition d\u2019artistes et d\u2019architectes canadiens. Il s\u2019agit non seulement de souligner l\u2019importance du pavillon dans le contexte plus large de l\u2019architecture moderne, mais aussi de mettre en lumi\u00e8re son r\u00f4le d\u2019avant-poste de la diplomatie culturelle.<\/p>\n<p>L\u2019apparat iconographique du livre est constitu\u00e9 de documents d\u2019archives (photographies, dessins et cartes), ainsi que d\u2019un portfolio r\u00e9alis\u00e9 par des photographes contemporains (Francesco Barasciutti et Andrea Pertoldeo) qui montrent l\u2019\u00e9tat du b\u00e2timent avant, pendant et apr\u00e8s les travaux de restauration de 2018.<\/p>\n<p>Les diff\u00e9rentes contributions apportent un \u00e9clairage sur le contexte culturel et politique dans lequel s\u2019est inscrite la commande du pavillon canadien (Cammie McAtee)\u00a0; la conception et la construction de la structure architecturale, ainsi que les relations avec l\u2019architecte Enrico Peressutti et l\u2019agence BBPR (R\u00e9jean Legault)\u00a0; la place du pavillon dans le contexte culturel italien de l\u2019apr\u00e8s-guerre (Serena Maffioletti)\u00a0; son retentissement, de l\u2019inauguration en 1958 \u00e0 la restauration de 2018 (Jos\u00e9e Drouin-Brisebois)\u00a0; le projet de restauration (Susanna Caccia Gherardine)\u00a0; et, enfin, le lien entre le pavillon du Canada et les jardins de la Biennale (Franco Panzini).<\/p>\n<p>&nbsp;<\/p>\n<p><strong>R\u00e9jean Legault\u00a0<\/strong>est ma\u00eetre de conf\u00e9rences \u00e0 l\u2019\u00c9cole de design de l\u2019Universit\u00e9 du Qu\u00e9bec \u00e0 Montr\u00e9al. Ses travaux de recherche ont pour objet l\u2019histoire de l\u2019architecture de l\u2019apr\u00e8s-guerre en Am\u00e9rique du Nord et en Europe. Il a \u00e9t\u00e9 commissaire invit\u00e9 au Mus\u00e9e des beaux-arts du Canada dans le cadre de l\u2019exposition <em>Canada Builds \/ Rebuilds a Pavilion in Venice<\/em>, pr\u00e9sent\u00e9e lors de la Biennale d\u2019art de Venise en 2018. Par ailleurs, il pr\u00eate son concours d\u2019expert \u00e0 l\u2019ouvrage et au film documentaire (r\u00e9alis\u00e9 en collaboration avec le National Film Board of Canada) sur le pavillon du Canada.<\/p>\n<p><strong>Susanna Caccia Gherardini\u00a0<\/strong>enseigne la restauration d\u2019\u0153uvres d\u2019art \u00e0 l\u2019Universit\u00e9 de Florence et collabore avec plusieurs institutions italiennes et internationales sur le th\u00e8me de la conservation de l\u2019art contemporain. Elle exerce son activit\u00e9 d\u2019enseignante-chercheuse dans le domaine du patrimoine culturel, avec un int\u00e9r\u00eat particulier pour la restauration, secteur o\u00f9 elle a nou\u00e9 des liens \u00e9troits avec les communaut\u00e9s scientifiques europ\u00e9enne et am\u00e9ricaine.<\/p>\n<p>Au cours d\u2019une carri\u00e8re de trois d\u00e9cennies dans le domaine des arts visuels, <strong>Karen Colby-Stothart\u00a0<\/strong>a occup\u00e9 des postes importants dans les principaux mus\u00e9es canadiens, dont le Mus\u00e9e des beaux-arts de l\u2019Ontario, le Mus\u00e9e des beaux-arts de Montr\u00e9al et le Mus\u00e9e des beaux-arts du Canada. En 2013, elle a \u00e9t\u00e9 nomm\u00e9e directrice g\u00e9n\u00e9rale de la Fondation du Mus\u00e9e des beaux-arts du Canada, organisme de bienfaisance ind\u00e9pendant qui a pour objectif de recueillir des fonds priv\u00e9s destin\u00e9s \u00e0 financer le Mus\u00e9e des beaux-arts du Canada et divers projets d\u2019ampleur nationale. Elle a dirig\u00e9 le programme de restauration du pavillon du Canada de 2009 \u00e0 2019 pour le compte du Mus\u00e9e et de la Fondation.<\/p>\n<p><strong>Jos\u00e9e Drouin-Brisebois\u00a0<\/strong>est conservatrice principale d\u2019art contemporain au Mus\u00e9e des beaux-arts du Canada. Elle joue un r\u00f4le de premier plan dans la participation du Canada \u00e0 la Biennale d\u2019art de Venise depuis 2011. Elle a \u00e9t\u00e9 commissaire de nombreuses manifestations, dont plusieurs r\u00e9trospectives consacr\u00e9es \u00e0 de grands artistes canadiens, et de diverses expositions th\u00e9matiques accueillies par de prestigieux \u00e9tablissements, dont le Mus\u00e9e des beaux-arts du Canada, la Galerie d\u2019Art de l\u2019Alberta, le Museum of Contemporary Art et The Rooms.<\/p>\n<p><strong>Serena Maffioletti\u00a0<\/strong>est architecte et professeure d\u2019architecture et d\u2019urbanisme \u00e0 l\u2019Universit\u00e9 IUAV de Venise o\u00f9 elle enseigne depuis 1992. Elle exerce \u00e9galement les fonctions de directrice de l\u2019Archivio Progetti de l\u2019IUAV, centre d\u2019archives et de documentation sur l\u2019architecture et le design contemporain. Ses recherches portent sur l\u2019architecture italienne du XX<sup>e\u00a0<\/sup>si\u00e8cle et sur l\u2019architecture internationale. Elle a organis\u00e9 plusieurs expositions et publi\u00e9 de nombreux ouvrages sur le travail des membres du cabinet d\u2019architectes BBPR.<\/p>\n<p><strong>Cammie McAtee\u00a0<\/strong>est une historienne et commissaire d\u2019expositions \u00e9tablie \u00e0 Montr\u00e9al. Sp\u00e9cialiste de l\u2019architecture et du design de l\u2019apr\u00e8s-guerre, elle est titulaire d\u2019un doctorat obtenu \u00e0 l\u2019Universit\u00e9 de Harvard. En sa qualit\u00e9 de commissaire, on lui doit plusieurs expositions sur l\u2019architecture et le design et de nombreux ouvrages sur ce th\u00e8me, dont divers volumes sur l\u2019ameublement d\u2019apr\u00e8s-guerre et sur les d\u00f4mes g\u00e9od\u00e9siques au Canada. \u00c0 la t\u00eate du comit\u00e9 scientifique de l\u2019exposition sur le pavillon du Canada que le Mus\u00e9e des beaux-arts du Canada a pr\u00e9sent\u00e9e en 2018 \u00e0 la Biennale d\u2019art de Venise, elle a fourni un travail de recherche fondamental pour les publications li\u00e9es \u00e0 cet \u00e9v\u00e9nement.<\/p>\n<p>Architecte et historien du paysage, <strong>Franco Panzini\u00a0<\/strong>est professeur invit\u00e9 de l\u2019Universit\u00e9 IUAV de Venise et de l\u2019\u00c9cole d\u2019architecture de l\u2019University Roma Tre. Il est l\u2019auteur de nombreux ouvrages sur l\u2019histoire des jardins et des espaces verts urbains. Membre de l\u2019Associazione italiana di Architettura del Paesaggio (AIAPP), de la Society of Architectural Historians (SAH) et du conseil d\u2019administration de la Fondazione Pietro Porcinai, il exerce les fonctions de repr\u00e9sentant r\u00e9gional de l\u2019Associazione parchi e giardini d\u2019Italia (APGI).<\/p>\n","protected":false},"excerpt":{"rendered":"<p>Richement illustr\u00e9, cet ouvrage de r\u00e9f\u00e9rence examine en d\u00e9tail l\u2019histoire du pavillon du Canada, construit en 1958 dans les jardins de la Biennale de Venise, les forces en pr\u00e9sence lors de la r\u00e9alisation du b\u00e2timent et son utilisation depuis soixante ans pour la pr\u00e9sentation et l\u2019exposition d\u2019artistes et d\u2019architectes canadiens. Il s\u2019agit non seulement de&hellip;<\/p>\n","protected":false},"featured_media":23791,"template":"","meta":{"_acf_changed":false,"inline_featured_image":false},"product_brand":[],"product_cat":[57],"product_tag":[],"class_list":{"0":"post-19341","1":"product","2":"type-product","3":"status-publish","4":"has-post-thumbnail","6":"product_cat-art-contemporain","7":"disponibilita-si","8":"description-off","10":"first","11":"instock","12":"shipping-taxable","13":"purchasable","14":"product-type-simple"},"acf":[],"_links":{"self":[{"href":"https:\/\/www.fivecontinentseditions.com\/fr\/wp-json\/wp\/v2\/product\/19341","targetHints":{"allow":["GET"]}}],"collection":[{"href":"https:\/\/www.fivecontinentseditions.com\/fr\/wp-json\/wp\/v2\/product"}],"about":[{"href":"https:\/\/www.fivecontinentseditions.com\/fr\/wp-json\/wp\/v2\/types\/product"}],"wp:featuredmedia":[{"embeddable":true,"href":"https:\/\/www.fivecontinentseditions.com\/fr\/wp-json\/wp\/v2\/media\/23791"}],"wp:attachment":[{"href":"https:\/\/www.fivecontinentseditions.com\/fr\/wp-json\/wp\/v2\/media?parent=19341"}],"wp:term":[{"taxonomy":"product_brand","embeddable":true,"href":"https:\/\/www.fivecontinentseditions.com\/fr\/wp-json\/wp\/v2\/product_brand?post=19341"},{"taxonomy":"product_cat","embeddable":true,"href":"https:\/\/www.fivecontinentseditions.com\/fr\/wp-json\/wp\/v2\/product_cat?post=19341"},{"taxonomy":"product_tag","embeddable":true,"href":"https:\/\/www.fivecontinentseditions.com\/fr\/wp-json\/wp\/v2\/product_tag?post=19341"}],"curies":[{"name":"wp","href":"https:\/\/api.w.org\/{rel}","templated":true}]}}