{"id":19179,"date":"2020-01-14T05:00:00","date_gmt":"2020-01-14T05:00:00","guid":{"rendered":"https:\/\/www.fivecontinentseditions.com\/?post_type=product&#038;p=19179"},"modified":"2020-01-30T17:32:44","modified_gmt":"2020-01-30T17:32:44","slug":"le-canada-et-limpressionnisme","status":"publish","type":"product","link":"https:\/\/www.fivecontinentseditions.com\/fr\/p\/le-canada-et-limpressionnisme\/","title":{"rendered":"Le Canada et l&rsquo;impressionnisme"},"content":{"rendered":"<p>Trente artistes, environ quatre-vingts tableaux. Tel est le contenu de ce livre qui vise \u00e0 ouvrir une nouvelle perspective sur l\u2019accueil et la diffusion de la po\u00e9tique impressionniste au Canada au tournant du XX<sup>e<\/sup>\u00a0si\u00e8cle, et plus particuli\u00e8rement entre\u00a01880 et\u00a01930.<\/p>\n<p>L\u2019ouvrage, qui accompagne une exposition novatrice sur le sujet, rassemble les chefs-d\u2019\u0153uvre c\u00e9l\u00e8bres de certains des peintres impressionnistes canadiens les plus connus, provenant de collections publiques et priv\u00e9es. Il explore les diff\u00e9rentes mani\u00e8res dont un groupe d\u2019artistes particuli\u00e8rement exigeants a pris part au mouvement international de l\u2019impressionnisme, tout en posant les bases du d\u00e9veloppement d\u2019un style pictural canadien unique en son genre.<\/p>\n<p>Le livre adopte une approche th\u00e9matique qui permet au lecteur de suivre les traces des artistes canadiens, dans leur pays comme \u00e0 l\u2019\u00e9tranger\u00a0: leurs \u00e9tudes dans les \u00e9coles d\u2019art fran\u00e7aises, leurs voyages en Europe, leur participation \u00e0 de grandes expositions, et notamment aux salons parisiens. Nombre d\u2019entre eux d\u00e9veloppent \u00e9videmment un go\u00fbt pour la restitution emphatique de l\u2019instant \u00e9ph\u00e9m\u00e8re et pour la recherche de la lumi\u00e8re naturelle, si ch\u00e8re au c\u0153ur des impressionnistes fran\u00e7ais. En rentrant au Canada, ils se retrouvent confront\u00e9s \u00e0 un d\u00e9fi\u00a0: adapter \u00e0 la r\u00e9alit\u00e9 de leur pays ce qu\u2019ils ont vu et appris \u00e0 l\u2019\u00e9tranger. Les ambiances hivernales, urbaines ou rurales, deviennent l\u2019un de leurs sujets de pr\u00e9dilection\u00a0: c\u2019est avec elles qu\u2019ils r\u00e9ussissent \u00e0 accorder le vocabulaire impressionniste aux paysages canadiens, envelopp\u00e9s de la lumi\u00e8re caract\u00e9ristique du nord.<\/p>\n<p>&nbsp;<\/p>\n<p><strong>Katerina Atanassova <\/strong>est la conservatrice principale de l\u2019art canadien au mus\u00e9e des Beaux-Arts du Canada. Parmi ses projets r\u00e9cents, la tourn\u00e9e nationale de l\u2019exposition \u00ab\u00a0James Wilson Morrice. Une collection offerte par A.\u00a0K.\u00a0Prakash \u00e0 la nation\u00a0\u00bbet le r\u00e9am\u00e9nagement de la collection d\u2019art canadien dans les nouvelles galeries canadiennes et autochtones.<\/p>\n<p><strong>Tobi Bruce<\/strong> est directrice des expositions et des collections et conservatrice principale \u00e0 la galerie d\u2019art de Hamilton, apr\u00e8s avoir occup\u00e9 des postes de conservatrice, de gestionnaire des collections, de chercheuse et d\u2019enseignante \u00e0 la galerie d\u2019art de Hamilton, \u00e0 la galerie d\u2019art de l\u2019universit\u00e9 de Carleton et au centre d\u2019art Agnes Etherington.<\/p>\n<p><strong>Anna Hudson<\/strong> est professeure, historienne de l\u2019art, conservatrice et \u00e9ducatrice sp\u00e9cialis\u00e9e en art canadien, en \u00e9tudes de conservation et en \u00e9tudes autochtones \u00e0 l\u2019universit\u00e9 York de Toronto. Titulaire d\u2019une chaire de recherche de l\u2019universit\u00e9 York, elle dirige actuellement le projet <em>Mobilizing Inuit Cultural Heritage<\/em>.<strong>\u00a0<\/strong><\/p>\n<p><strong>Laurier Lacroix\u00a0<\/strong>est professeur \u00e9m\u00e9rite de l\u2019universit\u00e9 du Qu\u00e9bec \u00e0 Montr\u00e9al o\u00f9 il a enseign\u00e9 l\u2019histoire de l\u2019art et la mus\u00e9ologie. Ses recherches portent principalement sur les collections publiques, l\u2019historiographie de l\u2019histoire de l\u2019art et l\u2019art au Qu\u00e9bec et au Canada avant 1940.<\/p>\n<p><strong>Loren Lerner<\/strong> est professeure d\u2019histoire de l\u2019art \u00e0 l\u2019universit\u00e9 Concordia. Elle a particip\u00e9 \u00e0 diverses publications sur l\u2019interpr\u00e9tation des jeunes Canadiens par les artistes du d\u00e9but du XIX<sup>e<\/sup>\u00a0si\u00e8cle \u00e0 nos jours.<\/p>\n<p><strong>Tracey Lock<\/strong> est conservatrice de l\u2019art australien \u00e0 la galerie d\u2019art d\u2019Australie du sud.<\/p>\n<p><strong>Gerta Moray<\/strong>, professeure \u00e9m\u00e9rite \u00e0 l\u2019universit\u00e9 de Guelph, est une historienne et critique d\u2019art de Toronto.<\/p>\n<p><strong>Sandra Paikowsky<\/strong> est professeure \u00e9m\u00e9rite d\u2019histoire de l\u2019art \u00e0 l\u2019universit\u00e9 Concordia et membre de l\u2019ordre du Canada.<\/p>\n<p><strong>Adam Gopnik <\/strong>est r\u00e9dacteur pour le <em>New Yorker\u00a0<\/em>depuis 1986. En mars\u00a02013, il a re\u00e7u la m\u00e9daille de chevalier de l\u2019ordre des Arts et des Lettres.<\/p>\n<p><strong>Julie Nash <\/strong>et<strong> Krista Broeckx <\/strong>sont adjointes \u00e0 la conservation au d\u00e9partement d\u2019art canadien du mus\u00e9e des Beaux-Arts du Canada.<\/p>\n","protected":false},"excerpt":{"rendered":"<p>Trente artistes, environ quatre-vingts tableaux. Tel est le contenu de ce livre qui vise \u00e0 ouvrir une nouvelle perspective sur l\u2019accueil et la diffusion de la po\u00e9tique impressionniste au Canada au tournant du XXe\u00a0si\u00e8cle, et plus particuli\u00e8rement entre\u00a01880 et\u00a01930. L\u2019ouvrage, qui accompagne une exposition novatrice sur le sujet, rassemble les chefs-d\u2019\u0153uvre c\u00e9l\u00e8bres de certains des&hellip;<\/p>\n","protected":false},"featured_media":23729,"template":"","meta":{"_acf_changed":false,"inline_featured_image":false},"product_brand":[],"product_cat":[68],"product_tag":[],"class_list":{"0":"post-19179","1":"product","2":"type-product","3":"status-publish","4":"has-post-thumbnail","6":"product_cat-art-moderne","7":"disponibilita-si","8":"description-off","10":"first","11":"instock","12":"shipping-taxable","13":"purchasable","14":"product-type-simple"},"acf":[],"_links":{"self":[{"href":"https:\/\/www.fivecontinentseditions.com\/fr\/wp-json\/wp\/v2\/product\/19179","targetHints":{"allow":["GET"]}}],"collection":[{"href":"https:\/\/www.fivecontinentseditions.com\/fr\/wp-json\/wp\/v2\/product"}],"about":[{"href":"https:\/\/www.fivecontinentseditions.com\/fr\/wp-json\/wp\/v2\/types\/product"}],"wp:featuredmedia":[{"embeddable":true,"href":"https:\/\/www.fivecontinentseditions.com\/fr\/wp-json\/wp\/v2\/media\/23729"}],"wp:attachment":[{"href":"https:\/\/www.fivecontinentseditions.com\/fr\/wp-json\/wp\/v2\/media?parent=19179"}],"wp:term":[{"taxonomy":"product_brand","embeddable":true,"href":"https:\/\/www.fivecontinentseditions.com\/fr\/wp-json\/wp\/v2\/product_brand?post=19179"},{"taxonomy":"product_cat","embeddable":true,"href":"https:\/\/www.fivecontinentseditions.com\/fr\/wp-json\/wp\/v2\/product_cat?post=19179"},{"taxonomy":"product_tag","embeddable":true,"href":"https:\/\/www.fivecontinentseditions.com\/fr\/wp-json\/wp\/v2\/product_tag?post=19179"}],"curies":[{"name":"wp","href":"https:\/\/api.w.org\/{rel}","templated":true}]}}