{"id":19021,"date":"2019-11-14T05:00:00","date_gmt":"2019-11-14T05:00:00","guid":{"rendered":"https:\/\/www.fivecontinentseditions.com\/?post_type=product&#038;p=19021"},"modified":"2024-09-16T09:44:21","modified_gmt":"2024-09-16T09:44:21","slug":"theatre","status":"publish","type":"product","link":"https:\/\/www.fivecontinentseditions.com\/fr\/p\/theatre\/","title":{"rendered":"THEATRE"},"content":{"rendered":"<p>Le th\u00e9\u00e2tre est le th\u00e8me central de ce quatri\u00e8me volume de notre s\u00e9rie \u00ab\u00a0Art Brut \u2013 La collection\u00a0\u00bb, publi\u00e9 pour co\u00efncider avec la quatri\u00e8me Biennale de l\u2019Art Brut. Apr\u00e8s avoir explor\u00e9 l\u2019architecture, les v\u00e9hicules et les corps, nous portons maintenant notre attention sur le th\u00e9\u00e2tre, pour d\u00e9velopper ce th\u00e8me sous ses divers aspects. Exemple le plus simple\u00a0: la description de l\u2019architecture th\u00e9\u00e2trale, comme dans le travail d\u2019Eugen Gabritschevsky et de Victorien Sardou. D\u2019autres artistes cr\u00e9ent des \u0153uvres ayant un lien tr\u00e8s \u00e9troit avec le monde du th\u00e9\u00e2tre, sans n\u00e9cessairement en faire partie. Ainsi, pour Giovanni Battista Podest\u00e0 ou Vahan Poladian, une sc\u00e8ne publique est un lieu o\u00f9 ils peuvent monter une \u00ab\u00a0performance\u00a0\u00bb, un spectacle en r\u00e9ponse \u00e0 une soci\u00e9t\u00e9 qui les confine \u00e0 ses marges. Leur d\u00e9marche \u2013\u00a0intrins\u00e8quement \u00e9ph\u00e9m\u00e8re\u00a0\u2013 recourt \u00e0 des v\u00eatements et accessoires comme moyens de communication pour faire entendre leurs voix et leurs protestations. D\u2019autres artistes con\u00e7oivent des cosmogonies compl\u00e8tes qui prennent la forme gigantesque d\u2019un monde fantasque et fantasmagorique mis en sc\u00e8ne, \u00e0 l\u2019instar du travail d\u2019Alo\u00efse Corbaz, \u00e0 regarder comme un \u00ab\u00a0th\u00e9\u00e2tre de l\u2019univers\u00a0\u00bb, ou de l\u2019\u0153uvre graphique de Marguerite Burnat-Provins ayant pour titre <em>Ma ville<\/em>.\u00a0Ce livre comprend plus d\u2019une centaine d\u2019illustrations, dont certaines publi\u00e9es pour la premi\u00e8re fois. Toutes ont \u00e9t\u00e9 choisies pour permettre au lecteur d\u2019explorer le th\u00e8me du th\u00e9\u00e2tre dans l\u2019art outsider, ou Art Brut.<\/p>\n<p>&nbsp;<\/p>\n<p><strong>Pascale Jeanneret <\/strong>est conservatrice et commissaire d\u2019exposition \u00e0 la Collection de l\u2019Art Brut, \u00e0 Lausanne depuis 2002.Apr\u00e8s avoir suivi une formation en histoire g\u00e9n\u00e9rale de l\u2019art et en mus\u00e9ologie \u00e0 l\u2019\u00c9cole du Louvre, \u00e0 Paris, elle a \u00e9t\u00e9 responsable de production des expositions de l\u2019artiste suisse Thomas Hirschhorn. Par la suite, elle a travaill\u00e9 plusieurs ann\u00e9es dans le domaine de l\u2019art contemporain. \u00c0 la Collection de l\u2019Art Brut, elle a con\u00e7u de nombreuses expositions th\u00e9matiques ou monographiques, telles que \u00ab\u00a0Alo\u00efse Corbaz. Le Ricochet solaire\u00a0\u00bb, \u00ab\u00a0Anna Zemankova\u00a0\u00bb ou la biennale \u00ab\u00a0Architectures\u00a0\u00bb.<\/p>\n<p><strong>Sarah Lombardi\u00a0<\/strong>est directrice de la Collection de l\u2019Art Brut, \u00e0 Lausanne, depuis 2013.Historienne de l\u2019art dipl\u00f4m\u00e9e de l\u2019universit\u00e9 de Lausanne, Sarah Lombardi a \u00e9t\u00e9 commissaire d\u2019expositions ind\u00e9pendante. Entre\u00a02007 et\u00a02013, elle a \u00e9t\u00e9 conservatrice, puis directrice<em>ad interim\u00a0<\/em>\u00e0 la Collection de l\u2019Art Brut. Elle a publi\u00e9 de nombreux ouvrages en lien avec les expositions du mus\u00e9e et a r\u00e9dig\u00e9 des articles sur l\u2019art brut dans des catalogues d\u2019exposition et des revues sp\u00e9cialis\u00e9es.En 2013, elle cr\u00e9e les biennales de l\u2019Art Brut \u2013\u00a0des expositions th\u00e9matiques pr\u00e9sentant exclusivement des \u0153uvres issues du fonds de l\u2019institution\u00a0\u2013 et une nouvelle s\u00e9rie \u00e9ditoriale bilingue intitul\u00e9e <em>Art Brut, la collection \u2013 Art Brut, the Collection.<\/em><\/p>\n<p><strong>\u00c9ric Vautrin\u00a0<\/strong>est dramaturge du th\u00e9\u00e2tre Vidy-Lausanne depuis 2015. De 2007 \u00e0 2015, il a \u00e9t\u00e9 ma\u00eetre de conf\u00e9rences en arts du spectacle \u00e0 l\u2019universit\u00e9 Caen-Normandie, et chercheur associ\u00e9 au laboratoire CNRS-Thalim. De 2005 \u00e0 2009, il a \u00e9galement fond\u00e9 et dirig\u00e9 le festival de po\u00e9sie contemporaine \u00ab\u00a0La po\u00e9sie\/nuit\u00a0\u00bb \u00e0 Lyon, puis \u00e0 Caen. Aujourd\u2019hui, il codirige avec B.\u00a0Boisson et L.\u00a0Fernandez le programme de recherche NoTHx (\u00ab Nouvelles th\u00e9\u00e2tralit\u00e9s\u00a0\u00bb) sur le renouveau des formes sc\u00e9niques europ\u00e9ennes apr\u00e8s 2000. \u00c0 Vidy, il accompagne les artistes en cr\u00e9ation et anime rencontres et d\u00e9bats autour des spectacles.<\/p>\n<p>&nbsp;<\/p>\n","protected":false},"excerpt":{"rendered":"<p>Le th\u00e9\u00e2tre est le th\u00e8me central de ce quatri\u00e8me volume de notre s\u00e9rie \u00ab\u00a0Art Brut \u2013 La collection\u00a0\u00bb, publi\u00e9 pour co\u00efncider avec la quatri\u00e8me Biennale de l\u2019Art Brut. Apr\u00e8s avoir explor\u00e9 l\u2019architecture, les v\u00e9hicules et les corps, nous portons maintenant notre attention sur le th\u00e9\u00e2tre, pour d\u00e9velopper ce th\u00e8me sous ses divers aspects. Exemple le&hellip;<\/p>\n","protected":false},"featured_media":23542,"template":"","meta":{"_acf_changed":false,"inline_featured_image":false},"product_brand":[],"product_cat":[49],"product_tag":[],"class_list":{"0":"post-19021","1":"product","2":"type-product","3":"status-publish","4":"has-post-thumbnail","6":"product_cat-art-brut-fr","7":"collana-art-brut-la-collection","8":"disponibilita-si","9":"description-off","11":"first","12":"instock","13":"shipping-taxable","14":"purchasable","15":"product-type-simple"},"acf":[],"_links":{"self":[{"href":"https:\/\/www.fivecontinentseditions.com\/fr\/wp-json\/wp\/v2\/product\/19021","targetHints":{"allow":["GET"]}}],"collection":[{"href":"https:\/\/www.fivecontinentseditions.com\/fr\/wp-json\/wp\/v2\/product"}],"about":[{"href":"https:\/\/www.fivecontinentseditions.com\/fr\/wp-json\/wp\/v2\/types\/product"}],"wp:featuredmedia":[{"embeddable":true,"href":"https:\/\/www.fivecontinentseditions.com\/fr\/wp-json\/wp\/v2\/media\/23542"}],"wp:attachment":[{"href":"https:\/\/www.fivecontinentseditions.com\/fr\/wp-json\/wp\/v2\/media?parent=19021"}],"wp:term":[{"taxonomy":"product_brand","embeddable":true,"href":"https:\/\/www.fivecontinentseditions.com\/fr\/wp-json\/wp\/v2\/product_brand?post=19021"},{"taxonomy":"product_cat","embeddable":true,"href":"https:\/\/www.fivecontinentseditions.com\/fr\/wp-json\/wp\/v2\/product_cat?post=19021"},{"taxonomy":"product_tag","embeddable":true,"href":"https:\/\/www.fivecontinentseditions.com\/fr\/wp-json\/wp\/v2\/product_tag?post=19021"}],"curies":[{"name":"wp","href":"https:\/\/api.w.org\/{rel}","templated":true}]}}