{"id":18845,"date":"2019-10-01T05:00:00","date_gmt":"2019-10-01T05:00:00","guid":{"rendered":"https:\/\/www.fivecontinentseditions.com\/?post_type=product&#038;p=18845"},"modified":"2026-05-06T17:51:40","modified_gmt":"2026-05-06T17:51:40","slug":"michael-wolf-paris","status":"publish","type":"product","link":"https:\/\/www.fivecontinentseditions.com\/fr\/p\/michael-wolf-paris\/","title":{"rendered":"Michael Wolf | Paris"},"content":{"rendered":"<p>Michael Wolf, connu pour avoir remport\u00e9 le prix World Press Photo 2010 gr\u00e2ce \u00e0 son projet <em>Architecture of Density<\/em>, pose ici son regard sur la capitale fran\u00e7aise. Comme il sait si bien le faire, il rep\u00e8re des \u00e9l\u00e9ments architecturaux caract\u00e9ristiques du paysage visuel parisien afin de les immortaliser.<\/p>\n<p>Toits, chemin\u00e9es et lumi\u00e8res rythment les images de leurs couleurs, de leurs formes et, surtout, de leurs volumes. L\u2019univers visuel auquel il nous invite \u00e0 participer conduit l\u2019observateur \u00e0 suivre du regard les lignes entrecoup\u00e9es des murs et des goutti\u00e8res, \u00e0 s\u2019attarder sur des d\u00e9tails qui ne sont pas toujours si apparents qu\u2019on le penserait. Il nous incite enfin \u00e0 imaginer le contexte environnemental et architectural qui donne un cadre \u00e0 ces \u00e9l\u00e9ments strictement rectangulaires.<\/p>\n<p>L\u2019impression de songe qui accompagne ce voyage dans un Paris vu depuis les toits se confirme dans la deuxi\u00e8me partie du livre. L\u2019ombre des arbres y d\u00e9core les fa\u00e7ades de divers palais et fa\u00e7onne une po\u00e9sie visuelle propice au dialogue intime o\u00f9, en l\u2019absence de toute pr\u00e9sence humaine, nature et architecture parviennent \u00e0 se fondre l\u2019une dans l\u2019autre.<\/p>\n<p>&nbsp;<\/p>\n<p><strong>Michael Wolf\u00a0<\/strong>(1954-2019) a pass\u00e9 la derni\u00e8re p\u00e9riode de son existence \u00e0 Hong Kong. Ce photographe allemand sp\u00e9cialis\u00e9 en photographie urbaine a fait ses \u00e9tudes \u00e0 la Folkwang Universit\u00e4t der K\u00fcnste d\u2019Essen o\u00f9 il a \u00e9t\u00e9 l\u2019\u00e9l\u00e8ve d\u2019Otto Steinert. Parmi ses projets les plus c\u00e9l\u00e8bres et les plus significatifs, se trouvent les immeubles \u00ab alv\u00e9olaires \u00bb de Hong Kong. Sesrecherches se sont concentr\u00e9es sur la vie dans les villes et en particulier sur les m\u00e9galopoles contemporaines surpeupl\u00e9es et la d\u00e9shumanisation de leurs habitants. Le travail de Wolf a \u00e9t\u00e9 pr\u00e9sent\u00e9 dans de nombreux lieux dont la Biennale de Venise pour l\u2019architecture, l\u2019Aperture Foundation Gallery de New York, la Hong Kong Shenzhen Biennale, le Museum of Contemporary Photography de Chicago et le Deutsches Architekturmuseum de Francfort.<\/p>\n<p><strong>Johan-Fr\u00e9d\u00e9rik Hel Guedj\u00a0<\/strong>est n\u00e9 d\u2019un p\u00e8re aviateur et cin\u00e9aste et d\u2019une m\u00e8re ethnologue. Il a publi\u00e9 deux romans (<em>Le Traitement des cendres<\/em>,\u00a0<em>L\u2019Amour grave<\/em>), un recueil de nouvelles (<em>De mon vivant<\/em>), un r\u00e9cit d\u2019exploration polaire (<em>Chercheurs d\u2019\u00e9ternit\u00e9<\/em>), un essai sur Orson Welles (<em>La R\u00e8gle du faux<\/em>). Ce Parisien vit \u00e0 Bruxelles et \u00e9crit sur l\u2019art contemporain dans les pages culturelles du quotidien\u00a0<em>L\u2019Echo\/De Tijd<\/em>.<\/p>\n","protected":false},"excerpt":{"rendered":"<p>Michael Wolf, connu pour avoir remport\u00e9 le prix World Press Photo 2010 gr\u00e2ce \u00e0 son projet Architecture of Density, pose ici son regard sur la capitale fran\u00e7aise. Comme il sait si bien le faire, il rep\u00e8re des \u00e9l\u00e9ments architecturaux caract\u00e9ristiques du paysage visuel parisien afin de les immortaliser. Toits, chemin\u00e9es et lumi\u00e8res rythment les images&hellip;<\/p>\n","protected":false},"featured_media":23349,"template":"","meta":{"_acf_changed":false,"inline_featured_image":false},"product_brand":[],"product_cat":[73],"product_tag":[],"class_list":{"0":"post-18845","1":"product","2":"type-product","3":"status-publish","4":"has-post-thumbnail","6":"product_cat-photographie","7":"disponibilita-si","8":"description-off","10":"first","11":"instock","12":"shipping-taxable","13":"purchasable","14":"product-type-simple"},"acf":[],"_links":{"self":[{"href":"https:\/\/www.fivecontinentseditions.com\/fr\/wp-json\/wp\/v2\/product\/18845","targetHints":{"allow":["GET"]}}],"collection":[{"href":"https:\/\/www.fivecontinentseditions.com\/fr\/wp-json\/wp\/v2\/product"}],"about":[{"href":"https:\/\/www.fivecontinentseditions.com\/fr\/wp-json\/wp\/v2\/types\/product"}],"wp:featuredmedia":[{"embeddable":true,"href":"https:\/\/www.fivecontinentseditions.com\/fr\/wp-json\/wp\/v2\/media\/23349"}],"wp:attachment":[{"href":"https:\/\/www.fivecontinentseditions.com\/fr\/wp-json\/wp\/v2\/media?parent=18845"}],"wp:term":[{"taxonomy":"product_brand","embeddable":true,"href":"https:\/\/www.fivecontinentseditions.com\/fr\/wp-json\/wp\/v2\/product_brand?post=18845"},{"taxonomy":"product_cat","embeddable":true,"href":"https:\/\/www.fivecontinentseditions.com\/fr\/wp-json\/wp\/v2\/product_cat?post=18845"},{"taxonomy":"product_tag","embeddable":true,"href":"https:\/\/www.fivecontinentseditions.com\/fr\/wp-json\/wp\/v2\/product_tag?post=18845"}],"curies":[{"name":"wp","href":"https:\/\/api.w.org\/{rel}","templated":true}]}}