{"id":18826,"date":"2019-10-01T05:00:00","date_gmt":"2019-10-01T05:00:00","guid":{"rendered":"https:\/\/www.fivecontinentseditions.com\/?post_type=product&#038;p=18826"},"modified":"2024-10-10T15:37:16","modified_gmt":"2024-10-10T15:37:16","slug":"peng-wan-ts-regards","status":"publish","type":"product","link":"https:\/\/www.fivecontinentseditions.com\/fr\/p\/peng-wan-ts-regards\/","title":{"rendered":"Peng Wan Ts Regards"},"content":{"rendered":"<p>Le volume se compose d\u2019un ensemble repr\u00e9sentatif des \u0153uvres picturales de Peng Wan Ts r\u00e9alis\u00e9es en une cinquantaine d\u2019ann\u00e9es de production artistique. Un grand nombre des tableaux reproduits dans l\u2019ouvrage qui accompagne l\u2019exposition consacr\u00e9e \u00e0 l\u2019artiste par le mus\u00e9e d\u2019Art moderne de la Ville de Paris sont in\u00e9dits\u00a0: le principal exemple est l\u2019\u0153uvre intitul\u00e9e <em>Banquet\u00a0<\/em>qui sera offerte \u00e0 l\u2019institution mus\u00e9ale \u00e0 cette occasion.<\/p>\n<p>Dans les tableaux de Peng Wan Ts transpara\u00eet clairement la recherche poursuivie par l\u2019artiste d\u2019un \u00e9quilibre entre les modes de pens\u00e9e et d\u2019expression de l\u2019Orient et de l\u2019Occident, ce qui fait de lui une figure de r\u00e9f\u00e9rence pour l\u2019art contemporain chinois. Son approche refl\u00e8te son int\u00e9r\u00eat ind\u00e9niable pour la personne humaine, aspect indissolublement li\u00e9 \u00e0 sa d\u00e9couverte de l\u2019art occidental, de Michel-Ange en particulier. Esth\u00e9tique et plasticit\u00e9 sont les deux th\u00e8mes cl\u00e9s de sa po\u00e9tique, sans oublier l\u2019\u00e9l\u00e9ment tragique qui lui permet de r\u00e9fl\u00e9chir \u00e0 l\u2019homme, \u00e0 son histoire individuelle et collective, et \u00e0 son int\u00e9riorit\u00e9.<\/p>\n<p><strong>\u00a0<\/strong><\/p>\n<p><strong>Peng Wan Ts<\/strong>\u00a0est n\u00e9 en Chine, au Sichuan, en 1939. Apr\u00e8s des \u00e9tudes d\u2019arts plastiques \u00e0 Ta\u00efwan, il s\u2019installe \u00e0 Paris an 1965 o\u00f9 il vit et travaille. Il participe aux Biennales de Paris de 1961, 1969 et 1971, de S\u00e3o Paulo en 1963, et \u00e0 la Documenta 6 de Kassel en 1977. Son travail est pr\u00e9sent\u00e9 en Finlande, \u00e0 Hong Kong, en Cor\u00e9e, au Br\u00e9sil, \u00e0 Ta\u00efwan, en Suisse, en Yougoslavie, en Allemagne et en Belgique.<\/p>\n<p><strong>Fabrice Hergott<\/strong>, directeur du mus\u00e9e d&rsquo;Art moderne\u00a0de la Ville de Paris<\/p>\n<p><strong>Fran\u00e7ois Michaud<\/strong>, conservateur en chef du patrimoine au mus\u00e9e d\u2019Art moderne de la Ville de Paris, commissaire\u00a0d&rsquo;exposition<\/p>\n<p><strong>Christian Derouet<\/strong>,\u00a0conservateur g\u00e9n\u00e9ral honoraire du patrimoine au Centre Georges Pompidou<br \/>\n<strong><br \/>\nG\u00e9rard Audinet<\/strong>, conservateur g\u00e9n\u00e9ral du patrimoine, directeur des Maisons de Victor Hugo, Paris\/Guernesey.<\/p>\n<p><strong>Chang Ming<\/strong>\u00a0<strong>Peng<\/strong>, professeur des universit\u00e9s en histoire de l\u2019art contemporain, universit\u00e9 de Lille<\/p>\n","protected":false},"excerpt":{"rendered":"<p>Le volume se compose d\u2019un ensemble repr\u00e9sentatif des \u0153uvres picturales de Peng Wan Ts r\u00e9alis\u00e9es en une cinquantaine d\u2019ann\u00e9es de production artistique. Un grand nombre des tableaux reproduits dans l\u2019ouvrage qui accompagne l\u2019exposition consacr\u00e9e \u00e0 l\u2019artiste par le mus\u00e9e d\u2019Art moderne de la Ville de Paris sont in\u00e9dits\u00a0: le principal exemple est l\u2019\u0153uvre intitul\u00e9e Banquet\u00a0qui&hellip;<\/p>\n","protected":false},"featured_media":23309,"template":"","meta":{"_acf_changed":false,"inline_featured_image":false},"product_brand":[],"product_cat":[57],"product_tag":[],"class_list":{"0":"post-18826","1":"product","2":"type-product","3":"status-publish","4":"has-post-thumbnail","6":"product_cat-art-contemporain","7":"disponibilita-si","8":"description-off","10":"first","11":"instock","12":"shipping-taxable","13":"purchasable","14":"product-type-simple"},"acf":[],"_links":{"self":[{"href":"https:\/\/www.fivecontinentseditions.com\/fr\/wp-json\/wp\/v2\/product\/18826","targetHints":{"allow":["GET"]}}],"collection":[{"href":"https:\/\/www.fivecontinentseditions.com\/fr\/wp-json\/wp\/v2\/product"}],"about":[{"href":"https:\/\/www.fivecontinentseditions.com\/fr\/wp-json\/wp\/v2\/types\/product"}],"wp:featuredmedia":[{"embeddable":true,"href":"https:\/\/www.fivecontinentseditions.com\/fr\/wp-json\/wp\/v2\/media\/23309"}],"wp:attachment":[{"href":"https:\/\/www.fivecontinentseditions.com\/fr\/wp-json\/wp\/v2\/media?parent=18826"}],"wp:term":[{"taxonomy":"product_brand","embeddable":true,"href":"https:\/\/www.fivecontinentseditions.com\/fr\/wp-json\/wp\/v2\/product_brand?post=18826"},{"taxonomy":"product_cat","embeddable":true,"href":"https:\/\/www.fivecontinentseditions.com\/fr\/wp-json\/wp\/v2\/product_cat?post=18826"},{"taxonomy":"product_tag","embeddable":true,"href":"https:\/\/www.fivecontinentseditions.com\/fr\/wp-json\/wp\/v2\/product_tag?post=18826"}],"curies":[{"name":"wp","href":"https:\/\/api.w.org\/{rel}","templated":true}]}}