{"id":18689,"date":"2019-08-01T05:00:00","date_gmt":"2019-08-01T05:00:00","guid":{"rendered":"https:\/\/www.fivecontinentseditions.com\/?post_type=product&#038;p=18689"},"modified":"2025-11-01T10:06:11","modified_gmt":"2025-11-01T10:06:11","slug":"eloge-du-corps","status":"publish","type":"product","link":"https:\/\/www.fivecontinentseditions.com\/fr\/p\/eloge-du-corps\/","title":{"rendered":"\u00c9loge du corps"},"content":{"rendered":"<p>Si l\u2019histoire de la collection de Josette et Jean-Claude Weill commence par la peinture, leur qu\u00eate passionn\u00e9e de formes nouvelles les conduit rapidement \u00e0 embrasser l\u2019infinie diversit\u00e9 des arts premiers. M\u00fbrie, au fil des d\u00e9cennies, sous le regard enthousiaste de leur fils Jean-Pierre, leur collection compte aujourd\u2019hui plus de 120\u00a0\u0153uvres de tout premier ordre, issues des arts d\u2019Afrique, d\u2019Oc\u00e9anie et des Am\u00e9riques.<\/p>\n<p>Plusieurs grands ensembles se dessinent, refl\u00e9tant l\u2019inclination de la famille Weill pour les formes audacieuses et expressionnistes\u00a0: statues dogon et tellem alliant formes g\u00e9om\u00e9triques et surfaces textur\u00e9es, mais \u00e9galement figures de pouvoir kongo par\u00e9es de leur charge magique. La collection fait en outre la part belle aux arts expressifs originaires du Nigeria, du Cameroun et de M\u00e9lan\u00e9sie.<\/p>\n<p>Parmi les \u0153uvres les plus classiques se trouvent des pi\u00e8ces iconiques \u2013\u00a0telles que la statue bena lulua ayant appartenu \u00e0 Jacques Kerchache, la figure de reliquaire fang d\u2019Edward Robinson ou encore le puissant bouchon de fl\u00fbte biwat de la collection Lemaire\u00a0\u2013, qui t\u00e9moignent tant de la s\u00fbret\u00e9 du go\u00fbt des Weill que du regard aff\u00fbt\u00e9 qu\u2019ils ont su porter sur ces arts venus d\u2019ailleurs. Microcosme dans la collection, un important groupe d\u2019ivoires d\u2019un tr\u00e8s grand raffinement constitue le tiers des \u0153uvres rassembl\u00e9es.<\/p>\n<p>Le pr\u00e9sent ouvrage sera l\u2019occasion de d\u00e9voiler cette collection parisienne nimb\u00e9e de myst\u00e8re, aussi remarquable que confidentielle. \u00c9diteur de la publication, Charles-Wesley Hourd\u00e9 (expert et chercheur ind\u00e9pendant) a d\u00e9sir\u00e9 mettre en lumi\u00e8re la richesse et la diversit\u00e9 de cet ensemble exceptionnel. Il s\u2019est ainsi entour\u00e9 d\u2019auteurs prestigieux, dont les notices accompagneront chacun des objets. Parmi eux figurent notamment Viviane Baeke (Africa Museum, Tervuren), Philippe Dagen (historien et critique d\u2019art), Jean-Paul Colleyn (anthropologue), Bertrand Goy (auteur sp\u00e9cialiste de la C\u00f4te d\u2019Ivoire), H\u00e9l\u00e8ne Joubert (mus\u00e9e du quai Branly \u2013 Jacques Chirac), H\u00e9l\u00e8ne Leloup (historienne de l\u2019art et antiquaire), Sean Mooney (The Rock Foundation, Houston) et Philippe Peltier (anciennement mus\u00e9e du quai Branly \u2013 Jacques Chirac).<\/p>\n<p>&nbsp;<\/p>\n<p><strong>Charles-Wesley Hourd\u00e9<\/strong> est expert, marchand et chercheur ind\u00e9pendant sp\u00e9cialis\u00e9 dans les arts classiques d\u2019Afrique, d\u2019Oc\u00e9anie et d\u2019Am\u00e9rique. Sa passion pour la gen\u00e8se du march\u00e9 l\u2019a amen\u00e9 \u00e0 publier plusieurs articles, en particulier sur l\u2019\u00e9b\u00e9niste japonais Kichiz\u00f4 Inagaki, de m\u00eame que six catalogues d\u2019exposition, dont <em>Passeurs de r\u00eaves<\/em>(2016) qui s\u2019int\u00e9resse \u00e0 l\u2019historique des objets extra-europ\u00e9ens et <em>L\u2019Emprise des masques<\/em>(2017) qui aborde les affinit\u00e9s qu\u2019entretiennent certaines sculptures primitives avec les \u0153uvres de Pablo Picasso. Sa derni\u00e8re publication <em>Galerie Pigalle\u00a0: Afrique, Oc\u00e9anie<\/em>, fruit de trois ans de recherche, a re\u00e7u le prix PILAT 2018 et le prix FILAF 2019.<\/p>\n","protected":false},"excerpt":{"rendered":"<p>Si l\u2019histoire de la collection de Josette et Jean-Claude Weill commence par la peinture, leur qu\u00eate passionn\u00e9e de formes nouvelles les conduit rapidement \u00e0 embrasser l\u2019infinie diversit\u00e9 des arts premiers. M\u00fbrie, au fil des d\u00e9cennies, sous le regard enthousiaste de leur fils Jean-Pierre, leur collection compte aujourd\u2019hui plus de 120\u00a0\u0153uvres de tout premier ordre, issues&hellip;<\/p>\n","protected":false},"featured_media":23159,"template":"","meta":{"_acf_changed":false,"inline_featured_image":false},"product_brand":[],"product_cat":[54],"product_tag":[],"class_list":{"0":"post-18689","1":"product","2":"type-product","3":"status-publish","4":"has-post-thumbnail","6":"product_cat-art-africain","7":"disponibilita-si","8":"description-off","10":"first","11":"instock","12":"shipping-taxable","13":"purchasable","14":"product-type-simple"},"acf":[],"_links":{"self":[{"href":"https:\/\/www.fivecontinentseditions.com\/fr\/wp-json\/wp\/v2\/product\/18689","targetHints":{"allow":["GET"]}}],"collection":[{"href":"https:\/\/www.fivecontinentseditions.com\/fr\/wp-json\/wp\/v2\/product"}],"about":[{"href":"https:\/\/www.fivecontinentseditions.com\/fr\/wp-json\/wp\/v2\/types\/product"}],"wp:featuredmedia":[{"embeddable":true,"href":"https:\/\/www.fivecontinentseditions.com\/fr\/wp-json\/wp\/v2\/media\/23159"}],"wp:attachment":[{"href":"https:\/\/www.fivecontinentseditions.com\/fr\/wp-json\/wp\/v2\/media?parent=18689"}],"wp:term":[{"taxonomy":"product_brand","embeddable":true,"href":"https:\/\/www.fivecontinentseditions.com\/fr\/wp-json\/wp\/v2\/product_brand?post=18689"},{"taxonomy":"product_cat","embeddable":true,"href":"https:\/\/www.fivecontinentseditions.com\/fr\/wp-json\/wp\/v2\/product_cat?post=18689"},{"taxonomy":"product_tag","embeddable":true,"href":"https:\/\/www.fivecontinentseditions.com\/fr\/wp-json\/wp\/v2\/product_tag?post=18689"}],"curies":[{"name":"wp","href":"https:\/\/api.w.org\/{rel}","templated":true}]}}