{"id":18680,"date":"2019-08-02T05:00:00","date_gmt":"2019-08-02T05:00:00","guid":{"rendered":"https:\/\/www.fivecontinentseditions.com\/?post_type=product&#038;p=18680"},"modified":"2023-01-13T13:49:39","modified_gmt":"2023-01-13T13:49:39","slug":"allo-kafi-gida-2","status":"publish","type":"product","link":"https:\/\/www.fivecontinentseditions.com\/fr\/p\/allo-kafi-gida-2\/","title":{"rendered":"Allo Kafi Gida"},"content":{"rendered":"<p>Les planches coraniques appel\u00e9es <em>allo kafi gida<\/em>, conserv\u00e9es par l\u2019ethnie des hausa qui peuplent le nord du Nigeria, sont marqu\u00e9es du sceau du secret. Les hausa ont peur de r\u00e9v\u00e9ler \u00e0 des \u00e9trangers les formules de bon augure qui ornent ces objets. Et ils refusent aussi de prendre le risque d\u2019exposer des repr\u00e9sentations d\u2019\u00eatres humains et d\u2019animaux dans un contexte islamique iconoclaste. Aujourd\u2019hui encore, l\u2019islam radical punit s\u00e9v\u00e8rement la possession d\u2019<em>allo kafi gida\u00a0<\/em>par des sanctions pouvant aller jusqu\u2019\u00e0 l\u2019ex\u00e9cution capitale. Si elles n\u2019avaient pas \u00e9t\u00e9 sauv\u00e9es au fil du temps, toutes les tablettes de ce livre auraient \u00e9t\u00e9 vou\u00e9es \u00e0 la destruction par les fondamentalistes musulmans.<\/p>\n<p>Les auteurs des d\u00e9corations qui ornent les planches coraniques ne sont pas de simples illustrateurs, ce sont de v\u00e9ritables conteurs\u00a0: ils ont peint sur ces planches de bois les r\u00e9cits qui refl\u00e8tent la vision cosmique de leur soci\u00e9t\u00e9. \u00c0 travers la cr\u00e9ation artistique, ils ont incorpor\u00e9 des id\u00e9es \u00e9trang\u00e8res et lointaines dans le syst\u00e8me de pens\u00e9e des hausa, faisant de ces <em>allo kafi gida\u00a0<\/em>de v\u00e9ritables capsules cosmologiques sur bois.<\/p>\n<p>Dans ce contexte difficile, on peut qualifier les propri\u00e9taires de ces \u0153uvres d\u2019art de \u00ab\u00a0conservateurs\u00a0\u00bb, car ces tablettes secr\u00e8tes, bien que li\u00e9es \u00e0 la religion musulmane, t\u00e9moignent de la cosmologie hausa.<\/p>\n<p>Les objets dont les photographies illustrent cet ouvrage, uniquesdans le domaine des arts extra-europ\u00e9ens, appartiennent \u00e0 une collection priv\u00e9e fruit de plus de vingt ann\u00e9es de recherches.<\/p>\n<p>&nbsp;<\/p>\n<p><strong>Antoine Lema<\/strong> est sociologue (PhD), dipl\u00f4m\u00e9 de l\u2019universit\u00e9 de Lund en Su\u00e8de, et passionn\u00e9 par la photographie et l\u2019exploration des arts visuels, mais plus particuli\u00e8rement par les arts premiers africains. Sa th\u00e8se de doctorat portait sur <em>L\u2019Ethnicit\u00e9 des guerres civiles en Afrique <\/em>(Lund, 1993). Au cours des vingt derni\u00e8res ann\u00e9es, il a travaill\u00e9 en tant qu\u2019expert de la Banque mondiale \u00e0 Washington\u00a0D.C. et a beaucoup voyag\u00e9 en Afrique. En 2008, il organise avec le conservateur d\u2019art de la Banque mondialel\u2019exposition <em>Africa Now <\/em>\u00e0 Washington\u00a0D.C. Pr\u00e9sentant les \u0153uvres de 160\u00a0artistes du monde du design, de la po\u00e9sie, du cin\u00e9ma, de la sculpture, de la peinture et de la photographie, cet \u00e9v\u00e9nement \u00e9t\u00e9 consid\u00e9r\u00e9 comme la plus grande repr\u00e9sentation d\u2019artistes africains jamais r\u00e9alis\u00e9e. <em>Allo Kafi Gida<\/em>\u00a0est le premier de ses\u00a0essais sur l\u2019art africain \u00e0 \u00eatre publi\u00e9.<\/p>\n","protected":false},"excerpt":{"rendered":"<p>Les planches coraniques appel\u00e9es allo kafi gida, conserv\u00e9es par l\u2019ethnie des hausa qui peuplent le nord du Nigeria, sont marqu\u00e9es du sceau du secret. Les hausa ont peur de r\u00e9v\u00e9ler \u00e0 des \u00e9trangers les formules de bon augure qui ornent ces objets. Et ils refusent aussi de prendre le risque d\u2019exposer des repr\u00e9sentations d\u2019\u00eatres humains&hellip;<\/p>\n","protected":false},"featured_media":23060,"template":"","meta":{"_acf_changed":false,"inline_featured_image":false},"product_brand":[],"product_cat":[54],"product_tag":[],"class_list":{"0":"post-18680","1":"product","2":"type-product","3":"status-publish","4":"has-post-thumbnail","6":"product_cat-art-africain","7":"disponibilita-si","8":"description-off","10":"first","11":"instock","12":"shipping-taxable","13":"purchasable","14":"product-type-simple"},"acf":[],"_links":{"self":[{"href":"https:\/\/www.fivecontinentseditions.com\/fr\/wp-json\/wp\/v2\/product\/18680","targetHints":{"allow":["GET"]}}],"collection":[{"href":"https:\/\/www.fivecontinentseditions.com\/fr\/wp-json\/wp\/v2\/product"}],"about":[{"href":"https:\/\/www.fivecontinentseditions.com\/fr\/wp-json\/wp\/v2\/types\/product"}],"wp:featuredmedia":[{"embeddable":true,"href":"https:\/\/www.fivecontinentseditions.com\/fr\/wp-json\/wp\/v2\/media\/23060"}],"wp:attachment":[{"href":"https:\/\/www.fivecontinentseditions.com\/fr\/wp-json\/wp\/v2\/media?parent=18680"}],"wp:term":[{"taxonomy":"product_brand","embeddable":true,"href":"https:\/\/www.fivecontinentseditions.com\/fr\/wp-json\/wp\/v2\/product_brand?post=18680"},{"taxonomy":"product_cat","embeddable":true,"href":"https:\/\/www.fivecontinentseditions.com\/fr\/wp-json\/wp\/v2\/product_cat?post=18680"},{"taxonomy":"product_tag","embeddable":true,"href":"https:\/\/www.fivecontinentseditions.com\/fr\/wp-json\/wp\/v2\/product_tag?post=18680"}],"curies":[{"name":"wp","href":"https:\/\/api.w.org\/{rel}","templated":true}]}}