{"id":18674,"date":"2019-08-02T05:00:00","date_gmt":"2019-08-02T05:00:00","guid":{"rendered":"https:\/\/www.fivecontinentseditions.com\/?post_type=product&#038;p=18674"},"modified":"2019-09-27T08:45:55","modified_gmt":"2019-09-27T08:45:55","slug":"carlo-zinelli-recto-verso","status":"publish","type":"product","link":"https:\/\/www.fivecontinentseditions.com\/fr\/p\/carlo-zinelli-recto-verso\/","title":{"rendered":"Carlo Zinelli Recto verso"},"content":{"rendered":"<p>Carlo Zinelli, dit Carlo (1916-1974), est l\u2019une des figures historiques majeures de l\u2019art brut, au m\u00eame titre qu\u2019Alo\u00efse Corbaz, Andr\u00e9 Robillard et Adolf W\u00f6lfli. L\u2019ouvrage que lui consacre la Collection de l\u2019Art Brut \u2013\u00a0l\u2019institution publique qui poss\u00e8de le plus grand corpus de ce cr\u00e9ateur italien\u00a0\u2013 r\u00e9unit des articles monographiques sign\u00e9s par des sp\u00e9cialistes de diff\u00e9rentes disciplines. Il permet de mettre en valeur des aspects encore peu \u00e9tudi\u00e9s d\u2019une \u0153uvre particuli\u00e8rement riche et diverse, comme les \u00e9critures de Carlo qui se m\u00ealent \u00e0 ses compositions graphiques. Celles-ci se caract\u00e9risent par une accumulation de motifs dont des silhouettes humaines et animales, ou encore des v\u00e9hicules. Ce volume permet par ailleurs de suivre l\u2019\u00e9volution de l\u2019expression artistique qui \u00e9tait pour Carlo le meilleur moyen de perp\u00e9tuer ses souvenirs d\u2019enfance et ce qu\u2019il aimait dans la vie (la musique, la nature et les animaux).<\/p>\n<p>L\u2019expression \u00ab\u00a0recto verso\u00a0\u00bb qui enrichit le titre du livre est inspir\u00e9e par l\u2019habitude qu\u2019avait l\u2019artiste de r\u00e9aliser des dessins et des peintures d\u2019\u00e9gales intensit\u00e9 et qualit\u00e9 sur les deux faces des feuilles de papier. Pour Zinelli, la cr\u00e9ation artistique \u00e9tait un moyen d\u2019\u00e9chapper aux souffrances et \u00e0 la maladie\u00a0; elle \u00e9tait un moyen de survivre\u00a0!<\/p>\n<p>L\u2019ouvrage bilingue (fran\u00e7ais et anglais) est illustr\u00e9 de nombreuses \u0153uvres, de photographies, notamment r\u00e9alis\u00e9es par John Phillips, et de documents d\u2019archives in\u00e9dits.<\/p>\n<p>&nbsp;<\/p>\n<p><strong>Anic Zanzi\u00a0<\/strong>est historienne de l\u2019art. Conservatrice \u00e0 la Collection de l\u2019Art Brut depuis 2003, elle est commissaire d\u2019exposition et a coordonn\u00e9 plusieurs publications pour le mus\u00e9e, dont <em>V\u00e9hicules\u00a0<\/em>dans la s\u00e9rie \u00ab\u00a0Art Brut La Collection\u00a0\u00bb.<\/p>\n","protected":false},"excerpt":{"rendered":"<p>Carlo Zinelli, dit Carlo (1916-1974), est l\u2019une des figures historiques majeures de l\u2019art brut, au m\u00eame titre qu\u2019Alo\u00efse Corbaz, Andr\u00e9 Robillard et Adolf W\u00f6lfli. L\u2019ouvrage que lui consacre la Collection de l\u2019Art Brut \u2013\u00a0l\u2019institution publique qui poss\u00e8de le plus grand corpus de ce cr\u00e9ateur italien\u00a0\u2013 r\u00e9unit des articles monographiques sign\u00e9s par des sp\u00e9cialistes de diff\u00e9rentes&hellip;<\/p>\n","protected":false},"featured_media":23015,"template":"","meta":{"_acf_changed":false,"inline_featured_image":false},"product_brand":[],"product_cat":[49],"product_tag":[],"class_list":{"0":"post-18674","1":"product","2":"type-product","3":"status-publish","4":"has-post-thumbnail","6":"product_cat-art-brut-fr","7":"disponibilita-no","8":"description-off","10":"first","11":"outofstock","12":"shipping-taxable","13":"purchasable","14":"product-type-simple"},"acf":[],"_links":{"self":[{"href":"https:\/\/www.fivecontinentseditions.com\/fr\/wp-json\/wp\/v2\/product\/18674","targetHints":{"allow":["GET"]}}],"collection":[{"href":"https:\/\/www.fivecontinentseditions.com\/fr\/wp-json\/wp\/v2\/product"}],"about":[{"href":"https:\/\/www.fivecontinentseditions.com\/fr\/wp-json\/wp\/v2\/types\/product"}],"wp:featuredmedia":[{"embeddable":true,"href":"https:\/\/www.fivecontinentseditions.com\/fr\/wp-json\/wp\/v2\/media\/23015"}],"wp:attachment":[{"href":"https:\/\/www.fivecontinentseditions.com\/fr\/wp-json\/wp\/v2\/media?parent=18674"}],"wp:term":[{"taxonomy":"product_brand","embeddable":true,"href":"https:\/\/www.fivecontinentseditions.com\/fr\/wp-json\/wp\/v2\/product_brand?post=18674"},{"taxonomy":"product_cat","embeddable":true,"href":"https:\/\/www.fivecontinentseditions.com\/fr\/wp-json\/wp\/v2\/product_cat?post=18674"},{"taxonomy":"product_tag","embeddable":true,"href":"https:\/\/www.fivecontinentseditions.com\/fr\/wp-json\/wp\/v2\/product_tag?post=18674"}],"curies":[{"name":"wp","href":"https:\/\/api.w.org\/{rel}","templated":true}]}}