{"id":18513,"date":"2019-06-20T05:00:00","date_gmt":"2019-06-20T05:00:00","guid":{"rendered":"https:\/\/www.fivecontinentseditions.com\/?post_type=product&#038;p=18513"},"modified":"2019-08-01T14:37:30","modified_gmt":"2019-08-01T14:37:30","slug":"mur-murs","status":"publish","type":"product","link":"https:\/\/www.fivecontinentseditions.com\/fr\/p\/mur-murs\/","title":{"rendered":"MUR | murs"},"content":{"rendered":"<p>Le sujet et l\u2019objet de ce livre est la brique \u2013\u00a0l\u2019une des formes primitives associ\u00e9es aussi bien au corps qu\u2019\u00e0 l\u2019habitat\u00a0\u2013, mais pas seulement\u00a0: le regard s\u2019\u00e9largit vers le r\u00f4le de l\u2019artiste dans le panorama international de la cr\u00e9ation c\u00e9ramique et son engagement de plusieurs ann\u00e9es dans l\u2019utilisation de la c\u00e9ramique en architecture. La brique devient le module fondamental avec lequel la main de l\u2019homme entre en relation, et c\u2019est \u00e0 partir de ce pr\u00e9suppos\u00e9 que l\u2019artiste inscrit ses projets dans le paysage.\u00c0 travers cet \u00e9l\u00e9ment, aussi simple qu\u2019essentiel, Kaufmann \u00e9labore un imaginaire li\u00e9 non seulement \u00e0 la mati\u00e8re, mais aussi aux symboles qu\u2019elle v\u00e9hicule (le concept de transparence, les murs physiques et m\u00e9taphoriques, et les imaginaires qui y sont associ\u00e9s).<\/p>\n<p>Le livre accompagne l\u2019exposition de Jacques Kaufmann qui aura lieu au mus\u00e9e Ariana de Gen\u00e8ve, tant \u00e0 l\u2019int\u00e9rieur qu\u2019\u00e0 l\u2019ext\u00e9rieur\u00a0: les \u0153uvres se d\u00e9ploieront tout d\u2019abord dans le parc, tandis que l\u2019un des murs \u00ab\u00a0entrera\u00a0\u00bb dans le mus\u00e9e en y guidant les pas du visiteur. Chacune des dix \u0153uvres expos\u00e9es sera pr\u00e9sent\u00e9e dans l\u2019ouvrage par une notice sign\u00e9e par Jacques Kaufmann lui-m\u00eame.<\/p>\n<p>L\u2019introduction d\u2019Anne-Claire Schumacher vise \u00e0 situer le parcours de l\u2019artiste dans l\u2019histoire de la c\u00e9ramique et dans le contexte artistique contemporain. Elle est suivie d\u2019un essai de Luca Pattaroni qui aborde le sujet sous l\u2019angle sociopolitique.<\/p>\n<p>&nbsp;<\/p>\n<p><strong>Jacques Kaufmann\u00a0<\/strong>installe son atelier en France, non loin de Gen\u00e8ve, en 1988. Depuis 1995, il enseigne \u00e0 l\u2019\u00c9cole d\u2019arts appliqu\u00e9s de Vevey, dont il est nomm\u00e9 pr\u00e9sident de la section c\u00e9ramique en 1996. \u00c0 partir de 1999, il d\u00e9veloppe ses activit\u00e9s sur le territoire chinois, ce qui lui permet de participer \u00e0 des \u00e9changes d\u2019expositions en Europe et en Chine. En 2008, il entame une collaboration avec la Haute \u00e9cole du paysage, d\u2019ing\u00e9nierie et d\u2019architecture de Gen\u00e8ve (HEPIA), afin d\u2019explorer et d\u2019approfondir le th\u00e8me des murs v\u00e9g\u00e9talis\u00e9s \u00e0 l\u2019\u00e9chelle urbaine. Il est actuellement pr\u00e9sident de l\u2019Acad\u00e9mie internationale de la c\u00e9ramique.<\/p>\n<p><strong>Anne-Claire Schumacher\u00a0<\/strong>vit et travaille \u00e0 Gen\u00e8ve. Apr\u00e8s un master d\u2019histoire de l\u2019art et de langue et civilisation chinoise \u00e0 l\u2019universit\u00e9 de Gen\u00e8ve, elle est devenue conservatrice des collections du mus\u00e9e Ariana.<\/p>\n<p><strong>Luca Pattaroni\u00a0<\/strong>est docteur en sociologie et chercheur en th\u00e9orie sociologique et politique. Il travaille actuellement au laboratoire de sociologie urbaine de l\u2019\u00c9cole polytechnique f\u00e9d\u00e9rale de Lausanne (EPFL) et collabore avec le groupe de sociologie politique et morale de l\u2019\u00c9cole des hautes \u00e9tudes en sciences sociales \u00e0 Paris. Il a \u00e9t\u00e9 chercheur invit\u00e9 \u00e0 l\u2019universit\u00e9 de Columbia (New York) et, en 2011, professeur invit\u00e9 \u00e0 l\u2019universit\u00e9 f\u00e9d\u00e9rale Fluminense (Br\u00e9sil).\u00a0Ses recherches et ses publications se concentrent sur les politiques urbaines et culturelles, la construction de logements, les mouvements sociaux, l\u2019\u00e9volution des styles de vie et, plus g\u00e9n\u00e9ralement, les d\u00e9fis auxquels est confront\u00e9e la ville aujourd\u2019hui.<\/p>\n","protected":false},"excerpt":{"rendered":"<p>Le sujet et l\u2019objet de ce livre est la brique \u2013\u00a0l\u2019une des formes primitives associ\u00e9es aussi bien au corps qu\u2019\u00e0 l\u2019habitat\u00a0\u2013, mais pas seulement\u00a0: le regard s\u2019\u00e9largit vers le r\u00f4le de l\u2019artiste dans le panorama international de la cr\u00e9ation c\u00e9ramique et son engagement de plusieurs ann\u00e9es dans l\u2019utilisation de la c\u00e9ramique en architecture. La brique&hellip;<\/p>\n","protected":false},"featured_media":22977,"template":"","meta":{"_acf_changed":false,"inline_featured_image":false},"product_brand":[],"product_cat":[57],"product_tag":[],"class_list":{"0":"post-18513","1":"product","2":"type-product","3":"status-publish","4":"has-post-thumbnail","6":"product_cat-art-contemporain","7":"disponibilita-si","8":"description-off","10":"first","11":"instock","12":"shipping-taxable","13":"purchasable","14":"product-type-simple"},"acf":[],"_links":{"self":[{"href":"https:\/\/www.fivecontinentseditions.com\/fr\/wp-json\/wp\/v2\/product\/18513","targetHints":{"allow":["GET"]}}],"collection":[{"href":"https:\/\/www.fivecontinentseditions.com\/fr\/wp-json\/wp\/v2\/product"}],"about":[{"href":"https:\/\/www.fivecontinentseditions.com\/fr\/wp-json\/wp\/v2\/types\/product"}],"wp:featuredmedia":[{"embeddable":true,"href":"https:\/\/www.fivecontinentseditions.com\/fr\/wp-json\/wp\/v2\/media\/22977"}],"wp:attachment":[{"href":"https:\/\/www.fivecontinentseditions.com\/fr\/wp-json\/wp\/v2\/media?parent=18513"}],"wp:term":[{"taxonomy":"product_brand","embeddable":true,"href":"https:\/\/www.fivecontinentseditions.com\/fr\/wp-json\/wp\/v2\/product_brand?post=18513"},{"taxonomy":"product_cat","embeddable":true,"href":"https:\/\/www.fivecontinentseditions.com\/fr\/wp-json\/wp\/v2\/product_cat?post=18513"},{"taxonomy":"product_tag","embeddable":true,"href":"https:\/\/www.fivecontinentseditions.com\/fr\/wp-json\/wp\/v2\/product_tag?post=18513"}],"curies":[{"name":"wp","href":"https:\/\/api.w.org\/{rel}","templated":true}]}}