{"id":18456,"date":"2019-06-11T05:00:00","date_gmt":"2019-06-11T05:00:00","guid":{"rendered":"https:\/\/www.fivecontinentseditions.com\/?post_type=product&#038;p=18456"},"modified":"2025-12-04T08:24:20","modified_gmt":"2025-12-04T08:24:20","slug":"felix-vallotton","status":"publish","type":"product","link":"https:\/\/www.fivecontinentseditions.com\/fr\/p\/felix-vallotton\/","title":{"rendered":"F\u00e9lix Vallotton"},"content":{"rendered":"<p>N\u00e9 \u00e0 Lausanne, l\u2019artiste suisse F\u00e9lix Vallotton (1865-1925) a v\u00e9cu en France pendant une grande partie de sa carri\u00e8re. Bien qu\u2019il ait \u00e9t\u00e9 tr\u00e8s proche de Pierre Bonnard et d\u2019\u00c9douard Vuillard et qu\u2019il ait fait partie du groupe avant-gardiste des Nabis, il est souvent rest\u00e9 dans l\u2019ombre de ses contemporains plus c\u00e9l\u00e8bres. S\u2019il a r\u00e9alis\u00e9 certaines de ses plus grandes \u0153uvres \u00e0 Paris dans les ann\u00e9es\u00a01890, toute sa carri\u00e8re est impr\u00e9gn\u00e9e d\u2019une approche originale et innovante. Vallotton privil\u00e9giait les int\u00e9rieurs, les portraits, ainsi que les nus et les paysages. Apr\u00e8s l\u2019exp\u00e9rience du front pendant la Premi\u00e8re Guerre mondiale, ses \u0153uvres se chargent d\u2019\u00e9l\u00e9ments symboliques.<\/p>\n<p>Les textes du livre, r\u00e9dig\u00e9s par les plus grands sp\u00e9cialistes de Vallotton, explorent la vie, l\u2019\u0153uvre et les succ\u00e8s de l\u2019artiste, dans le but de r\u00e9\u00e9valuer non seulement sa production mais aussi son h\u00e9ritage. L\u2019ouvrage contient des reproductions de ses dessins et estampes les plus connus, ainsi que d\u2019\u0153uvres jusqu\u2019ici in\u00e9dites.<\/p>\n<p>&nbsp;<\/p>\n<p><strong>Dita Amory\u00a0<\/strong>est conservatrice du Metropolitan Museum of Art de New York et auteure de <em>Madame C\u00e9zanne\u00a0<\/em>(2014).<\/p>\n<p><strong>Philippe B\u00fcttner\u00a0<\/strong>est conservateur de la collection du Kunsthaus de Zurich.<\/p>\n<p><strong>Ann Dumas\u00a0<\/strong>est conservatrice \u00e0 la Royal Academy of Arts de Londres.<\/p>\n<p><strong>Patrick McGuinness\u00a0<\/strong>est professeur de litt\u00e9rature fran\u00e7aise et de litt\u00e9rature compar\u00e9e \u00e0 l\u2019Universit\u00e9 d\u2019Oxford, mais aussi romancier, critique et po\u00e8te.<\/p>\n<p><strong>Katia Poletti\u00a0<\/strong>est directrice de la Fondation Vallotton.<\/p>\n<p><strong>Christian R\u00fcmelin\u00a0<\/strong>est conservateur du d\u00e9partement des dessins et estampes du Cabinet d\u2019arts graphiques du mus\u00e9e d\u2019Art et d\u2019Histoire de Gen\u00e8ve.<\/p>\n<p><strong>Belinda Thomson\u00a0<\/strong>est chercheuse honoraire \u00e0 l\u2019universit\u00e9 d\u2019\u00c9dimbourg et historienne d\u2019art ind\u00e9pendante.<\/p>\n","protected":false},"excerpt":{"rendered":"<p>N\u00e9 \u00e0 Lausanne, l\u2019artiste suisse F\u00e9lix Vallotton (1865-1925) a v\u00e9cu en France pendant une grande partie de sa carri\u00e8re. Bien qu\u2019il ait \u00e9t\u00e9 tr\u00e8s proche de Pierre Bonnard et d\u2019\u00c9douard Vuillard et qu\u2019il ait fait partie du groupe avant-gardiste des Nabis, il est souvent rest\u00e9 dans l\u2019ombre de ses contemporains plus c\u00e9l\u00e8bres. S\u2019il a r\u00e9alis\u00e9&hellip;<\/p>\n","protected":false},"featured_media":22924,"template":"","meta":{"_acf_changed":false,"inline_featured_image":false},"product_brand":[],"product_cat":[68],"product_tag":[],"class_list":{"0":"post-18456","1":"product","2":"type-product","3":"status-publish","4":"has-post-thumbnail","6":"product_cat-art-moderne","7":"disponibilita-si","8":"description-off","10":"first","11":"instock","12":"shipping-taxable","13":"purchasable","14":"product-type-simple"},"acf":[],"_links":{"self":[{"href":"https:\/\/www.fivecontinentseditions.com\/fr\/wp-json\/wp\/v2\/product\/18456","targetHints":{"allow":["GET"]}}],"collection":[{"href":"https:\/\/www.fivecontinentseditions.com\/fr\/wp-json\/wp\/v2\/product"}],"about":[{"href":"https:\/\/www.fivecontinentseditions.com\/fr\/wp-json\/wp\/v2\/types\/product"}],"wp:featuredmedia":[{"embeddable":true,"href":"https:\/\/www.fivecontinentseditions.com\/fr\/wp-json\/wp\/v2\/media\/22924"}],"wp:attachment":[{"href":"https:\/\/www.fivecontinentseditions.com\/fr\/wp-json\/wp\/v2\/media?parent=18456"}],"wp:term":[{"taxonomy":"product_brand","embeddable":true,"href":"https:\/\/www.fivecontinentseditions.com\/fr\/wp-json\/wp\/v2\/product_brand?post=18456"},{"taxonomy":"product_cat","embeddable":true,"href":"https:\/\/www.fivecontinentseditions.com\/fr\/wp-json\/wp\/v2\/product_cat?post=18456"},{"taxonomy":"product_tag","embeddable":true,"href":"https:\/\/www.fivecontinentseditions.com\/fr\/wp-json\/wp\/v2\/product_tag?post=18456"}],"curies":[{"name":"wp","href":"https:\/\/api.w.org\/{rel}","templated":true}]}}