{"id":18447,"date":"2019-08-06T05:00:00","date_gmt":"2019-08-06T05:00:00","guid":{"rendered":"https:\/\/www.fivecontinentseditions.com\/?post_type=product&#038;p=18447"},"modified":"2019-11-18T09:05:29","modified_gmt":"2019-11-18T09:05:29","slug":"vestire-la-moda","status":"publish","type":"product","link":"https:\/\/www.fivecontinentseditions.com\/fr\/p\/vestire-la-moda\/","title":{"rendered":"Vestire la moda"},"content":{"rendered":"<p>Les bijoux non pr\u00e9cieux sont le fil conducteur de ce livre. Ils ont marqu\u00e9, du milieu du XVIII<sup>e<\/sup>\u00a0si\u00e8cle \u00e0 la derni\u00e8re d\u00e9cennie du XX<sup>e<\/sup>\u00a0si\u00e8cle, l\u2019histoire du costume et son \u00e9volution, mais aussi les transformations du go\u00fbt f\u00e9minin et plus encore. Ces objets en mat\u00e9riaux non pr\u00e9cieux sont d\u2019un prix accessible.\u00a0Deanna Farneti Cera propose une narration illustr\u00e9e, au fil des \u00e9poques et des styles (bijoux victoriens, \u00e9douardiens, Arts &amp; Crafts, Jugendstil, Liberty, cr\u00e9ations des ann\u00e9es\u00a01910 et\u00a01920 jusqu\u2019aux ann\u00e9es 1980), mettant en relief pour chaque p\u00e9riode le lien \u00e9troit qui unit l\u2019histoire du costume et les d\u00e9clinaisons stylistiques de l\u2019accessoire qui vient l\u2019enrichir et l\u2019embellir.\u00a0La veine sentimentale et romantique des cr\u00e9ations victoriennes s\u2019estompe devant les strass et les ornements argent\u00e9s qui caract\u00e9risent les productions de l\u2019\u00e9poque \u00e9douardienne. Dans le m\u00eame temps, les formes abstraites et g\u00e9om\u00e9triques se r\u00e9pandent en Autriche et en Allemagne, et l\u2019av\u00e8nement de l\u2019\u00e8re industrielle, associ\u00e9e \u00e0 l\u2019\u00e9volution du r\u00f4le des femmes \u2013\u00a0avec la fin de la Premi\u00e8re Guerre mondiale\u00a0\u2013 fait le succ\u00e8s de pi\u00e8ces en plastique, souvent color\u00e9es, qui tranchent sur les robes noires de la grande \u00e9poque du charleston. Lignes nettes, couleurs contrast\u00e9es et abstraction caract\u00e9risent le style Art d\u00e9co. C\u2019est justement dans les ann\u00e9es\u00a01920 que s\u2019affirme en France, gr\u00e2ce \u00e0 Coco Chanel, le concept de bijoux de mode. La r\u00e9flexion de Deanna Farneti Cera est illustr\u00e9e encore plus pr\u00e9cis\u00e9ment pour cette p\u00e9riode, l\u2019auteure soulignant que le bijou refl\u00e8te de fa\u00e7on surprenante le style de la femme qui le porte. Pour correspondre aux go\u00fbts des ann\u00e9es\u00a01930, les \u00ab\u00a0bijoux fantaisie\u00a0\u00bb deviennent tr\u00e8s voyants et d\u00e9lib\u00e9r\u00e9ment factices. Dans les ann\u00e9es\u00a01950, Dior lance une sorte de renaissance, et les bijoux apparaissent comme des tissus qui s\u2019adaptent au corps. La r\u00e9volution des ann\u00e9es\u00a01960 bouleverse aussi le costume, tandis que les mat\u00e9riaux innovants et les couleurs fluo sont au premier plan. Les ann\u00e9es\u00a01970 revisitent le pass\u00e9 et les ann\u00e9es\u00a01980, en conclusion de l\u2019ouvrage, sont marqu\u00e9es par des cr\u00e9ations tr\u00e8s inventives \u00e0 grand succ\u00e8s, comme celles d\u2019Ugo Correani pour Versace et de Karl Lagerfeld pour Chanel.<\/p>\n<p>&nbsp;<\/p>\n<p><strong>Deanna Farneti Cera<\/strong>, sp\u00e9cialiste internationale de bijoux de mode europ\u00e9ens et am\u00e9ricains, vit et travaille \u00e0 Milan, o\u00f9 elle a dirig\u00e9 de 1987 \u00e0 2014 la galerie Ornamenti d\u2019Autore, d\u00e9di\u00e9e aux bijoux historiques.\u00a0En 1991, elle a con\u00e7u et organis\u00e9 l\u2019exposition itin\u00e9rante \u00ab\u00a0I Gioielli della Fantasia\u00a0\u00bb et dirig\u00e9 le catalogue correspondant. Cette exposition, sponsoris\u00e9e par Daniel Swarovski Corporation, a d\u2019abord \u00e9t\u00e9 pr\u00e9sent\u00e9e au Museo della Scala avant de faire \u00e9tape dans plusieurs mus\u00e9es du monde entier, dont le Victoria &amp; Albert Museum de Londres et le Los Angeles County Museum.\u00a0En 2014, Deanna Farneti a organis\u00e9 l\u2019exposition \u00ab\u00a0Fashion Jewellery Made in Italy\u00a0\u00bb \u00e0 la Triennale de Milan. En 2014-2016, elle a \u00e9t\u00e9 charg\u00e9e de la salle \u00ab\u00a0mode\u00a0\u00bb du Museo del Gioiello de Vicenza et de la r\u00e9daction des pages correspondantes dans le catalogue.\u00a0Elle est l\u2019auteure de plusieurs publications internationales sur les bijoux, parmi lesquelles il faut citer <em>Bijoux\u00a0<\/em>(Arnoldo Mondadori, 1995), <em>I gioielli di Miriam Haskell\u00a0<\/em>(Idea Books, 1997) et <em>Coppola e Toppo, Fashion Jewels\u00a0<\/em>(ACC Art Books, 2009). En 2003, elle se voit confier la r\u00e9daction de l\u2019entr\u00e9e \u00ab\u00a0bijoux\u00a0\u00bb de l\u2019encyclop\u00e9die Treccani, et elle \u00e9crit le texte \u00ab\u00a0Luxe et fantaisie\u00a0\u00bb pour le livre accompagnant l\u2019exposition \u00ab\u00a0Trop \u2013 La collection Barbara Berger\u00a0\u00bb au mus\u00e9e de la Mode et du Textile de Paris. Ces quinze derni\u00e8res ann\u00e9es, elle a anim\u00e9 des ateliers ponctuels sur les bijoux pour le master \u00ab\u00a0Fashion and Accessories\u00a0\u00bb \u00e0 la Domus Academy, \u00e0 l\u2019IED et au Politecnico de Milan. Durant l\u2019ann\u00e9e universitaire 2018-2019, elle a donn\u00e9 le cours \u00ab\u00a0Jewelry Culture\u00a0\u00bb \u00e0 l\u2019institut Marangoni de Milan.<\/p>\n","protected":false},"excerpt":{"rendered":"<p>Les bijoux non pr\u00e9cieux sont le fil conducteur de ce livre. Ils ont marqu\u00e9, du milieu du XVIIIe\u00a0si\u00e8cle \u00e0 la derni\u00e8re d\u00e9cennie du XXe\u00a0si\u00e8cle, l\u2019histoire du costume et son \u00e9volution, mais aussi les transformations du go\u00fbt f\u00e9minin et plus encore. Ces objets en mat\u00e9riaux non pr\u00e9cieux sont d\u2019un prix accessible.\u00a0Deanna Farneti Cera propose une narration&hellip;<\/p>\n","protected":false},"featured_media":22866,"template":"","meta":{"_acf_changed":false,"inline_featured_image":false},"product_brand":[],"product_cat":[75],"product_tag":[],"class_list":{"0":"post-18447","1":"product","2":"type-product","3":"status-publish","4":"has-post-thumbnail","6":"product_cat-mode-et-design","7":"disponibilita-si","8":"description-off","10":"first","11":"instock","12":"shipping-taxable","13":"purchasable","14":"product-type-simple"},"acf":[],"_links":{"self":[{"href":"https:\/\/www.fivecontinentseditions.com\/fr\/wp-json\/wp\/v2\/product\/18447","targetHints":{"allow":["GET"]}}],"collection":[{"href":"https:\/\/www.fivecontinentseditions.com\/fr\/wp-json\/wp\/v2\/product"}],"about":[{"href":"https:\/\/www.fivecontinentseditions.com\/fr\/wp-json\/wp\/v2\/types\/product"}],"wp:featuredmedia":[{"embeddable":true,"href":"https:\/\/www.fivecontinentseditions.com\/fr\/wp-json\/wp\/v2\/media\/22866"}],"wp:attachment":[{"href":"https:\/\/www.fivecontinentseditions.com\/fr\/wp-json\/wp\/v2\/media?parent=18447"}],"wp:term":[{"taxonomy":"product_brand","embeddable":true,"href":"https:\/\/www.fivecontinentseditions.com\/fr\/wp-json\/wp\/v2\/product_brand?post=18447"},{"taxonomy":"product_cat","embeddable":true,"href":"https:\/\/www.fivecontinentseditions.com\/fr\/wp-json\/wp\/v2\/product_cat?post=18447"},{"taxonomy":"product_tag","embeddable":true,"href":"https:\/\/www.fivecontinentseditions.com\/fr\/wp-json\/wp\/v2\/product_tag?post=18447"}],"curies":[{"name":"wp","href":"https:\/\/api.w.org\/{rel}","templated":true}]}}