{"id":18383,"date":"2019-05-24T05:00:00","date_gmt":"2019-05-24T05:00:00","guid":{"rendered":"https:\/\/www.fivecontinentseditions.com\/?post_type=product&#038;p=18383"},"modified":"2022-12-16T10:47:05","modified_gmt":"2022-12-16T10:47:05","slug":"indiens-damazonie-1955-1975","status":"publish","type":"product","link":"https:\/\/www.fivecontinentseditions.com\/fr\/p\/indiens-damazonie-1955-1975\/","title":{"rendered":"Indiens d&rsquo;Amazonie 1955-1975"},"content":{"rendered":"<p>Bilan positif d\u2019une exp\u00e9rience extraordinaire, et avant tout hommage aux derniers Indiens d\u2019Amazonie vivant encore librement, tels sont les messages dont t\u00e9moigne la voix influente de l\u2019ethnologue genevois Ren\u00e9 Fuerst, qui a consacr\u00e9 une grande partie de sa vie aux populations indig\u00e8nes de l\u2019Amazonie. Cette \u00ab\u00a0autobiographie visuelle\u00a0\u00bb parcourt les r\u00e9gions centrales du Br\u00e9sil, notamment le Mato Grosso et l\u2019Amazonie profonde, et fait la part belle \u00e0 ses rencontres, recherches et recueils ethnographiques \u2013\u00a0autant de t\u00e9moignages qui sont venus enrichir les mus\u00e9es europ\u00e9ens, dont en premier lieu le mus\u00e9e d\u2019Ethnographie de Gen\u00e8ve.<\/p>\n<p>Les images en noir et blanc de Ren\u00e9 Fuerst capturent et racontent une vingtaine de rencontres, s\u2019arr\u00eatant sur les visages, les corps, les c\u00e9r\u00e9monies plus tranquilles et celles agit\u00e9es par les danses. M\u00eame le r\u00e9cit du quotidien au travers des objets qui le rythment se fait digne et conduit le lecteur \u00e0 une r\u00e9flexion tout en relief sur les bien connus \u00ab\u00a0tristes tropiques\u00a0\u00bb de Claude L\u00e9vi-Strauss.<\/p>\n<p>&nbsp;<\/p>\n<p><strong>Ren\u00e9 Fuerst<\/strong>, n\u00e9 en 1933, est ethnologue. Sp\u00e9cialiste des Indiens d\u2019Amazonie, il les fr\u00e9quenta de 1955 \u00e0 1975 et leur consacra plusieurs livres, films et disques. Chercheur ind\u00e9pendant, il a \u00e9t\u00e9 de 1983 \u00e0 1998 l\u2019un des conservateurs du mus\u00e9e d\u2019Ethnographie de la ville de Gen\u00e8ve. Membre des missions d\u2019enqu\u00eate chez les Indiens d\u2019Amazonie du Comit\u00e9 international de la Croix-Rouge (1970) et de l\u2019Aborigines Protection Society (1972) \u00e0 Londres, il fut en 1975 interdit de s\u00e9jour par les autorit\u00e9s br\u00e9siliennes suite \u00e0 ses critiques sur la politique indig\u00e9niste officielle. Il a d\u00e9j\u00e0 publi\u00e9 chez 5\u00a0Continents Editions <em>Yanomami,\u00a0<\/em><em>premiers et derniers Amazoniens <\/em>(2011), <em>Indiens d\u2019Amazonie, r\u00e9miniscences d\u2019un pass\u00e9 lointain\u00a0<\/em>(2008) et <em>Xikrin, hommes-oiseaux d\u2019Amazonie\u00a0<\/em>(2006).<\/p>\n","protected":false},"excerpt":{"rendered":"<p>Bilan positif d\u2019une exp\u00e9rience extraordinaire, et avant tout hommage aux derniers Indiens d\u2019Amazonie vivant encore librement, tels sont les messages dont t\u00e9moigne la voix influente de l\u2019ethnologue genevois Ren\u00e9 Fuerst, qui a consacr\u00e9 une grande partie de sa vie aux populations indig\u00e8nes de l\u2019Amazonie. Cette \u00ab\u00a0autobiographie visuelle\u00a0\u00bb parcourt les r\u00e9gions centrales du Br\u00e9sil, notamment le&hellip;<\/p>\n","protected":false},"featured_media":22599,"template":"","meta":{"_acf_changed":false,"inline_featured_image":false},"product_brand":[],"product_cat":[73],"product_tag":[],"class_list":{"0":"post-18383","1":"product","2":"type-product","3":"status-publish","4":"has-post-thumbnail","6":"product_cat-photographie","7":"disponibilita-si","8":"description-off","10":"first","11":"instock","12":"shipping-taxable","13":"purchasable","14":"product-type-simple"},"acf":[],"_links":{"self":[{"href":"https:\/\/www.fivecontinentseditions.com\/fr\/wp-json\/wp\/v2\/product\/18383","targetHints":{"allow":["GET"]}}],"collection":[{"href":"https:\/\/www.fivecontinentseditions.com\/fr\/wp-json\/wp\/v2\/product"}],"about":[{"href":"https:\/\/www.fivecontinentseditions.com\/fr\/wp-json\/wp\/v2\/types\/product"}],"wp:featuredmedia":[{"embeddable":true,"href":"https:\/\/www.fivecontinentseditions.com\/fr\/wp-json\/wp\/v2\/media\/22599"}],"wp:attachment":[{"href":"https:\/\/www.fivecontinentseditions.com\/fr\/wp-json\/wp\/v2\/media?parent=18383"}],"wp:term":[{"taxonomy":"product_brand","embeddable":true,"href":"https:\/\/www.fivecontinentseditions.com\/fr\/wp-json\/wp\/v2\/product_brand?post=18383"},{"taxonomy":"product_cat","embeddable":true,"href":"https:\/\/www.fivecontinentseditions.com\/fr\/wp-json\/wp\/v2\/product_cat?post=18383"},{"taxonomy":"product_tag","embeddable":true,"href":"https:\/\/www.fivecontinentseditions.com\/fr\/wp-json\/wp\/v2\/product_tag?post=18383"}],"curies":[{"name":"wp","href":"https:\/\/api.w.org\/{rel}","templated":true}]}}