{"id":18377,"date":"2019-05-22T05:00:00","date_gmt":"2019-05-22T05:00:00","guid":{"rendered":"https:\/\/www.fivecontinentseditions.com\/?post_type=product&#038;p=18377"},"modified":"2019-09-27T08:57:10","modified_gmt":"2019-09-27T08:57:10","slug":"before-time-began-2","status":"publish","type":"product","link":"https:\/\/www.fivecontinentseditions.com\/fr\/p\/before-time-began-2\/","title":{"rendered":"Before Time began"},"content":{"rendered":"<p>L\u2019art aborig\u00e8ne peut \u00eatre consid\u00e9r\u00e9 comme la forme d\u2019expression artistique la plus ancienne, puisque son existence remonterait \u00e0 60\u00a0000\u00a0ans. Une expression qui sert depuis toujours \u00e0 transmettre traditions et croyances sous des manifestations les plus h\u00e9t\u00e9roclites qui soient\u00a0: de la peinture \u00e0 l\u2019incision, de la sculpture \u00e0 la teinture, sans oublier la c\u00e9ramique et, plus r\u00e9cemment, l\u2019image photographique.<\/p>\n<p>Le th\u00e8me central de ce type de production artistique reste le lien entre l\u2019humain et la terre, l\u2019h\u00e9ritage des anc\u00eatres dont l\u2019\u00e9cho r\u00e9sonne encore aujourd\u2019hui. Ce n\u2019est pas un hasard si \u00ab\u00a0Before time began\u00a0\u00bb (Avant le d\u00e9but des temps) est l\u2019une des devises qui revient souvent chez les artistes aborig\u00e8nes d\u2019Australie centrale pour \u00e9voquer la cr\u00e9ation du monde du point de vue onirique. Il s\u2019agit du fil rouge qui relie les diverses \u0153uvres d\u2019art du pr\u00e9sent ouvrage. Se plonger dans ce parcours et le suivre permet au lecteur d\u2019explorer avant tout l\u2019aspect narratif li\u00e9 au songe et au passage du temps, autant d\u2019\u00e9l\u00e9ments qui d\u00e9notent la dimension temporelle des diff\u00e9rentes soci\u00e9t\u00e9s. Mais le lecteur peut aussi par ce biais fouiller les origines de l\u2019art contemporain dans le contexte aborig\u00e8ne gr\u00e2ce aux \u0153uvres r\u00e9alis\u00e9es au d\u00e9but des ann\u00e9es\u00a01970, en terre d\u2019Arnhem et dans les territoires de Papunya, ainsi que les peintures plus r\u00e9centes des artistes r\u00e9sidents dans les territoires APY (Anangu Pitjantjatjara Yankunytjatjara). Ce sont surtout ces derniers t\u00e9moignages qui mettent particuli\u00e8rement bien en \u00e9vidence la fusion entre l\u2019art contemporain et les moyens d\u2019expression traditionnels, ainsi que les savoirs ancestraux et les \u00e9l\u00e9ments li\u00e9s \u00e0 l\u2019in\u00e9vitable progr\u00e8s.<\/p>\n<p>L\u2019importance de ce livre r\u00e9side non seulement dans la vue d\u2019ensemble qu\u2019il offre sur cette forme artistique, mais \u00e9galement dans le fait qu\u2019il signe la premi\u00e8re grande exposition mise en place par la toute nouvelle Fondation Opale (Crans-Montana 2018), qui s\u2019appuie sur la collection de sa fondatrice, B\u00e9reng\u00e8re Primat.<\/p>\n<p>&nbsp;<\/p>\n<p><strong>Jessica de Largy Healy <\/strong>est anthropologue au Laboratoire d\u2019ethnologie et de sociologie comparative du CNRS (LESC \u2013\u00a0universit\u00e9 Paris-Nanterre). Elle a consacr\u00e9 son doctorat de recherche ethnographique \u00e0 un projet exp\u00e9rimental d\u2019archives num\u00e9riques concernant un groupe de chefs de clan yolngu habitant \u00e0 Galiwin\u2019ku, dans le nord-est de la terre d\u2019Arnhem. Elle collabore \u00e9galement \u00e0 divers projets soutenus par des institutions mus\u00e9ales europ\u00e9ennes ayant trait \u00e0 la culture mat\u00e9rielle et aux collections audiovisuelles australiennes.<\/p>\n<p><strong>Georges Petitjean\u00a0<\/strong>est historien de l\u2019art, titulaire d\u2019un doctorat sur l\u2019art du d\u00e9sert australien occidental. Son principal sujet de recherche concerne la transition de l\u2019art aborig\u00e8ne originel vers le monde de l\u2019art contemporain. Il a occup\u00e9 le poste de conservateur du mus\u00e9e d\u2019Art contemporain aborig\u00e8ne d\u2019Utrecht (Aboriginal Art Museum Utrecht, AAMU) de 2005 \u00e0 2017. Depuis 2017, il est conservateur de la collection B\u00e9reng\u00e8re Primat, l\u2019une des plus importantes collections d\u2019art aborig\u00e8ne au monde.<\/p>\n<p><strong>Luke Scholes <\/strong>est conservateur de la section d\u2019art aborig\u00e8ne du Museum and Art Gallery of the Northern Territory (MAGNT). Il \u00e9tait en 2017 cocommissaire de l\u2019exposition \u00ab\u00a0Tjungunutja: from having come together\u00a0\u00bb o\u00f9 \u00e9taient pr\u00e9sent\u00e9s divers artistes pintupi, walpiri, luritja, tous li\u00e9s \u00e0 l\u2019\u00e9cole de Papunja. Ce projet, qui met en avant divers prix australiens, sera \u00e9galement expos\u00e9 \u00e0 Alice Springs en\u00a02019. Depuis\u00a02016, Luke Scholes est directeur du Telstra National Aboriginal and Torres Strait Islander Awards.<\/p>\n","protected":false},"excerpt":{"rendered":"<p>L\u2019art aborig\u00e8ne peut \u00eatre consid\u00e9r\u00e9 comme la forme d\u2019expression artistique la plus ancienne, puisque son existence remonterait \u00e0 60\u00a0000\u00a0ans. Une expression qui sert depuis toujours \u00e0 transmettre traditions et croyances sous des manifestations les plus h\u00e9t\u00e9roclites qui soient\u00a0: de la peinture \u00e0 l\u2019incision, de la sculpture \u00e0 la teinture, sans oublier la c\u00e9ramique et, plus&hellip;<\/p>\n","protected":false},"featured_media":18407,"template":"","meta":{"_acf_changed":false,"inline_featured_image":false},"product_brand":[],"product_cat":[57],"product_tag":[],"class_list":{"0":"post-18377","1":"product","2":"type-product","3":"status-publish","4":"has-post-thumbnail","6":"product_cat-art-contemporain","7":"disponibilita-si","8":"description-off","10":"first","11":"instock","12":"shipping-taxable","13":"purchasable","14":"product-type-simple"},"acf":[],"_links":{"self":[{"href":"https:\/\/www.fivecontinentseditions.com\/fr\/wp-json\/wp\/v2\/product\/18377","targetHints":{"allow":["GET"]}}],"collection":[{"href":"https:\/\/www.fivecontinentseditions.com\/fr\/wp-json\/wp\/v2\/product"}],"about":[{"href":"https:\/\/www.fivecontinentseditions.com\/fr\/wp-json\/wp\/v2\/types\/product"}],"wp:featuredmedia":[{"embeddable":true,"href":"https:\/\/www.fivecontinentseditions.com\/fr\/wp-json\/wp\/v2\/media\/18407"}],"wp:attachment":[{"href":"https:\/\/www.fivecontinentseditions.com\/fr\/wp-json\/wp\/v2\/media?parent=18377"}],"wp:term":[{"taxonomy":"product_brand","embeddable":true,"href":"https:\/\/www.fivecontinentseditions.com\/fr\/wp-json\/wp\/v2\/product_brand?post=18377"},{"taxonomy":"product_cat","embeddable":true,"href":"https:\/\/www.fivecontinentseditions.com\/fr\/wp-json\/wp\/v2\/product_cat?post=18377"},{"taxonomy":"product_tag","embeddable":true,"href":"https:\/\/www.fivecontinentseditions.com\/fr\/wp-json\/wp\/v2\/product_tag?post=18377"}],"curies":[{"name":"wp","href":"https:\/\/api.w.org\/{rel}","templated":true}]}}