{"id":18140,"date":"2019-03-29T05:00:00","date_gmt":"2019-03-29T05:00:00","guid":{"rendered":"https:\/\/www.fivecontinentseditions.com\/?post_type=product&#038;p=18140"},"modified":"2019-05-02T12:07:20","modified_gmt":"2019-05-02T12:07:20","slug":"gauguin-portraits","status":"publish","type":"product","link":"https:\/\/www.fivecontinentseditions.com\/fr\/p\/gauguin-portraits\/","title":{"rendered":"GAUGUIN Portraits"},"content":{"rendered":"<p>Portraits bretons et polyn\u00e9siens, autoportraits mais aussi effigies de formes inanim\u00e9es\u00a0: la \u00ab\u00a0galerie\u00a0\u00bb de portraits r\u00e9alis\u00e9s par Paul Gauguin n\u2019a jamais fait l\u2019objet d\u2019une \u00e9tude approfondie.\u00a0Le livre <em>Gauguin. Portraits\u00a0<\/em>a pour but de combler cette lacune dans la production artistique de l\u2019un des repr\u00e9sentants majeurs du postimpressionnisme. En effet, l\u2019artiste dotait ses mod\u00e8les d\u2019attributs particuliers ou les int\u00e9grait dans des mises en sc\u00e8ne \u00e9vocatrices, en leur conf\u00e9rant des significations fortement\u00a0symboliques.<\/p>\n<p>Cet ouvrage, qui se veut une r\u00e9f\u00e9rence\u00a0 dans ce domaine sp\u00e9cifique, propose\u00a0des essais r\u00e9dig\u00e9s par de fins connaisseurs de l\u2019\u0153uvre de Gauguin\u00a0: il s\u2019agit de sp\u00e9cialistes chevronn\u00e9s et de jeunes chercheurs. Le monde de la recherche universitaire et celui des mus\u00e9es approfondissent les nombreux aspects des portraits de l\u2019artiste en prenant en compte le discours\u00a0 qu\u2019il tenait sur ces mod\u00e8les. Une attention toute particuli\u00e8re\u00a0est accord\u00e9e aux diff\u00e9rentes significations\u00a0des significations que rev\u00eatait le portrait dans l\u2019\u0153uvre de Gauguin.<\/p>\n<p>Le livre \u00e9dit\u00e9 par Cornelia Homburg et Christopher Riopelle, accompagne l\u2019exposition du m\u00eame nom, qui aura lieu au Mus\u00e9e des beaux-arts du Canada (24\u00a0mai-8\u00a0septembre 2019) et \u00e0 la National Gallery de Londres (7\u00a0octobre 2019-26\u00a0janvier 2020). Cette exposition pr\u00e9sentera une soixantaine d\u2019\u0153uvres de l\u2019artiste \u2013\u00a0peintures, \u0153uvres sur papier et objets tridimensionnels compos\u00e9s de divers mat\u00e9riaux\u00a0\u2013 provenant de collections publiques et priv\u00e9es du monde entier.<\/p>\n<p>&nbsp;<\/p>\n<p><strong>Cornelia Homburg <\/strong>est conservatrice \u00e0 la Washington University Gallery of Art et conservatrice invit\u00e9e du mus\u00e9e des Beaux-Arts du Canada.<\/p>\n<p><strong>Christopher Riopelle <\/strong>est conservateur des peintures post-1800 \u00e0\u00a0la National Gallery de Londres.<\/p>\n<p><strong>Elizabeth Childs <\/strong>est directrice du d\u00e9partement d\u2019histoire de l\u2019art et arch\u00e9ologie de la Washington University de Saint Louis. Elle est une grande sp\u00e9cialiste du modernisme d\u2019avant-garde europ\u00e9en.<\/p>\n<p><strong>Line Clausen Pedersen <\/strong>est conservatrice de la collection d\u2019art moderne de la Ny Carlsberg Glyptothek (Copenhague).<\/p>\n<p><strong>Dario Gamboni <\/strong>est professeur d\u2019histoire de l\u2019art \u00e0 l\u2019universit\u00e9 de Gen\u00e8ve. Parmi ses publications, <em>Paul Gauguin at the \u00ab\u00a0Mysterious Centre of Thought\u00a0\u00bb.<\/em><\/p>\n<p><strong>Linda Goddard <\/strong>est professeur d\u2019histoire de l\u2019art \u00e0 l\u2019universit\u00e9 de Saint Andrews. Ses recherches se concentrent sur les \u00e9crits des artistes, les cultures visuelles du voyage et du colonialisme, l\u2019art et la litt\u00e9rature des XVIII<sup>e<\/sup>et XIX<sup>e<\/sup>\u00a0si\u00e8cles.<\/p>\n<p><strong>Claire Guitton <\/strong>enseigne \u00e0 l\u2019\u00c9cole du Louvre etest adjointe de recherche de Cornelia Homburg.<\/p>\n<p><strong>Alastair Wright <\/strong>est professeur associ\u00e9 en histoire de l\u2019art au St John\u2019s College d\u2019Oxford. Ses recherches concernent\u00a0le modernisme europ\u00e9en.<\/p>\n","protected":false},"excerpt":{"rendered":"<p>Portraits bretons et polyn\u00e9siens, autoportraits mais aussi effigies de formes inanim\u00e9es\u00a0: la \u00ab\u00a0galerie\u00a0\u00bb de portraits r\u00e9alis\u00e9s par Paul Gauguin n\u2019a jamais fait l\u2019objet d\u2019une \u00e9tude approfondie.\u00a0Le livre Gauguin. Portraits\u00a0a pour but de combler cette lacune dans la production artistique de l\u2019un des repr\u00e9sentants majeurs du postimpressionnisme. En effet, l\u2019artiste dotait ses mod\u00e8les d\u2019attributs particuliers ou&hellip;<\/p>\n","protected":false},"featured_media":22334,"template":"","meta":{"_acf_changed":false,"inline_featured_image":false},"product_brand":[],"product_cat":[57,68],"product_tag":[],"class_list":{"0":"post-18140","1":"product","2":"type-product","3":"status-publish","4":"has-post-thumbnail","6":"product_cat-art-contemporain","7":"product_cat-art-moderne","8":"disponibilita-si","9":"description-off","11":"first","12":"instock","13":"shipping-taxable","14":"purchasable","15":"product-type-simple"},"acf":[],"_links":{"self":[{"href":"https:\/\/www.fivecontinentseditions.com\/fr\/wp-json\/wp\/v2\/product\/18140","targetHints":{"allow":["GET"]}}],"collection":[{"href":"https:\/\/www.fivecontinentseditions.com\/fr\/wp-json\/wp\/v2\/product"}],"about":[{"href":"https:\/\/www.fivecontinentseditions.com\/fr\/wp-json\/wp\/v2\/types\/product"}],"wp:featuredmedia":[{"embeddable":true,"href":"https:\/\/www.fivecontinentseditions.com\/fr\/wp-json\/wp\/v2\/media\/22334"}],"wp:attachment":[{"href":"https:\/\/www.fivecontinentseditions.com\/fr\/wp-json\/wp\/v2\/media?parent=18140"}],"wp:term":[{"taxonomy":"product_brand","embeddable":true,"href":"https:\/\/www.fivecontinentseditions.com\/fr\/wp-json\/wp\/v2\/product_brand?post=18140"},{"taxonomy":"product_cat","embeddable":true,"href":"https:\/\/www.fivecontinentseditions.com\/fr\/wp-json\/wp\/v2\/product_cat?post=18140"},{"taxonomy":"product_tag","embeddable":true,"href":"https:\/\/www.fivecontinentseditions.com\/fr\/wp-json\/wp\/v2\/product_tag?post=18140"}],"curies":[{"name":"wp","href":"https:\/\/api.w.org\/{rel}","templated":true}]}}