{"id":18137,"date":"2019-03-29T05:00:00","date_gmt":"2019-03-29T05:00:00","guid":{"rendered":"https:\/\/www.fivecontinentseditions.com\/?post_type=product&#038;p=18137"},"modified":"2019-04-09T06:18:15","modified_gmt":"2019-04-09T06:18:15","slug":"asia-chic","status":"publish","type":"product","link":"https:\/\/www.fivecontinentseditions.com\/fr\/p\/asia-chic\/","title":{"rendered":"ASIA CHIC"},"content":{"rendered":"<p>Dans les premi\u00e8res d\u00e9cennies du XX<sup>e<\/sup>\u00a0si\u00e8cle, les mati\u00e8res, la forme, les motifs et les associations de couleurs des v\u00eatements asiatiques influencent profond\u00e9ment la mode europ\u00e9enne. La d\u00e9couverte du kimono en particulier, sa coupe ample, la fluidit\u00e9 de sa ligne et la diversit\u00e9 de ses d\u00e9cors s\u00e9duisent les grands couturiers. Durant la p\u00e9riode des Ann\u00e9es folles, il permet de lib\u00e9rer la femme de son corset, ainsi que de son carcan social, tout en lui offrant une \u00e9l\u00e9gance nouvelle et audacieuse aux accents exotiques.<\/p>\n<p>De cette rencontre \u00e9tonnante d\u00e9coulent une exposition et ce catalogue qui confrontent dessins de cr\u00e9ateurs parisiens aux pi\u00e8ces de textiles extr\u00eame-orientaux contemporains, conserv\u00e9s \u00e0 la Fondation Baur de Gen\u00e8ve. Parmi les merveilleuses pi\u00e8ces pr\u00e9sent\u00e9es, les deux donations de kimonos et v\u00eatements japonais de\u00a0Sato Mariko (2008) et de Sugawara Keiko (2015), mais \u00e9galement des textiles chinois qui font la richesse de la Fondation.<\/p>\n<p>&nbsp;<\/p>\n<p><strong>Estelle Nikl\u00e8s van Osselt\u00a0<\/strong>est sinologue. Elle a \u00e9tudi\u00e9 les arts asiatiques et l\u2019arch\u00e9ologie dans les universit\u00e9s de Gen\u00e8ve, Londres et P\u00e9kin. Aujourd\u2019hui conservatrice \u00e0 la Fondation Baur, mus\u00e9e des Arts d\u2019Extr\u00eame-Orient de Gen\u00e8ve, elle a auparavant travaill\u00e9 pour la fondation d\u2019art contemporain chinois Guy &amp; Myriam Ullens et leur centre d\u2019art UCCA de P\u00e9kin. Parmi ses publications\u00a0: <em>Cinq bonheurs. Messages cach\u00e9s des d\u00e9cors chinois\u00a0<\/em>(2011), <em>L\u2019Asie r\u00eav\u00e9e dans les collections Baur et Cartier\u00a0<\/em>(2015), <em>L\u2019Aventure chinoise. Une famille suisse \u00e0 la conqu\u00eate du C\u00e9leste Empire\u00a0<\/em>(2017). Sp\u00e9cialiste des jeux de mots dissimul\u00e9s dans les images chinoises, ses recherches actuelles portent sur les liens culturels qui se sont lentement nou\u00e9s entre l\u2019Europe et l\u2019Asie \u00e0 partir du XIX<sup>e<\/sup>\u00a0si\u00e8cle.<\/p>\n","protected":false},"excerpt":{"rendered":"<p>Dans les premi\u00e8res d\u00e9cennies du XXe\u00a0si\u00e8cle, les mati\u00e8res, la forme, les motifs et les associations de couleurs des v\u00eatements asiatiques influencent profond\u00e9ment la mode europ\u00e9enne. La d\u00e9couverte du kimono en particulier, sa coupe ample, la fluidit\u00e9 de sa ligne et la diversit\u00e9 de ses d\u00e9cors s\u00e9duisent les grands couturiers. Durant la p\u00e9riode des Ann\u00e9es folles,&hellip;<\/p>\n","protected":false},"featured_media":22290,"template":"","meta":{"_acf_changed":false,"inline_featured_image":false},"product_brand":[],"product_cat":[56,75],"product_tag":[],"class_list":{"0":"post-18137","1":"product","2":"type-product","3":"status-publish","4":"has-post-thumbnail","6":"product_cat-art-asiatique","7":"product_cat-mode-et-design","8":"disponibilita-si","9":"description-off","11":"first","12":"instock","13":"shipping-taxable","14":"purchasable","15":"product-type-simple"},"acf":[],"_links":{"self":[{"href":"https:\/\/www.fivecontinentseditions.com\/fr\/wp-json\/wp\/v2\/product\/18137","targetHints":{"allow":["GET"]}}],"collection":[{"href":"https:\/\/www.fivecontinentseditions.com\/fr\/wp-json\/wp\/v2\/product"}],"about":[{"href":"https:\/\/www.fivecontinentseditions.com\/fr\/wp-json\/wp\/v2\/types\/product"}],"wp:featuredmedia":[{"embeddable":true,"href":"https:\/\/www.fivecontinentseditions.com\/fr\/wp-json\/wp\/v2\/media\/22290"}],"wp:attachment":[{"href":"https:\/\/www.fivecontinentseditions.com\/fr\/wp-json\/wp\/v2\/media?parent=18137"}],"wp:term":[{"taxonomy":"product_brand","embeddable":true,"href":"https:\/\/www.fivecontinentseditions.com\/fr\/wp-json\/wp\/v2\/product_brand?post=18137"},{"taxonomy":"product_cat","embeddable":true,"href":"https:\/\/www.fivecontinentseditions.com\/fr\/wp-json\/wp\/v2\/product_cat?post=18137"},{"taxonomy":"product_tag","embeddable":true,"href":"https:\/\/www.fivecontinentseditions.com\/fr\/wp-json\/wp\/v2\/product_tag?post=18137"}],"curies":[{"name":"wp","href":"https:\/\/api.w.org\/{rel}","templated":true}]}}