{"id":1774,"date":"2003-01-01T05:00:00","date_gmt":"2003-01-01T05:00:00","guid":{"rendered":"http:\/\/www.fivecontinentseditions.com\/prodotto\/bernatzik-southeast-asia-2\/"},"modified":"2018-02-07T16:19:40","modified_gmt":"2018-02-07T16:19:40","slug":"bernatzik-southeast-asia-2","status":"publish","type":"product","link":"https:\/\/www.fivecontinentseditions.com\/fr\/p\/bernatzik-southeast-asia-2\/","title":{"rendered":"Bernatzik. Southeast Asia"},"content":{"rendered":"<p>La derni\u00e8re partie de la s\u00e9rie sur Hugo Bernatzik explore le travail r\u00e9alis\u00e9 par le photographe autrichien en Asie du Sud-Est et en Indon\u00e9sie, alors qu&rsquo;il \u00e9tait au sommet de sa carri\u00e8re d&rsquo;un point de vue technique, artistique et anthropologique.<\/p>\n<p>Il s&rsquo;agit ici de ses photographies des peuples de l&rsquo;Asie du Sud-Est (y compris l&rsquo;\u00eele de Bali, Malabar et l&rsquo;Inde). Les principales zones g\u00e9ographiques auxquelles il s&rsquo;est int\u00e9ress\u00e9 sont la Birmanie, le Siam, le Cambodge et l&rsquo;Annam. Comme avec les autres livres de cette s\u00e9rie, il est \u00e9vident que ces portraits d&rsquo;\u00e9poques depuis longtemps disparues se rattachent davantage \u00e0&laquo;l&rsquo;art&raquo; qu&rsquo;\u00e0&laquo;l&rsquo;ethnographie&raquo;, mais ces photographies seront vues par le public et c&rsquo;est ce qui importe. Il s&rsquo;en d\u00e9gage un fort sentiment d&rsquo;appartenance \u00e0l&rsquo;environnement et \u00e0une \u00e9poque qui ne peut que frapper l&rsquo;imagination.<\/p>\n","protected":false},"excerpt":{"rendered":"<p>La derni\u00e8re partie de la s\u00e9rie sur Hugo Bernatzik explore le travail r\u00e9alis\u00e9 par le photographe autrichien en Asie du Sud-Est et en Indon\u00e9sie, alors qu&rsquo;il \u00e9tait au sommet de sa carri\u00e8re d&rsquo;un point de vue technique, artistique et anthropologique. Il s&rsquo;agit ici de ses photographies des peuples de l&rsquo;Asie du Sud-Est (y compris l&rsquo;\u00eele&hellip;<\/p>\n","protected":false},"featured_media":1749,"template":"","meta":{"_acf_changed":false,"inline_featured_image":false},"product_brand":[],"product_cat":[73],"product_tag":[],"class_list":{"0":"post-1774","1":"product","2":"type-product","3":"status-publish","4":"has-post-thumbnail","6":"product_cat-photographie","7":"disponibilita-si","8":"description-off","10":"first","11":"instock","12":"shipping-taxable","13":"purchasable","14":"product-type-simple"},"acf":[],"_links":{"self":[{"href":"https:\/\/www.fivecontinentseditions.com\/fr\/wp-json\/wp\/v2\/product\/1774","targetHints":{"allow":["GET"]}}],"collection":[{"href":"https:\/\/www.fivecontinentseditions.com\/fr\/wp-json\/wp\/v2\/product"}],"about":[{"href":"https:\/\/www.fivecontinentseditions.com\/fr\/wp-json\/wp\/v2\/types\/product"}],"wp:featuredmedia":[{"embeddable":true,"href":"https:\/\/www.fivecontinentseditions.com\/fr\/wp-json\/wp\/v2\/media\/1749"}],"wp:attachment":[{"href":"https:\/\/www.fivecontinentseditions.com\/fr\/wp-json\/wp\/v2\/media?parent=1774"}],"wp:term":[{"taxonomy":"product_brand","embeddable":true,"href":"https:\/\/www.fivecontinentseditions.com\/fr\/wp-json\/wp\/v2\/product_brand?post=1774"},{"taxonomy":"product_cat","embeddable":true,"href":"https:\/\/www.fivecontinentseditions.com\/fr\/wp-json\/wp\/v2\/product_cat?post=1774"},{"taxonomy":"product_tag","embeddable":true,"href":"https:\/\/www.fivecontinentseditions.com\/fr\/wp-json\/wp\/v2\/product_tag?post=1774"}],"curies":[{"name":"wp","href":"https:\/\/api.w.org\/{rel}","templated":true}]}}