{"id":17454,"date":"2018-10-19T05:00:00","date_gmt":"2018-10-19T05:00:00","guid":{"rendered":"https:\/\/www.fivecontinentseditions.com\/?post_type=product&#038;p=17454"},"modified":"2018-11-29T10:37:19","modified_gmt":"2018-11-29T10:37:19","slug":"art-brut-from-japan-another-look","status":"publish","type":"product","link":"https:\/\/www.fivecontinentseditions.com\/fr\/p\/art-brut-from-japan-another-look\/","title":{"rendered":"Art Brut from Japan, Another Look"},"content":{"rendered":"<p>Ce catalogue pr\u00e9sente les travaux de nouveaux auteurs japonais, suite au catalogue <em>Art Brut du Japon<\/em>, co\u00e9dit\u00e9 par la Collection de l\u2019Art Brut et les \u00e9ditions Infolio en 2008. Il poursuit l\u2019\u00e9tude des cr\u00e9ations d\u2019Art Brut nippones entam\u00e9e dans ce premier ouvrage en pr\u00e9sentant 25\u00a0nouveaux cr\u00e9ateurs, provenant de diverses r\u00e9gions du Japon, dont les travaux n\u2019ont encore jamais fait l\u2019objet d\u2019une publication th\u00e9matique de ce type. Leurs \u0153uvres sont des dessins, peintures, photographies, productions textiles et sculptures.\u00a0Edward Gomez et Tadashi Hattori, sp\u00e9cialistes de l\u2019Art Brut au Japon, signent deux articles sur la question de l\u2019Art Brut au Japon et l\u2019assimilation depuis 2008, au Japon, de ce concept \u00e0 l\u2019art des personnes souffrant de handicap mental. Or, comme ils le rappellent, si cette notion repose sur des crit\u00e8res de nature esth\u00e9tique et sociologique (les auteurs sont des autodidactes, marginaux, r\u00e9fractaires, prisonniers, pensionnaires d\u2019h\u00f4pitaux psychiatriques, personnes \u00e2g\u00e9es, etc., qui cr\u00e9ent en dehors du champ officiel de l\u2019art), la maladie, qu\u2019elle soit physique ou mentale, ne constitue pas un crit\u00e8re en soi. Leurs contributions permettent en ce sens de clarifier le concept de l\u2019Art Brut au regard de ces nouvelles productions nippones.<\/p>\n<p>&nbsp;<\/p>\n<p><strong>Sarah Lombardi<\/strong>, historienne de l\u2019art, est directrice de la Collection de l\u2019Art Brut depuis 2013. D\u00e8s son arriv\u00e9e \u00e0 la t\u00eate de l\u2019institution lausannoise, elle a mis l\u2019accent sur la valorisation des collections du mus\u00e9e, en cr\u00e9ant les biennales de l\u2019Art Brut \u2013\u00a0des expositions th\u00e9matiques pr\u00e9sentant exclusivement des \u0153uvres issues du fonds de l\u2019institution\u00a0\u2013 et une nouvelle s\u00e9rie \u00e9ditoriale intitul\u00e9e <em>Art Brut, la collection. <\/em>Sarah Lombardi a publi\u00e9 de nombreux ouvrages en lien avec les expositions du mus\u00e9e et a r\u00e9dig\u00e9 des articles sur l\u2019Art Brut dans des catalogues d\u2019exposition et des revues sp\u00e9cialis\u00e9es. Elle poursuit \u00e9galement la s\u00e9rie des fascicules <em>L\u2019Art Brut<\/em>, commenc\u00e9e en 1964 par Jean Dubuffet, et a \u00e9dit\u00e9 en novembre\u00a02016 l\u2019<em>Almanach de l\u2019Art Brut<\/em>, un projet \u00e9ditorial lanc\u00e9 par Jean Dubuffet en 1948, qui constitue un ouvrage cl\u00e9 dans l\u2019histoire de l\u2019Art Brut.<\/p>\n<p><strong>Edward M. G\u00f3mez<\/strong>, journaliste et critique d\u2019art, est commissaire d\u2019exposition et sp\u00e9cialiste de l\u2019art moderne et de la culture japonaise, et notamment de l\u2019Art Brut au Japon. Il a \u00e9crit pour <em>The <\/em><em>New York Times<\/em>, <em>International Herald Tribune<\/em>, <em>S.\u00a0F.\u00a0Gate\/San Francisco Chronicle<\/em>, <em>Hyperallergic<\/em>, <em>Brooklyn Rail<\/em>, <em>salon.com<\/em>, <em>ARTnews<\/em>, <em>Art in America<\/em>, <em>Art &amp; Antiques<\/em>, <em>Art + Auction<\/em>, <em>Metropolis<\/em>, <em>Interview<\/em>, <em>Modern Painters<\/em>, <em>Cond\u00e9 Nast Traveler<\/em>, <em>Eye\u00a0<\/em>(Londres),\u00a0<em>The <\/em><em>Japan Times<\/em>, <em>Ikebana Ryusei<\/em>.<\/p>\n<p><strong>Tadashi Hattori\u00a0<\/strong>est professeur agr\u00e9g\u00e9 d\u2019histoire et de th\u00e9orie de l\u2019art \u00e0 l\u2019Universit\u00e9 Konan de Kobe, au Japon, et ancien conservateur du Mus\u00e9e d\u2019art pr\u00e9fectoral de Hyogo \u00e0 Kobe. Il \u00e9crit pour de nombreuses publications et organise de diverses expositions sur l\u2019art brut et l\u2019art r\u00e9alis\u00e9 par des handicap\u00e9s. Il collabore avec des institutions d\u2019art brut en Europe telles que la Collection de l\u2019Art Brut \u00e0 Lausanne et Adolf W\u00f6lfli-Stiftung \u00e0 Berne, ainsi qu\u2019au Mus\u00e9e de la Cr\u00e9ation Franche \u00e0 B\u00e8gles.<\/p>\n","protected":false},"excerpt":{"rendered":"<p>Ce catalogue pr\u00e9sente les travaux de nouveaux auteurs japonais, suite au catalogue Art Brut du Japon, co\u00e9dit\u00e9 par la Collection de l\u2019Art Brut et les \u00e9ditions Infolio en 2008. Il poursuit l\u2019\u00e9tude des cr\u00e9ations d\u2019Art Brut nippones entam\u00e9e dans ce premier ouvrage en pr\u00e9sentant 25\u00a0nouveaux cr\u00e9ateurs, provenant de diverses r\u00e9gions du Japon, dont les travaux&hellip;<\/p>\n","protected":false},"featured_media":21932,"template":"","meta":{"_acf_changed":false,"inline_featured_image":false},"product_brand":[],"product_cat":[49],"product_tag":[],"class_list":{"0":"post-17454","1":"product","2":"type-product","3":"status-publish","4":"has-post-thumbnail","6":"product_cat-art-brut-fr","7":"disponibilita-no","8":"description-off","10":"first","11":"outofstock","12":"shipping-taxable","13":"purchasable","14":"product-type-simple"},"acf":[],"_links":{"self":[{"href":"https:\/\/www.fivecontinentseditions.com\/fr\/wp-json\/wp\/v2\/product\/17454","targetHints":{"allow":["GET"]}}],"collection":[{"href":"https:\/\/www.fivecontinentseditions.com\/fr\/wp-json\/wp\/v2\/product"}],"about":[{"href":"https:\/\/www.fivecontinentseditions.com\/fr\/wp-json\/wp\/v2\/types\/product"}],"wp:featuredmedia":[{"embeddable":true,"href":"https:\/\/www.fivecontinentseditions.com\/fr\/wp-json\/wp\/v2\/media\/21932"}],"wp:attachment":[{"href":"https:\/\/www.fivecontinentseditions.com\/fr\/wp-json\/wp\/v2\/media?parent=17454"}],"wp:term":[{"taxonomy":"product_brand","embeddable":true,"href":"https:\/\/www.fivecontinentseditions.com\/fr\/wp-json\/wp\/v2\/product_brand?post=17454"},{"taxonomy":"product_cat","embeddable":true,"href":"https:\/\/www.fivecontinentseditions.com\/fr\/wp-json\/wp\/v2\/product_cat?post=17454"},{"taxonomy":"product_tag","embeddable":true,"href":"https:\/\/www.fivecontinentseditions.com\/fr\/wp-json\/wp\/v2\/product_tag?post=17454"}],"curies":[{"name":"wp","href":"https:\/\/api.w.org\/{rel}","templated":true}]}}