{"id":17448,"date":"2018-10-22T05:00:00","date_gmt":"2018-10-22T05:00:00","guid":{"rendered":"https:\/\/www.fivecontinentseditions.com\/?post_type=product&#038;p=17448"},"modified":"2018-11-06T09:56:00","modified_gmt":"2018-11-06T09:56:00","slug":"gustave-revilliod-1817-1890-un-homme-ouvert-au-monde","status":"publish","type":"product","link":"https:\/\/www.fivecontinentseditions.com\/fr\/p\/gustave-revilliod-1817-1890-un-homme-ouvert-au-monde\/","title":{"rendered":"Gustave Revilliod (1817-1890), un homme ouvert au monde"},"content":{"rendered":"<p>Grand collectionneur, voyageur infatigable, homme de lettres \u00e9rudit, m\u00e9c\u00e8ne \u00e9clair\u00e9 et citoyen patriote, le Genevois Gustave Revilliod est n\u00e9 \u00e0 Gen\u00e8ve en 1817 et d\u00e9c\u00e9d\u00e9 au\u00a0Caire en 1890. Le grand \u0153uvre de sa vie est assur\u00e9ment le Mus\u00e9e Ariana, qu\u2019il construit pour abriter ses collections, mais surtout pour les ouvrir \u00e0 la d\u00e9lectation et \u00e0 l\u2019\u00e9ducation de tous. Aujourd\u2019hui Mus\u00e9e suisse de la c\u00e9ramique et du verre, l\u2019Ariana est \u00e0 l\u2019origine une institution encyclop\u00e9dique, qui pr\u00e9sente, \u00e0 travers les m\u00e9diums et les \u00e9poques, toutes les productions artistiques jug\u00e9es dignes d\u2019int\u00e9r\u00eat par le collectionneur.<\/p>\n<p>Cette publication d\u2019envergure, r\u00e9unissant plus de trente contributions, propose un riche panorama consacr\u00e9 \u00e0 Gustave Revilliod. Sa vie nourrie de passions et d\u2019activit\u00e9s diverses est pass\u00e9e au crible de recherches approfondies, \u00e0 la lumi\u00e8re de nombreux documents d\u2019archive. Sa famille, son entourage, ses propri\u00e9t\u00e9s fonci\u00e8res et les origines de sa fortune, ses voyages en Europe puis autour du monde \u2013\u00a0avec un focus sur l\u2019Asie\u00a0\u2013 et ses opinions politiques teint\u00e9es d\u2019anticolonialisme y\u00a0sont \u00e9tudi\u00e9s aux c\u00f4t\u00e9s de son activit\u00e9 \u00e9ditoriale, ses collections \u2013\u00a0plus de 30\u00a0000\u00a0objets aujourd\u2019hui conserv\u00e9s dans les institutions publiques genevoises\u00a0\u2013, ainsi que son projet faramineux pour l\u2019\u00e9dification d\u2019un mus\u00e9e. Les id\u00e9es, faits et gestes de Revilliod nourrissent une analyse situationnelle \u00e0 l\u2019aune d\u2019un XIX<sup>e<\/sup>\u00a0si\u00e8cle o\u00f9 se d\u00e9veloppent les premiers grands mus\u00e9es, l\u2019engouement pour les expositions universelles, mais aussi la consommation ostentatoire d\u2019objets exotiques promue par le grand magasin.<\/p>\n<p>&nbsp;<\/p>\n<p><strong>Isabelle Naef-Galuba\u00a0<\/strong>est directrice du Mus\u00e9e Ariana, Mus\u00e9e suisse de la c\u00e9ramique et du verre, depuis 2010. Titulaire d\u2019un master en arts avec une sp\u00e9cialisation c\u00e9ramique et dot\u00e9e de plusieurs formations en management, elle est sp\u00e9cialis\u00e9e en informatique documentaire pour les collections patrimoniales.<\/p>\n<p><strong>Danielle Buyssens<\/strong>, docteure en histoire et civilisations de l\u2019EHESS (Paris), travaille dans le champ de l\u2019histoire culturelle de Gen\u00e8ve, sur les arts et les collections publiques, notamment ethnographiques. Auteure de nombreuses publications, articles et contributions \u00e0 des ouvrages collectifs, elle a re\u00e7u le Prix d\u2019histoire 2010 de l\u2019Institut national genevois pour <em>La Question de l\u2019art \u00e0 Gen\u00e8ve, du cosmopolitisme des Lumi\u00e8res au romantisme des nationalit\u00e9s <\/em>(2008). Elle est conservatrice honoraire du Mus\u00e9e d\u2019ethnographie de la ville.<\/p>\n<p><strong>Barbara Roth-Lochner<\/strong>, docteure \u00e8s lettres (histoire) de l\u2019Universit\u00e9 de Gen\u00e8ve, conservatrice honoraire \u00e0 la Biblioth\u00e8que de Gen\u00e8ve, a \u00e9t\u00e9 archiviste d\u2019\u00c9tat adjointe aux Archives d\u2019\u00c9tat de Gen\u00e8ve, puis conservatrice des manuscrits et des archives priv\u00e9es \u00e0 la Biblioth\u00e8que de Gen\u00e8ve, responsable de l\u2019Unit\u00e9 des collections sp\u00e9ciales. Auteure de recherches et de publications dans le domaine de l\u2019histoire genevoise et de l\u2019archivistique, elle participe \u00e0 la formation des archivistes en Suisse aux Universit\u00e9s de Berne et de Lausanne.<\/p>\n","protected":false},"excerpt":{"rendered":"<p>Grand collectionneur, voyageur infatigable, homme de lettres \u00e9rudit, m\u00e9c\u00e8ne \u00e9clair\u00e9 et citoyen patriote, le Genevois Gustave Revilliod est n\u00e9 \u00e0 Gen\u00e8ve en 1817 et d\u00e9c\u00e9d\u00e9 au\u00a0Caire en 1890. Le grand \u0153uvre de sa vie est assur\u00e9ment le Mus\u00e9e Ariana, qu\u2019il construit pour abriter ses collections, mais surtout pour les ouvrir \u00e0 la d\u00e9lectation et \u00e0&hellip;<\/p>\n","protected":false},"featured_media":21890,"template":"","meta":{"_acf_changed":false,"inline_featured_image":false},"product_brand":[],"product_cat":[68,70],"product_tag":[],"class_list":{"0":"post-17448","1":"product","2":"type-product","3":"status-publish","4":"has-post-thumbnail","6":"product_cat-art-moderne","7":"product_cat-arts-appliques","8":"disponibilita-si","9":"description-off","11":"first","12":"instock","13":"shipping-taxable","14":"purchasable","15":"product-type-simple"},"acf":[],"_links":{"self":[{"href":"https:\/\/www.fivecontinentseditions.com\/fr\/wp-json\/wp\/v2\/product\/17448","targetHints":{"allow":["GET"]}}],"collection":[{"href":"https:\/\/www.fivecontinentseditions.com\/fr\/wp-json\/wp\/v2\/product"}],"about":[{"href":"https:\/\/www.fivecontinentseditions.com\/fr\/wp-json\/wp\/v2\/types\/product"}],"wp:featuredmedia":[{"embeddable":true,"href":"https:\/\/www.fivecontinentseditions.com\/fr\/wp-json\/wp\/v2\/media\/21890"}],"wp:attachment":[{"href":"https:\/\/www.fivecontinentseditions.com\/fr\/wp-json\/wp\/v2\/media?parent=17448"}],"wp:term":[{"taxonomy":"product_brand","embeddable":true,"href":"https:\/\/www.fivecontinentseditions.com\/fr\/wp-json\/wp\/v2\/product_brand?post=17448"},{"taxonomy":"product_cat","embeddable":true,"href":"https:\/\/www.fivecontinentseditions.com\/fr\/wp-json\/wp\/v2\/product_cat?post=17448"},{"taxonomy":"product_tag","embeddable":true,"href":"https:\/\/www.fivecontinentseditions.com\/fr\/wp-json\/wp\/v2\/product_tag?post=17448"}],"curies":[{"name":"wp","href":"https:\/\/api.w.org\/{rel}","templated":true}]}}