{"id":17324,"date":"2018-10-02T05:00:00","date_gmt":"2018-10-02T05:00:00","guid":{"rendered":"https:\/\/www.fivecontinentseditions.com\/?post_type=product&#038;p=17324"},"modified":"2024-11-30T06:57:39","modified_gmt":"2024-11-30T06:57:39","slug":"passato-presente","status":"publish","type":"product","link":"https:\/\/www.fivecontinentseditions.com\/fr\/p\/passato-presente\/","title":{"rendered":"Passato &#038; Presente"},"content":{"rendered":"<p>Pour voir ce qui a chang\u00e9, le pr\u00e9sent doit se tourner vers le pass\u00e9. C\u2019est cette r\u00e9flexion qui a donn\u00e9 \u00e0 Orith Kolodny l\u2019id\u00e9e de ce petit ouvrage limpide, couleur rosechocolat, qui attire notre attention sur les transformations dont nous sommes t\u00e9moins. Au fil d\u2019un dialogue sans paroles, il confronte des symboles, des pictogrammes, des fa\u00e7ons de faire et de penser. La colombe, symbole de paix, se m\u00e9tamorphose en un petit oiseau connotant l\u2019univers social de Twitter. Aujourd\u2019hui, on ne cherche plus une cabine t\u00e9l\u00e9phonique, d\u00e9sormais priv\u00e9e de toute mat\u00e9rialit\u00e9, mais le symbole abstrait du r\u00e9seau wi-fi. Bien d\u2019autres exemples figurent dans ce livre interg\u00e9n\u00e9rationnel, qui illustre le changement sans porter de jugement, m\u00eame si, parfois, on ne peut s\u2019emp\u00eacher d\u2019\u00e9prouver un peu de nostalgie.<\/p>\n<p><strong>\u00a0<\/strong><\/p>\n<p><strong>Orith Kolodny\u00a0<\/strong>est n\u00e9e \u00e0 Tel\u00a0Aviv. Elle vit \u00e0 Milan et y travaille comme graphiste. Elle est co-auteure\u00a0des ouvrages de la collection \u00ab\u00a0De ville en ville\u00a0\u00bb pour la maison d\u2019\u00e9dition La Joie de lire. Dans le pr\u00e9sent, sa curiosit\u00e9 et son imagination lui permettent de cr\u00e9er\u00a0des logos, des marques et des livres illustr\u00e9s. Dans le pass\u00e9, sa rapidit\u00e9 lui a permis de d\u00e9crocher de nombreux titres, dont le record isra\u00e9lien du 400\u00a0m\u00e8tres, qu\u2019elle a d\u00e9tenu pendant quinze ans.<\/p>\n","protected":false},"excerpt":{"rendered":"<p>Pour voir ce qui a chang\u00e9, le pr\u00e9sent doit se tourner vers le pass\u00e9. C\u2019est cette r\u00e9flexion qui a donn\u00e9 \u00e0 Orith Kolodny l\u2019id\u00e9e de ce petit ouvrage limpide, couleur rosechocolat, qui attire notre attention sur les transformations dont nous sommes t\u00e9moins. Au fil d\u2019un dialogue sans paroles, il confronte des symboles, des pictogrammes, des&hellip;<\/p>\n","protected":false},"featured_media":21767,"template":"","meta":{"_acf_changed":false,"inline_featured_image":false},"product_brand":[],"product_cat":[71],"product_tag":[],"class_list":{"0":"post-17324","1":"product","2":"type-product","3":"status-publish","4":"has-post-thumbnail","6":"product_cat-arts-graphiques","7":"disponibilita-si","8":"description-off","10":"first","11":"instock","12":"shipping-taxable","13":"purchasable","14":"product-type-simple"},"acf":[],"_links":{"self":[{"href":"https:\/\/www.fivecontinentseditions.com\/fr\/wp-json\/wp\/v2\/product\/17324","targetHints":{"allow":["GET"]}}],"collection":[{"href":"https:\/\/www.fivecontinentseditions.com\/fr\/wp-json\/wp\/v2\/product"}],"about":[{"href":"https:\/\/www.fivecontinentseditions.com\/fr\/wp-json\/wp\/v2\/types\/product"}],"wp:featuredmedia":[{"embeddable":true,"href":"https:\/\/www.fivecontinentseditions.com\/fr\/wp-json\/wp\/v2\/media\/21767"}],"wp:attachment":[{"href":"https:\/\/www.fivecontinentseditions.com\/fr\/wp-json\/wp\/v2\/media?parent=17324"}],"wp:term":[{"taxonomy":"product_brand","embeddable":true,"href":"https:\/\/www.fivecontinentseditions.com\/fr\/wp-json\/wp\/v2\/product_brand?post=17324"},{"taxonomy":"product_cat","embeddable":true,"href":"https:\/\/www.fivecontinentseditions.com\/fr\/wp-json\/wp\/v2\/product_cat?post=17324"},{"taxonomy":"product_tag","embeddable":true,"href":"https:\/\/www.fivecontinentseditions.com\/fr\/wp-json\/wp\/v2\/product_tag?post=17324"}],"curies":[{"name":"wp","href":"https:\/\/api.w.org\/{rel}","templated":true}]}}