{"id":17224,"date":"2018-09-28T05:00:00","date_gmt":"2018-09-28T05:00:00","guid":{"rendered":"https:\/\/www.fivecontinentseditions.com\/?post_type=product&#038;p=17224"},"modified":"2024-03-20T14:51:48","modified_gmt":"2024-03-20T14:51:48","slug":"oscar-g-rejlander-artiste-photographe","status":"publish","type":"product","link":"https:\/\/www.fivecontinentseditions.com\/fr\/p\/oscar-g-rejlander-artiste-photographe\/","title":{"rendered":"Oscar G. Rejlander. Artiste photographe"},"content":{"rendered":"<p>Avec ses cheveux roux et son accent su\u00e9dois, Oscar Gustaf Rejlander ne passe pas inaper\u00e7u parmi les photographes de Londres. Il a\u00a0un penchant pour la r\u00e9alisation d\u2019autoportraits, si bien qu\u2019il nous a laiss\u00e9 un t\u00e9moignage important de son talent. Les premi\u00e8res ann\u00e9es de son existence demeurent toutefois en grande partie un myst\u00e8re. Son certificat de mariage indique qu\u2019il vient de Su\u00e8de et que son p\u00e8re, Carl Gustaf, est tailleur de pierre et soldat dans l\u2019arm\u00e9e su\u00e9doise. D\u2019apr\u00e8s ses papiers de naturalisation en 1852, Rejlander d\u00e9clare \u00eatre n\u00e9 le 19\u00a0octobre 1813 et \u00eatre arriv\u00e9 en Angleterre en ao\u00fbt\u00a01838. C\u2019est de toute \u00e9vidence un artiste qualifi\u00e9, m\u00eame s\u2019il est difficile d\u2019en trouver confirmation dans sa biographie \u00e0 partir des archives le concernant. Quoi qu\u2019il en soit, une fois en Angleterre, apr\u00e8s avoir appris les rudiments de la photographie aupr\u00e8s de Nicolaas Henneman, il se lance dans une carri\u00e8re photographique o\u00f9 il contribue tant au d\u00e9veloppement technique qu\u2019artistique de ce m\u00e9dium. Son chef-d\u2019\u0153uvre, <em>Two Ways of Life\u00a0<\/em>(1857), devient l\u2019une des \u0153uvres les plus importantes et controvers\u00e9es dans l\u2019histoire de la photographie. En 1862, Rejlander s\u2019installe \u00e0 Londres o\u00f9 il poursuit son activit\u00e9 de photographe tout en peignant et en r\u00e9alisant quelques lithographies jusqu\u2019\u00e0 sa mort en 1875.<\/p>\n<p>Si Rejlander est d\u00e9sormais consid\u00e9r\u00e9 comme le \u00ab\u00a0p\u00e8re de la photographie artistique\u00a0\u00bb, essentiellement en raison de ses apports \u00e0 la technique de la combinaison d\u2019impression, de m\u00eame que pour ses \u00ab\u00a0\u00e9tudes artistiques\u00a0\u00bb photographiques et ses sc\u00e8nes pleines d\u2019humour et de genre, son travail n\u2019a jamais fait l\u2019objet d\u2019une grande exposition pr\u00e9sentant \u00e0 la fois ses photographies et ses peintures. Ce catalogue, qui accompagne l\u2019exposition qui d\u00e9bute \u00e0 Ottawa \u00e0 l\u2019occasion du 205<sup>e<\/sup>\u00a0anniversaire de la naissance de Rejlander, se propose d\u2019examiner plus attentivement sa carri\u00e8re et ainsi mieux appr\u00e9hender la richesse de son travail avant et apr\u00e8s <em>Two Ways of Life.<\/em><\/p>\n<p>&nbsp;<\/p>\n<p><strong>Lori Pauli\u00a0<\/strong>est conservateur \u00e0 l\u2019Institut canadien de la photographie (ICP), Mus\u00e9e des beaux-arts du Canada.<\/p>\n<p><strong>Karen Hellman<\/strong>, J. Paul Getty Museum.<\/p>\n<p><strong>Jordan Bear<\/strong>, Universit\u00e9 de Toronto.<\/p>\n<p><strong>Phillip Prodger\u00a0<\/strong>est ancien conservateur de la photographie \u00e0 la National Portrait Gallery, Londres.<\/p>\n","protected":false},"excerpt":{"rendered":"<p>Avec ses cheveux roux et son accent su\u00e9dois, Oscar Gustaf Rejlander ne passe pas inaper\u00e7u parmi les photographes de Londres. Il a\u00a0un penchant pour la r\u00e9alisation d\u2019autoportraits, si bien qu\u2019il nous a laiss\u00e9 un t\u00e9moignage important de son talent. Les premi\u00e8res ann\u00e9es de son existence demeurent toutefois en grande partie un myst\u00e8re. Son certificat de&hellip;<\/p>\n","protected":false},"featured_media":21705,"template":"","meta":{"_acf_changed":false,"inline_featured_image":false},"product_brand":[],"product_cat":[73],"product_tag":[],"class_list":{"0":"post-17224","1":"product","2":"type-product","3":"status-publish","4":"has-post-thumbnail","6":"product_cat-photographie","7":"disponibilita-si","8":"description-off","10":"first","11":"instock","12":"shipping-taxable","13":"purchasable","14":"product-type-simple"},"acf":[],"_links":{"self":[{"href":"https:\/\/www.fivecontinentseditions.com\/fr\/wp-json\/wp\/v2\/product\/17224","targetHints":{"allow":["GET"]}}],"collection":[{"href":"https:\/\/www.fivecontinentseditions.com\/fr\/wp-json\/wp\/v2\/product"}],"about":[{"href":"https:\/\/www.fivecontinentseditions.com\/fr\/wp-json\/wp\/v2\/types\/product"}],"wp:featuredmedia":[{"embeddable":true,"href":"https:\/\/www.fivecontinentseditions.com\/fr\/wp-json\/wp\/v2\/media\/21705"}],"wp:attachment":[{"href":"https:\/\/www.fivecontinentseditions.com\/fr\/wp-json\/wp\/v2\/media?parent=17224"}],"wp:term":[{"taxonomy":"product_brand","embeddable":true,"href":"https:\/\/www.fivecontinentseditions.com\/fr\/wp-json\/wp\/v2\/product_brand?post=17224"},{"taxonomy":"product_cat","embeddable":true,"href":"https:\/\/www.fivecontinentseditions.com\/fr\/wp-json\/wp\/v2\/product_cat?post=17224"},{"taxonomy":"product_tag","embeddable":true,"href":"https:\/\/www.fivecontinentseditions.com\/fr\/wp-json\/wp\/v2\/product_tag?post=17224"}],"curies":[{"name":"wp","href":"https:\/\/api.w.org\/{rel}","templated":true}]}}