{"id":17166,"date":"2018-09-14T05:00:00","date_gmt":"2018-09-14T05:00:00","guid":{"rendered":"https:\/\/www.fivecontinentseditions.com\/?post_type=product&#038;p=17166"},"modified":"2018-09-28T07:38:38","modified_gmt":"2018-09-28T07:38:38","slug":"mille-ans-de-monochromes","status":"publish","type":"product","link":"https:\/\/www.fivecontinentseditions.com\/fr\/p\/mille-ans-de-monochromes\/","title":{"rendered":"Mille ans de monochromes"},"content":{"rendered":"<p>De toutes les civilisations, la Chine s\u2019illustre par la plus longue tradition c\u00e9ramique, des terres cuites et gr\u00e8s des temps antiques aux porcelaines imp\u00e9riales r\u00e9alis\u00e9es \u00e0 Jingdezhen d\u00e8s la fin du XIV<sup>e<\/sup>\u00a0si\u00e8cle. Ces pr\u00e9cieuses c\u00e9ramiques ont de tout temps \u00e9t\u00e9 admir\u00e9es et collectionn\u00e9es pour leur exceptionnelle qualit\u00e9. Deux cents chefs-d\u2019\u0153uvre de deux collections priv\u00e9es, renomm\u00e9es dans le monde entier, sont r\u00e9unis pour la premi\u00e8re fois dans cet ouvrage. Les collections Baur \u00e0 Gen\u00e8ve, form\u00e9es de 1928 \u00e0 1951, et la collection Zhuyuetang (le pavillon du Bambou et de la Lune) \u00e0 Hong Kong, assembl\u00e9e \u00e0 partir de la fin des ann\u00e9es\u00a01980, t\u00e9moignent du raffinement et de la vari\u00e9t\u00e9 de la porcelaine monochrome imp\u00e9riale des dynasties Ming (1368-1644) et Qing (1644-1911), qui prolonge la tradition des \u00e9poques Tang (618-907) et Song (960-1279). Ces pi\u00e8ces d\u2019une apparente sobri\u00e9t\u00e9, qui participent \u00e0 la fois du profane et du sacr\u00e9, attestent un retour aux valeurs de simplicit\u00e9 et de modestie pr\u00f4n\u00e9es par les textes classiques. Par ses diff\u00e9rents chapitres repla\u00e7ant les \u0153uvres dans un contexte historique, culturel et technique, ce livre est une r\u00e9f\u00e9rence absolue sur les monochromes chinois pour les passionn\u00e9s de c\u00e9ramique chinoise, les \u00e9tudiants, les chercheurs et les connaisseurs.<\/p>\n<p>&nbsp;<\/p>\n<p>Dipl\u00f4m\u00e9e de l\u2019\u00c9cole du Louvre et docteur de Paris IV-Sorbonne,\u00a0<strong>Laure Schwartz-Arenales\u00a0<\/strong>a d\u00e9but\u00e9 sa carri\u00e8re au mus\u00e9e national des Arts asiatiques-Guimet et \u00e0 l\u2019\u00c9cole du Louvre o\u00f9 elle a enseign\u00e9 les arts extr\u00eame-orientaux. Laur\u00e9ate en 1998 d\u2019une bourse du minist\u00e8re de l\u2019\u00c9ducation japonais, elle a men\u00e9 ses recherches sur la peinture bouddhique \u00e0 l\u2019universit\u00e9 nationale du Tohoku et au Mus\u00e9e national de Ky\u00f4to. Portant sur l<em>\u2019Otoku nehan zu<\/em>, chef-d\u2019\u0153uvre de la peinture de l\u2019\u00e9poque de Heian, sa th\u00e8se fut r\u00e9compens\u00e9e en 2007 par le prestigieux prix japonais de la Kajima Foundation for the Arts. Tout en poursuivant ses recherches avec d\u2019\u00e9minents sp\u00e9cialistes de l\u2019art extr\u00eame-oriental, elle a en tant que professeur au Japon, \u00e0 l\u2019universit\u00e9 nationale Ochanomizu puis \u00e0 l\u2019universit\u00e9 Sophia, organis\u00e9 plusieurs rencontres internationales, enseign\u00e9 et publi\u00e9 sur l\u2019histoire de la r\u00e9ception de l\u2019art extr\u00eame-oriental en Europe. Depuis 2018, elle dirige la Fondation Baur, mus\u00e9e des Arts d\u2019Extr\u00eame-Orient \u00e0 Gen\u00e8ve.<\/p>\n<p>Dipl\u00f4m\u00e9e de l\u2019universit\u00e9 d\u2019Aix-en-Provence, de l\u2019\u00c9cole du Louvre et de Paris IV-Sorbonne, <strong>Monique Crick\u00a0<\/strong>est chercheuse ind\u00e9pendante et historienne de l\u2019art sp\u00e9cialis\u00e9e en arts d\u2019Extr\u00eame-Orient. Apr\u00e8s avoir \u00e9t\u00e9 charg\u00e9e de mission au mus\u00e9e national des Arts asiatiques-Guimet et au mus\u00e9e Cernuschi o\u00f9 elle a fond\u00e9 en 1998 la Soci\u00e9t\u00e9 fran\u00e7aise d\u2019\u00e9tudes de la c\u00e9ramique orientale, elle a pris de 2003 \u00e0 2017 la direction de la Fondation Baur, mus\u00e9e des Arts d\u2019Extr\u00eame-Orient \u00e0 Gen\u00e8ve. Elle a par ailleurs collabor\u00e9 \u00e0 plusieurs fouilles arch\u00e9ologiques sous-marines en Asie du Sud-Est. Ses recherches concernent principalement les relations culturelles et commerciales entre la Chine et l\u2019Asie du Sud-Est, la Chine et l\u2019Inde ainsi qu\u2019entre la Chine et l\u2019Europe. Monique Crick est l\u2019auteur de nombreux articles et catalogues et a \u00e9t\u00e9 commissaire scientifique de plusieurs expositions aussi bien en Europe qu\u2019en Asie.<\/p>\n<p><strong>Peter\u00a0<\/strong><strong>Y. K. <\/strong><strong>Lam<\/strong>, historien de l\u2019art, est dipl\u00f4m\u00e9 de la School of Oriental and African Studies, de la London University et il est actuellement <em>honorary fellow\u00a0<\/em>de l\u2019Institute of Chinese Studies, The Chinese University of Hong Kong. Avant sa retraite en 2013, il a travaill\u00e9 pendant quarante ans au mus\u00e9e d\u2019Art de l\u2019universit\u00e9 of Hong Kong, qu\u2019il a dirig\u00e9 pendant quatorze ann\u00e9es. Expert en c\u00e9ramiques chinoises, en calligraphie et en arts d\u00e9coratifs, il a \u00e9t\u00e9 le commissaire de nombreuses expositions et il a publi\u00e9 plusieurs livres sur ces sujets. Il fait partie du conseil du Palace Museum \u00e0 East Kowloon, Hong Kong, de la Hong Kong Min Chiu Society, une association de collectionneurs prestigieux, du conseil de la Chinese Society of Ancient Ceramics \u00e0 P\u00e9kin, et il est <em>honorary fellow\u00a0<\/em>du Beijing Palace Museum.<\/p>\n","protected":false},"excerpt":{"rendered":"<p>De toutes les civilisations, la Chine s\u2019illustre par la plus longue tradition c\u00e9ramique, des terres cuites et gr\u00e8s des temps antiques aux porcelaines imp\u00e9riales r\u00e9alis\u00e9es \u00e0 Jingdezhen d\u00e8s la fin du XIVe\u00a0si\u00e8cle. Ces pr\u00e9cieuses c\u00e9ramiques ont de tout temps \u00e9t\u00e9 admir\u00e9es et collectionn\u00e9es pour leur exceptionnelle qualit\u00e9. Deux cents chefs-d\u2019\u0153uvre de deux collections priv\u00e9es, renomm\u00e9es&hellip;<\/p>\n","protected":false},"featured_media":21304,"template":"","meta":{"_acf_changed":false,"inline_featured_image":false},"product_brand":[],"product_cat":[56,70],"product_tag":[],"class_list":{"0":"post-17166","1":"product","2":"type-product","3":"status-publish","4":"has-post-thumbnail","6":"product_cat-art-asiatique","7":"product_cat-arts-appliques","8":"disponibilita-si","9":"description-off","11":"first","12":"instock","13":"featured","14":"shipping-taxable","15":"purchasable","16":"product-type-simple"},"acf":[],"_links":{"self":[{"href":"https:\/\/www.fivecontinentseditions.com\/fr\/wp-json\/wp\/v2\/product\/17166","targetHints":{"allow":["GET"]}}],"collection":[{"href":"https:\/\/www.fivecontinentseditions.com\/fr\/wp-json\/wp\/v2\/product"}],"about":[{"href":"https:\/\/www.fivecontinentseditions.com\/fr\/wp-json\/wp\/v2\/types\/product"}],"wp:featuredmedia":[{"embeddable":true,"href":"https:\/\/www.fivecontinentseditions.com\/fr\/wp-json\/wp\/v2\/media\/21304"}],"wp:attachment":[{"href":"https:\/\/www.fivecontinentseditions.com\/fr\/wp-json\/wp\/v2\/media?parent=17166"}],"wp:term":[{"taxonomy":"product_brand","embeddable":true,"href":"https:\/\/www.fivecontinentseditions.com\/fr\/wp-json\/wp\/v2\/product_brand?post=17166"},{"taxonomy":"product_cat","embeddable":true,"href":"https:\/\/www.fivecontinentseditions.com\/fr\/wp-json\/wp\/v2\/product_cat?post=17166"},{"taxonomy":"product_tag","embeddable":true,"href":"https:\/\/www.fivecontinentseditions.com\/fr\/wp-json\/wp\/v2\/product_tag?post=17166"}],"curies":[{"name":"wp","href":"https:\/\/api.w.org\/{rel}","templated":true}]}}