{"id":16964,"date":"2018-07-20T05:00:00","date_gmt":"2018-07-20T05:00:00","guid":{"rendered":"https:\/\/www.fivecontinentseditions.com\/?post_type=product&#038;p=16964"},"modified":"2018-09-06T10:29:35","modified_gmt":"2018-09-06T10:29:35","slug":"sculptures-et-formes-dafrique","status":"publish","type":"product","link":"https:\/\/www.fivecontinentseditions.com\/fr\/p\/sculptures-et-formes-dafrique\/","title":{"rendered":"Sculptures et formes d&rsquo;Afrique"},"content":{"rendered":"<p>D\u00e8s la fin du XIX<sup>e\u00a0<\/sup>si\u00e8cle, des artistes ont accueilli les arts africains comme une source d\u2019inspiration, \u00e0 commencer par Gauguin, suivi de Picasso en 1906 puis Matisse, les surr\u00e9alistes et bien d\u2019autres jusqu\u2019\u00e0 nos jours. Qui pourra mesurer cet impact qui jaillit sans cesse de bien des mani\u00e8res\u2009?<\/p>\n<p>Chaque sculpture porte en elle la m\u00e9moire d\u2019un peuple, d\u2019une culture, d\u2019une tradition artistique dans une conception originale des formes. L\u2019Afrique de l\u2019Ouest, l\u2019Afrique centrale et orientale ont chacune leurs affinit\u00e9s propres et, \u00e0 l\u2019int\u00e9rieur de ces ensembles, la diversit\u00e9 des sculptures \u2013 toujours les m\u00eames, toujours nouvelles \u2013 r\u00e9v\u00e8le une cr\u00e9ativit\u00e9 foisonnante au sein m\u00eame de chaque ethnie.<\/p>\n<p>Ce livre pr\u00e9sente une collection particuli\u00e8re, r\u00e9unie par un amateur \u00e9clair\u00e9 et passionn\u00e9, qui \u00e9pouse une sensibilit\u00e9 et une qualit\u00e9 de formes diverses, soigneusement choisies dans diff\u00e9rentes cultures africaines. On y d\u00e9couvre les masques, les reliquaires et les signes sculpt\u00e9s du Gabon, des effigies et des statuettes du Congo-Brazzaville et du Congo-Kinshasa, ainsi que d\u2019\u00e9tonnantes repr\u00e9sentations de l\u2019Afrique de l\u2019Ouest, du Mali au Cameroun, des Koro et des Mossi aux Ejagham et Ekoi au Nigeria en passant par les Gouro en C\u00f4te d\u2019Ivoire. Le lecteur y retrouve de merveilleuses \u00e9vocations du patrimoine universel des formes artistiques.<\/p>\n<p>&nbsp;<\/p>\n<p><strong>Fran\u00e7ois Neyt<\/strong>, professeur \u00e9m\u00e9rite \u00e0 l\u2019Universit\u00e9 catholique de Louvain, avait aussi enseign\u00e9 \u00e0 l\u2019Universit\u00e9 officielle du Congo. Moine b\u00e9n\u00e9dictin, il avait \u00e9t\u00e9 pr\u00e9sident de l\u2019Alliance Inter Monast\u00e8res couvrant plus de 450 communaut\u00e9s \u00e0 travers le monde ; il est membre \u00e9m\u00e9rite de l\u2019Acad\u00e9mie royale des sciences d\u2019Outre-mer de Belgique. Il a publi\u00e9 de nombreux ouvrages sur les arts africains, tels <em>La Grande Statuaire Hemba du Za\u00efre<\/em>, 1977\u2009; <em>Arts traditionnels et Histoire au Za\u00efre<\/em>, 1981\u2009; <em>Luba.\u00a0 Aux sources du Za\u00efre<\/em>, 1993\u2009; <em>La Redoutable Statuaire songye d\u2019Afrique centrale<\/em>, 2009\u2009; <em>Fleuve Congo<\/em>, 2010\u2009; <em>F\u00e9tiches et objets ancestraux<\/em>, 2013\u2009; <em>Tr\u00e9sors de C\u00f4te d\u2019Ivoire<\/em>, 2014. Il a \u00e9t\u00e9 commissaire de plusieurs expositions au mus\u00e9e Dapper \u00e0 Paris, 1993\u2009; \u00e0 l\u2019Etnografisch Museum d\u2019Anvers, 1994\u2009; \u00e0 S\u00e3o Paulo, Br\u00e9sil, 2000. L\u2019exposition Fleuve Congo, dont il \u00e9tait le commissaire au mus\u00e9e du Quai Branly \u2013 Jacques Chirac \u00e0 Paris en 2010, a voyag\u00e9 ensuite \u00e0 Shanghai, \u00e0 S\u00e9oul, \u00e0 Mexico et \u00e0 Moscou (au mus\u00e9e Pouchkine).<\/p>\n<p><strong>Hughes Dubois<\/strong>, photographe publicitaire de formation, s\u2019est tr\u00e8s vite passionn\u00e9 pour la photographie d\u2019objets d\u2019art. En quarante ans de carri\u00e8re, son travail t\u00e9moigne d\u2019une profonde connaissance et d\u2019une grande sensibilit\u00e9 aux arts premiers et classiques. Il collabore avec des mus\u00e9es et des collectionneurs d\u2019art \u00e0 travers le monde.\u00a0Son travail <em>Le sensible et la force\u00a0<\/em>a fait l\u2019objet d\u2019une exposition au Mus\u00e9e Royal de l\u2019Afrique Central de Tervuren (Belgique) en 2004.\u00a0Chez 5 Continents Editions, il a publi\u00e9, parmi d\u2019autres, <em>L\u2019Art de l\u2019Archipel Bismarck<\/em>, Prix international du livre d\u2019art tribal, m\u00e9daille d\u2019or de l\u2019ICMA Awards et Prix de la photographie du MGA Book Awards 2014\u2009; <em>Formes &amp; Fa\u00e7ons<\/em>, catalogue d\u2019une exposition au Mus\u00e9e de Bagnes et sur le Barrage de Mauvoisin (Suisse) en 2013\u2009; et le tout r\u00e9cent <em>Borobudur\u00a0<\/em>(2018), d\u00e9di\u00e9 au plus grand temple bouddhique au monde, r\u00e9sultat de plus de trois ans de travail avec sa femme Caroline.<\/p>\n","protected":false},"excerpt":{"rendered":"<p>D\u00e8s la fin du XIXe\u00a0si\u00e8cle, des artistes ont accueilli les arts africains comme une source d\u2019inspiration, \u00e0 commencer par Gauguin, suivi de Picasso en 1906 puis Matisse, les surr\u00e9alistes et bien d\u2019autres jusqu\u2019\u00e0 nos jours. Qui pourra mesurer cet impact qui jaillit sans cesse de bien des mani\u00e8res\u2009? Chaque sculpture porte en elle la m\u00e9moire&hellip;<\/p>\n","protected":false},"featured_media":21236,"template":"","meta":{"_acf_changed":false,"inline_featured_image":false},"product_brand":[],"product_cat":[54],"product_tag":[],"class_list":{"0":"post-16964","1":"product","2":"type-product","3":"status-publish","4":"has-post-thumbnail","6":"product_cat-art-africain","7":"disponibilita-no","8":"description-off","10":"first","11":"outofstock","12":"shipping-taxable","13":"purchasable","14":"product-type-simple"},"acf":[],"_links":{"self":[{"href":"https:\/\/www.fivecontinentseditions.com\/fr\/wp-json\/wp\/v2\/product\/16964","targetHints":{"allow":["GET"]}}],"collection":[{"href":"https:\/\/www.fivecontinentseditions.com\/fr\/wp-json\/wp\/v2\/product"}],"about":[{"href":"https:\/\/www.fivecontinentseditions.com\/fr\/wp-json\/wp\/v2\/types\/product"}],"wp:featuredmedia":[{"embeddable":true,"href":"https:\/\/www.fivecontinentseditions.com\/fr\/wp-json\/wp\/v2\/media\/21236"}],"wp:attachment":[{"href":"https:\/\/www.fivecontinentseditions.com\/fr\/wp-json\/wp\/v2\/media?parent=16964"}],"wp:term":[{"taxonomy":"product_brand","embeddable":true,"href":"https:\/\/www.fivecontinentseditions.com\/fr\/wp-json\/wp\/v2\/product_brand?post=16964"},{"taxonomy":"product_cat","embeddable":true,"href":"https:\/\/www.fivecontinentseditions.com\/fr\/wp-json\/wp\/v2\/product_cat?post=16964"},{"taxonomy":"product_tag","embeddable":true,"href":"https:\/\/www.fivecontinentseditions.com\/fr\/wp-json\/wp\/v2\/product_tag?post=16964"}],"curies":[{"name":"wp","href":"https:\/\/api.w.org\/{rel}","templated":true}]}}