{"id":16955,"date":"2018-09-03T05:00:00","date_gmt":"2018-09-03T05:00:00","guid":{"rendered":"https:\/\/www.fivecontinentseditions.com\/?post_type=product&#038;p=16955"},"modified":"2022-11-21T14:32:38","modified_gmt":"2022-11-21T14:32:38","slug":"alexander-calder-radical-inventor","status":"publish","type":"product","link":"https:\/\/www.fivecontinentseditions.com\/fr\/p\/alexander-calder-radical-inventor\/","title":{"rendered":"Alexander Calder. Radical Inventor"},"content":{"rendered":"<p>Le catalogue de la premi\u00e8re r\u00e9trospective majeure du travail d\u2019Alexander Calder depuis l\u2019exposition au mus\u00e9e des Beaux-Arts du Canada de 1998, <em>Alexander Calder. Un inventeur radical<\/em>, pr\u00e9sente sous un nouvel \u00e9clairage une centaine d\u2019\u0153uvres. Alexander Calder (1898-1976) tourna le dos aux conventions et bouleversa la structure hi\u00e9rarchique, jetant \u00e0 bas les fondements traditionnels de la culture tout en r\u00e9volutionnant la mani\u00e8re de percevoir et d\u2019interagir avec l\u2019art. La \u00ab\u2009nouvelle piste\u2009\u00bb de Calder n\u2019\u00e9tait pas une simple \u00e9volution des formes et des styles. D\u2019embl\u00e9e, il \u00e9tait manifeste pour tous ceux qui le voyaient en action \u2013 dans sa fa\u00e7on d\u2019attirer l\u2019attention et de gagner en notori\u00e9t\u00e9 \u2013 que ses cr\u00e9ations prenaient une direction radicalement nouvelle. Ce catalogue montre comment l\u2019\u0153uvre de Calder a \u00e9merg\u00e9 des attentes de changement dans la culture populaire am\u00e9ricaine. L\u2019artiste, qui s\u2019int\u00e9ressait initialement \u00e0 la structure et aux fonctions du cirque, recherchait des mod\u00e8les allant \u00e0 l\u2019encontre de la respectabilit\u00e9, des convenances et des ambitions du secteur \u00e9conomique.<\/p>\n<p>Douze essais explorent comment Calder trouva son inspiration et ses techniques dans de nombreuses disciplines et leurs applications. La technologie, l\u2019ing\u00e9nierie, l\u2019architecture, la physique et l\u2019astronomie notamment contribu\u00e8rent \u00e0 la cr\u00e9ation de ses sculptures en fil de fer, mobiles et stabiles. Plus de 100 \u0153uvres et illustrations comparatives guideront le lecteur dans cette voie novatrice et unique.<\/p>\n<p>&nbsp;<\/p>\n<p><strong>Elizabeth Hutton Turner\u00a0<\/strong>est professeure d\u2019art moderne \u00e0 l\u2019universit\u00e9 de Virginie, ancienne conservatrice en chef de la collection Phillips et sp\u00e9cialiste r\u00e9put\u00e9e de l\u2019\u0153uvre de Calder. Elle a fait office de consultante pour le projet Calder du mus\u00e9e d\u2019Art de Philadelphie et a \u00e9t\u00e9 directrice de projet et auteure de plusieurs catalogues d\u2019exposition des \u0153uvres de Calder.<\/p>\n<p><strong>Anne Grace\u00a0<\/strong>est responsable des expositions et de l\u2019\u00e9ducation au mus\u00e9e des Beaux-Arts de Montr\u00e9al. En tant qu\u2019ancienne conservatrice de l\u2019art moderne, elle a co-organis\u00e9 de nombreuses expositions, dont <em>From Van Gogh to Kandinsky: Impressionism to Expressionism, 1900-1914\u00a0<\/em>(2014).<\/p>\n<p><strong>W. Bernard Carlson\u00a0<\/strong>est professeur au d\u00e9partement de science, technologie et soci\u00e9t\u00e9 et au d\u00e9partement d\u2019histoire \u00e0 l\u2019universit\u00e9 de Virginie.<\/p>\n<p><strong>Linda Dalrymple Henderson\u00a0<\/strong>occupe la chaire David Bruton, Jr. Centennial en histoire de l\u2019art en tant que professeure \u00e9m\u00e9rite \u00e0 l\u2019universit\u00e9 du Texas, \u00e0 Austin.<\/p>\n<p><strong>Pascal Jacob\u00a0<\/strong>est historien en arts du cirque et directeur artistique du cirque Ph\u00e9nix et du Festival mondial du cirque de demain.<\/p>\n<p><strong>Abigail Mack\u00a0<\/strong>est une restauratrice ind\u00e9pendante et conseill\u00e8re \u00e0 la fondation Calder.<\/p>\n<p><strong>Vanja Malloy\u00a0<\/strong>est conservatrice d\u2019art am\u00e9ricain au Mead Art Museum du Amherst College.<\/p>\n<p><strong>Eleonora Nagy\u00a0<\/strong>est conservatrice des \u0153uvres d\u2019art en trois dimensions au Whitney Museum of American Art.<\/p>\n<p><strong>Arnauld Pierre\u00a0<\/strong>est professeur d\u2019histoire de l\u2019art \u00e0 l\u2019universit\u00e9 de Paris (Sorbonne IV).\u00a0 Il a publi\u00e9 la monographie <em>Calder. Mouvement et r\u00e9alit\u00e9\u00a0<\/em>(2009).<\/p>\n<p><strong>Claire Raymond\u00a0<\/strong>est ma\u00eetre de conf\u00e9rences en histoire de l\u2019art \u00e0 l\u2019universit\u00e9 de Virginie.<\/p>\n<p><strong>Emily C. Reed\u00a0<\/strong>pr\u00e9pare un doctorat en histoire de l\u2019art et architecture \u00e0 l\u2019universit\u00e9 de Virginie.<\/p>\n<p><strong>Alex J. Taylor\u00a0<\/strong>est historien d\u2019art moderne et de culture visuelle.<\/p>\n","protected":false},"excerpt":{"rendered":"<p>Le catalogue de la premi\u00e8re r\u00e9trospective majeure du travail d\u2019Alexander Calder depuis l\u2019exposition au mus\u00e9e des Beaux-Arts du Canada de 1998, Alexander Calder. Un inventeur radical, pr\u00e9sente sous un nouvel \u00e9clairage une centaine d\u2019\u0153uvres. Alexander Calder (1898-1976) tourna le dos aux conventions et bouleversa la structure hi\u00e9rarchique, jetant \u00e0 bas les fondements traditionnels de la&hellip;<\/p>\n","protected":false},"featured_media":21156,"template":"","meta":{"_acf_changed":false,"inline_featured_image":false},"product_brand":[],"product_cat":[57,68],"product_tag":[],"class_list":{"0":"post-16955","1":"product","2":"type-product","3":"status-publish","4":"has-post-thumbnail","6":"product_cat-art-contemporain","7":"product_cat-art-moderne","8":"disponibilita-no","9":"description-off","11":"first","12":"outofstock","13":"shipping-taxable","14":"purchasable","15":"product-type-simple"},"acf":[],"_links":{"self":[{"href":"https:\/\/www.fivecontinentseditions.com\/fr\/wp-json\/wp\/v2\/product\/16955","targetHints":{"allow":["GET"]}}],"collection":[{"href":"https:\/\/www.fivecontinentseditions.com\/fr\/wp-json\/wp\/v2\/product"}],"about":[{"href":"https:\/\/www.fivecontinentseditions.com\/fr\/wp-json\/wp\/v2\/types\/product"}],"wp:featuredmedia":[{"embeddable":true,"href":"https:\/\/www.fivecontinentseditions.com\/fr\/wp-json\/wp\/v2\/media\/21156"}],"wp:attachment":[{"href":"https:\/\/www.fivecontinentseditions.com\/fr\/wp-json\/wp\/v2\/media?parent=16955"}],"wp:term":[{"taxonomy":"product_brand","embeddable":true,"href":"https:\/\/www.fivecontinentseditions.com\/fr\/wp-json\/wp\/v2\/product_brand?post=16955"},{"taxonomy":"product_cat","embeddable":true,"href":"https:\/\/www.fivecontinentseditions.com\/fr\/wp-json\/wp\/v2\/product_cat?post=16955"},{"taxonomy":"product_tag","embeddable":true,"href":"https:\/\/www.fivecontinentseditions.com\/fr\/wp-json\/wp\/v2\/product_tag?post=16955"}],"curies":[{"name":"wp","href":"https:\/\/api.w.org\/{rel}","templated":true}]}}