{"id":16952,"date":"2018-08-08T05:00:00","date_gmt":"2018-08-08T05:00:00","guid":{"rendered":"https:\/\/www.fivecontinentseditions.com\/?post_type=product&#038;p=16952"},"modified":"2019-06-25T15:53:51","modified_gmt":"2019-06-25T15:53:51","slug":"bill-traylor","status":"publish","type":"product","link":"https:\/\/www.fivecontinentseditions.com\/fr\/p\/bill-traylor\/","title":{"rendered":"Bill Traylor"},"content":{"rendered":"<p>N\u00e9 esclave vers 1853-1854 dans une plantation de coton \u00e0 Benton, dans l\u2019Alabama, Bill Traylor a \u00e9t\u00e9 l\u2019un des artistes autodidactes les plus importants du XX<sup>e<\/sup>\u00a0si\u00e8cle, et certainement l\u2019un des artistes africains-am\u00e9ricains les plus c\u00e9l\u00e8bres, avec Thornton Dial et William Edmondson. La vie et l\u2019\u0153uvre de Traylor constituent en elles-m\u00eames une remarquable histoire. Les \u00e9l\u00e9ments de sa biographie forment une v\u00e9ritable mythologie personnelle, et son \u0153uvre contient des symboles cach\u00e9s issus du vaudou kongo, du hoodoo, des baptistes du Sud, de la franc-ma\u00e7onnerie et des sources du blues, ainsi que d\u2019autres r\u00e9f\u00e9rences qui renvoient \u00e0 l\u2019esclavage et \u00e0 la violence extr\u00eame de l\u2019\u00e9poque de Jim Crow.<\/p>\n<p>Compos\u00e9 de deux r\u00e9cits visuels soigneusement mis en sc\u00e8ne et r\u00e9unissant cent cinquante \u0153uvres d\u2019art provenant de collections priv\u00e9es et publiques, ce livre est illustr\u00e9 de magnifiques reproductions pleine page, regroup\u00e9es par les auteurs en s\u00e9quences dynamiques afin de pr\u00e9senter les conceptions\u00a0de Traylor, avec ses composantes picturales structurales, stylistiques et th\u00e9matiques. Les textes qui accompagnent ces r\u00e9cits en images permettent d\u2019\u00e9tudier en profondeur les th\u00e8mes r\u00e9currents de Traylor, ses sch\u00e9mas de composition, son iconographie favorite et les informations contextuelles li\u00e9es \u00e0 sa biographie, \u00e0 ses processus et outils de cr\u00e9ation, \u00e0 son environnement visuel et \u00e0 son univers artistique.<\/p>\n<p>&nbsp;<\/p>\n<p><strong>Val\u00e9rie Rousseau\u00a0<\/strong>est conservatrice de l\u2019art autodidacte et de l\u2019art brut \u00e0 l\u2019American Folk Art Museum de New\u00a0York depuis 2013. Elle est l\u2019auteure et la directrice de publication de nombreux ouvrages, dont <em>The Hidden Art: 20<sup>th\u00a0<\/sup>and 21<sup>st\u00a0<\/sup>Century Self-Taught Art\u00a0<\/em>(Rizzoli, 2017), <em>Revealing Art Brut\u00a0<\/em>(Culture &amp; Mus\u00e9es, 2010) et <em>Vestiges de l\u2019indiscipline\u00a0<\/em>(Mus\u00e9e canadien des civilisations, 2007).<\/p>\n<p><strong>Debra Purden\u00a0<\/strong>est une historienne am\u00e9ricaine dont les recherches ont port\u00e9 sur la vie et l\u2019\u0153uvre de Bill Traylor. Elle a fait partie de l\u2019\u00e9quipe des conservateurs du Museum of Contemporary Art \u00e0 Chicago et a occup\u00e9 diverses fonctions au Field Museum of Natural History, \u00e0 l\u2019Art Institute of Chicago et au Chicago Cultural Center.<\/p>\n<p><strong>Margit Rowell <\/strong>est historienne de l\u2019art.\u00a0 D\u2019origine am\u00e9ricaine, elle vit actuellement \u00e0 Paris. Apr\u00e8s une ma\u00eetrise et un doctorat \u00e0 l\u2019universit\u00e9 de Paris-Nanterre, elle a travaill\u00e9 comme conservateur au mus\u00e9e Guggenheim de New York, au mus\u00e9e national d\u2019Art moderne\u00a0\u2013\u00a0Centre Georges Pompidou \u00e0 Paris, \u00e0 la fondation Joan Mir\u00f3 \u00e0 Barcelone et au Museum of Modern Art \u00e0 New York. Au fil de ces trente-cinq ann\u00e9es de carri\u00e8re, elle a organis\u00e9 de nombreuses expositions monographiques et th\u00e9matiques en art moderne et contemporain, d\u2019artistes connus et moins connus, am\u00e9ricains et europ\u00e9ens, avec catalogue \u00e0 l\u2019appui. Depuis 2002, elle travaille comme commissaire ind\u00e9pendante.<\/p>\n","protected":false},"excerpt":{"rendered":"<p>N\u00e9 esclave vers 1853-1854 dans une plantation de coton \u00e0 Benton, dans l\u2019Alabama, Bill Traylor a \u00e9t\u00e9 l\u2019un des artistes autodidactes les plus importants du XXe\u00a0si\u00e8cle, et certainement l\u2019un des artistes africains-am\u00e9ricains les plus c\u00e9l\u00e8bres, avec Thornton Dial et William Edmondson. La vie et l\u2019\u0153uvre de Traylor constituent en elles-m\u00eames une remarquable histoire. Les \u00e9l\u00e9ments&hellip;<\/p>\n","protected":false},"featured_media":21154,"template":"","meta":{"_acf_changed":false,"inline_featured_image":false},"product_brand":[],"product_cat":[49],"product_tag":[],"class_list":{"0":"post-16952","1":"product","2":"type-product","3":"status-publish","4":"has-post-thumbnail","6":"product_cat-art-brut-fr","7":"disponibilita-si","8":"description-off","10":"first","11":"outofstock","12":"shipping-taxable","13":"purchasable","14":"product-type-simple"},"acf":[],"_links":{"self":[{"href":"https:\/\/www.fivecontinentseditions.com\/fr\/wp-json\/wp\/v2\/product\/16952","targetHints":{"allow":["GET"]}}],"collection":[{"href":"https:\/\/www.fivecontinentseditions.com\/fr\/wp-json\/wp\/v2\/product"}],"about":[{"href":"https:\/\/www.fivecontinentseditions.com\/fr\/wp-json\/wp\/v2\/types\/product"}],"wp:featuredmedia":[{"embeddable":true,"href":"https:\/\/www.fivecontinentseditions.com\/fr\/wp-json\/wp\/v2\/media\/21154"}],"wp:attachment":[{"href":"https:\/\/www.fivecontinentseditions.com\/fr\/wp-json\/wp\/v2\/media?parent=16952"}],"wp:term":[{"taxonomy":"product_brand","embeddable":true,"href":"https:\/\/www.fivecontinentseditions.com\/fr\/wp-json\/wp\/v2\/product_brand?post=16952"},{"taxonomy":"product_cat","embeddable":true,"href":"https:\/\/www.fivecontinentseditions.com\/fr\/wp-json\/wp\/v2\/product_cat?post=16952"},{"taxonomy":"product_tag","embeddable":true,"href":"https:\/\/www.fivecontinentseditions.com\/fr\/wp-json\/wp\/v2\/product_tag?post=16952"}],"curies":[{"name":"wp","href":"https:\/\/api.w.org\/{rel}","templated":true}]}}