{"id":16943,"date":"2018-07-17T05:00:00","date_gmt":"2018-07-17T05:00:00","guid":{"rendered":"https:\/\/www.fivecontinentseditions.com\/?post_type=product&#038;p=16943"},"modified":"2025-05-08T15:07:42","modified_gmt":"2025-05-08T15:07:42","slug":"regards-visionnaires","status":"publish","type":"product","link":"https:\/\/www.fivecontinentseditions.com\/fr\/p\/regards-visionnaires\/","title":{"rendered":"Regards visionnaires"},"content":{"rendered":"<p>D\u00e8s l\u2019aube du XX<sup>e<\/sup>\u00a0si\u00e8cle, dans une p\u00e9riode bouillonnante o\u00f9 l\u2019art conna\u00eet un bouleversement sans pr\u00e9c\u00e9dent, l\u2019Occident, et singuli\u00e8rement la France, pose son regard sur des cultures lointaines dont les civilisations sont alors m\u00e9connues. Des artistes en pleine r\u00e9volution des normes voient dans les cr\u00e9ations de ces cultures des formes \u00ab\u00a0nouvelles\u00a0\u00bb qui les inspirent. Parall\u00e8lement, des amateurs d\u2019art, des critiques, des po\u00e8tes et des marchands, dans une sorte d\u2019empathie esth\u00e9tique, se passionnent pour la beaut\u00e9 intrins\u00e8que de ces objets qui arrivent alors en grand nombre, rapport\u00e9s par des militaires en poste, des missionnaires ou des coloniaux. L\u2019extraordinaire expressivit\u00e9 li\u00e9e \u00e0 l\u2019harmonie de leur forme pour les plus belles de ces \u0153uvres les bouleverse. Guillaume Apollinaire (mort en 1918), au sujet de l\u2019art africain, parle des \u00ab\u00a0principes m\u00eame du grand art\u00a0\u00bb. Ce grand art correspond \u00e0 des p\u00e9riodes de cr\u00e9ation qui se situent tr\u00e8s souvent au XIX<sup>e<\/sup>\u00a0si\u00e8cle, mais aussi, pour de nombreuses cultures, bien ant\u00e9rieurement.<\/p>\n<p>Il est question ici de cette reconnaissance essentielle des cultures non europ\u00e9ennes dans l\u2019art mondial et de la perception du beau \u00e0 travers \u00ab\u00a0l\u2019\u0153il\u00a0\u00bb de grands amateurs, amoureux des arts premiers. Quelques-uns sont pr\u00e9sent\u00e9s ici, avec en regard des \u0153uvres qu\u2019ils ont patiemment s\u00e9lectionn\u00e9es, avec exigence et passion, et qui sont aujourd\u2019hui c\u00e9l\u00e8bres et consid\u00e9r\u00e9es comme des \u00ab\u00a0ic\u00f4nes\u00a0\u00bb.<\/p>\n<p>En r\u00e9f\u00e9rence \u00e0 ces grands amateurs, beaucoup d\u2019\u0153uvres de haut niveau artistique sont reproduites dans les deux premiers chapitres, qui mettent en \u00e9vidence le g\u00e9nie particulier de peuples dont seuls t\u00e9moignent d\u00e9sormais les arts plastiques, en l\u2019absence d\u2019\u00e9criture. Parmi ces \u0153uvres, beaucoup sont in\u00e9dites ou rarement publi\u00e9es. Les arts d\u2019Afrique, d\u2019Oc\u00e9anie, d\u2019Am\u00e9rique et d\u2019Asie du Sud-Est sont repr\u00e9sent\u00e9s, t\u00e9moignant de l\u2019extr\u00eame vari\u00e9t\u00e9 des figurations artistiques dans ces quatre parties\u00a0du monde, figurations artistiques qui ont en commun la force de leur expressivit\u00e9.<\/p>\n<p>Certaines cultures ont \u00e9t\u00e9 d\u00e9couvertes et appr\u00e9ci\u00e9es en Occident d\u00e8s le d\u00e9but du XX<sup>e<\/sup>\u00a0si\u00e8cle. Pour d\u2019autres, la p\u00e9riode de l\u2019apr\u00e8s-guerre verra des voyageurs fran\u00e7ais, un peu aventuriers, partir d\u00e8s 1950 \u00e0 la recherche d\u2019\u0153uvres qui vont parfois surprendre ou enthousiasmer les collectionneurs. L\u2019histoire des arts primitifs en France et celle de ses acteurs, collectionneurs et marchands, sont pr\u00e9sent\u00e9es dans cet ouvrage sur une p\u00e9riode d\u2019environ quatre-vingts ans. Jamais une telle enqu\u00eate n\u2019avait \u00e9t\u00e9 men\u00e9e, en particulier sur la p\u00e9riode de l\u2019apr\u00e8s-guerre, dont certains protagonistes sont maintenant presque oubli\u00e9s.<\/p>\n<p>Ce livre a l\u2019originalit\u00e9 de pr\u00e9senter une double lecture sur l\u2019art de collectionner, \u00e0 la fois esth\u00e9tique et historique.<\/p>\n<p>&nbsp;<\/p>\n<p><strong>Christine Valluet<\/strong>, sp\u00e9cialiste des arts premiers depuis le d\u00e9but des ann\u00e9es 1970 (Afrique, Oc\u00e9anie, Asie du Sud-Est, Am\u00e9rique du Nord), a \u00e9t\u00e9 galeriste \u00e0 Paris jusqu\u2019en 2013. Elle est membre de la Compagnie Nationale des Experts depuis 1986. Nomm\u00e9e experte pr\u00e8s la Cour d\u2019appel de Paris de 2010 \u00e0 2016, elle apporte toujours son expertise lors de nombreuses ventes publiques, dont les ventes prestigieuses de la collection Gaston de Havenon, en 1994, et de la collection B.H. (Bela Hein), en 2005. Elle est \u00e9galement membre de comit\u00e9s d\u2019acceptation des \u0153uvres pour diff\u00e9rents salons et a contribu\u00e9 \u00e0 un grand nombre de publications dans le domaine des arts primitifs.<\/p>\n","protected":false},"excerpt":{"rendered":"<p>D\u00e8s l\u2019aube du XXe\u00a0si\u00e8cle, dans une p\u00e9riode bouillonnante o\u00f9 l\u2019art conna\u00eet un bouleversement sans pr\u00e9c\u00e9dent, l\u2019Occident, et singuli\u00e8rement la France, pose son regard sur des cultures lointaines dont les civilisations sont alors m\u00e9connues. Des artistes en pleine r\u00e9volution des normes voient dans les cr\u00e9ations de ces cultures des formes \u00ab\u00a0nouvelles\u00a0\u00bb qui les inspirent. Parall\u00e8lement, des&hellip;<\/p>\n","protected":false},"featured_media":21114,"template":"","meta":{"_acf_changed":false,"inline_featured_image":false},"product_brand":[],"product_cat":[54],"product_tag":[],"class_list":{"0":"post-16943","1":"product","2":"type-product","3":"status-publish","4":"has-post-thumbnail","6":"product_cat-art-africain","7":"disponibilita-si","8":"description-off","10":"first","11":"instock","12":"shipping-taxable","13":"purchasable","14":"product-type-simple"},"acf":[],"_links":{"self":[{"href":"https:\/\/www.fivecontinentseditions.com\/fr\/wp-json\/wp\/v2\/product\/16943","targetHints":{"allow":["GET"]}}],"collection":[{"href":"https:\/\/www.fivecontinentseditions.com\/fr\/wp-json\/wp\/v2\/product"}],"about":[{"href":"https:\/\/www.fivecontinentseditions.com\/fr\/wp-json\/wp\/v2\/types\/product"}],"wp:featuredmedia":[{"embeddable":true,"href":"https:\/\/www.fivecontinentseditions.com\/fr\/wp-json\/wp\/v2\/media\/21114"}],"wp:attachment":[{"href":"https:\/\/www.fivecontinentseditions.com\/fr\/wp-json\/wp\/v2\/media?parent=16943"}],"wp:term":[{"taxonomy":"product_brand","embeddable":true,"href":"https:\/\/www.fivecontinentseditions.com\/fr\/wp-json\/wp\/v2\/product_brand?post=16943"},{"taxonomy":"product_cat","embeddable":true,"href":"https:\/\/www.fivecontinentseditions.com\/fr\/wp-json\/wp\/v2\/product_cat?post=16943"},{"taxonomy":"product_tag","embeddable":true,"href":"https:\/\/www.fivecontinentseditions.com\/fr\/wp-json\/wp\/v2\/product_tag?post=16943"}],"curies":[{"name":"wp","href":"https:\/\/api.w.org\/{rel}","templated":true}]}}