{"id":16675,"date":"2018-06-22T05:00:00","date_gmt":"2018-06-22T05:00:00","guid":{"rendered":"http:\/\/www.fivecontinentseditions.com\/old\/?post_type=product&#038;p=16675"},"modified":"2023-03-19T17:37:44","modified_gmt":"2023-03-19T17:37:44","slug":"the-farnese-cup","status":"publish","type":"product","link":"https:\/\/www.fivecontinentseditions.com\/fr\/p\/the-farnese-cup\/","title":{"rendered":"The Farnese Cup"},"content":{"rendered":"<p>Peu d\u2019\u0153uvres du MANN \u2013\u00a0Museo Archeologico Nazionale di Napoli\u00a0\u2013 r\u00e9pondent mieux \u00e0 la d\u00e9finition de la collection \u00ab\u00a0Tr\u00e9sors cach\u00e9s\u00a0\u00bb que la tasse Farn\u00e8se.<\/p>\n<p>Il s\u2019agit du plus grand r\u00e9cipient en pierre dure travaill\u00e9 en relief qui nous est parvenu du monde antique, au terme d\u2019un parcours long de plusieurs si\u00e8cles durant lesquels, selon toute vraisemblance, il n\u2019a jamais \u00e9t\u00e9 enterr\u00e9. Il a ainsi voyag\u00e9 d\u2019Alexandrie en \u00c9gypte, \u00e0 Rome, puis \u00e0 Constantinople, avant de retourner encore \u00e0 Rome au xv<sup>e<\/sup>\u00a0si\u00e8cle, o\u00f9 Laurent de M\u00e9dicis, grand amateur d\u2019art des plus raffin\u00e9s, en fit l\u2019acquisition. Il a ensuite migr\u00e9 de sa collection \u00e0 celle des Farn\u00e8se, son avant-derni\u00e8re \u00e9tape, pour s\u2019installer enfin dans les collections du Mus\u00e9e arch\u00e9ologique.<\/p>\n<p>Cette histoire intrigante, faite de passages d\u2019une cour \u00e0 une autre, va de pair avec un autre r\u00e9cit (encore non r\u00e9solu \u00e0 ce jour), celui de l\u2019interpr\u00e9tation de la sc\u00e8ne repr\u00e9sent\u00e9e \u00e0 l\u2019int\u00e9rieur, qui re\u00e7oit ici plusieurs explications, \u00e0 la lumi\u00e8re de nouveaux arguments, et fait l\u2019objet de pr\u00e9cisions in\u00e9dites. D\u2019une grande habilet\u00e9 d\u2019ex\u00e9cution au moyen d\u2019incisions qui mettent en relief les figures des personnages ornant l\u2019int\u00e9rieur comme le visage terrifiant de la Gorgone \u00e0 l\u2019ext\u00e9rieur, ce travail exploite toutes les variations de couleur de la sardoine.<\/p>\n<p>&nbsp;<\/p>\n<p><strong>Valeria Sampaolo\u00a0<\/strong>a \u00e9t\u00e9 conservatrice en chef des collections du Mus\u00e9e arch\u00e9ologique national de Naples. Auteur de nombreuses publications, elle s\u2019est consacr\u00e9e plus particuli\u00e8rement \u00e0 des recherches sur les premi\u00e8res fouilles effectu\u00e9es autour du V\u00e9suve et \u00e0 la reconstitution du contexte d\u2019origine des fresques du mus\u00e9e, dont elle a organis\u00e9 la nouvelle exposition.<\/p>\n<p>&nbsp;<\/p>\n<p><strong>Luigi Spina\u00a0<\/strong>est photographe. Son \u0153uvre s\u2019articule autour des amphith\u00e9\u00e2tres et du sens civique du sacr\u00e9, des liens entre l\u2019art et la foi, de la recherche d\u2019identit\u00e9s culturelles anciennes, de la confrontation physique avec la sculpture classique. Il a publi\u00e9 <em>L\u2019Ora incerta\u00a0<\/em>(2014), <em>The Buchner Boxes\u00a0<\/em>(2014), <em>Hemba\u00a0<\/em>(2017) et <em>Des jours et des mythes\u00a0<\/em>(2017). Chez 5\u00a0Continents Editions, il anime avec Valeria Sampaolo la collection \u00ab\u00a0Oggetti rari e preziosi al Museo Archeologico Nazionale di Napoli\u00a0\u00bb (Objets rares et pr\u00e9cieux du Mus\u00e9e arch\u00e9ologique national de Naples), qui compte \u00e0 ce jour les titres <em>Memorie del Vaso blu\u00a0<\/em>(2016), <em>Amazzonomachia\u00a0<\/em>(2017), <em>Centauri\u00a0<\/em>(2017), <em>Zefiro e Clori\u00a0<\/em>(2018) et <em>Sette sapienti <\/em>(2018). Chez le m\u00eame \u00e9diteur, il a publi\u00e9, dans la s\u00e9rie Tailormade, <em>Les Danseuses de la villa des Papyrus\u00a0<\/em>(2015).<\/p>\n","protected":false},"excerpt":{"rendered":"<p>Peu d\u2019\u0153uvres du MANN \u2013\u00a0Museo Archeologico Nazionale di Napoli\u00a0\u2013 r\u00e9pondent mieux \u00e0 la d\u00e9finition de la collection \u00ab\u00a0Tr\u00e9sors cach\u00e9s\u00a0\u00bb que la tasse Farn\u00e8se. Il s\u2019agit du plus grand r\u00e9cipient en pierre dure travaill\u00e9 en relief qui nous est parvenu du monde antique, au terme d\u2019un parcours long de plusieurs si\u00e8cles durant lesquels, selon toute vraisemblance,&hellip;<\/p>\n","protected":false},"featured_media":16784,"template":"","meta":{"_acf_changed":false,"inline_featured_image":false},"product_brand":[],"product_cat":[47],"product_tag":[],"class_list":{"0":"post-16675","1":"product","2":"type-product","3":"status-publish","4":"has-post-thumbnail","6":"product_cat-archeologie","7":"disponibilita-si","8":"description-off","10":"first","11":"instock","12":"shipping-taxable","13":"purchasable","14":"product-type-simple"},"acf":[],"_links":{"self":[{"href":"https:\/\/www.fivecontinentseditions.com\/fr\/wp-json\/wp\/v2\/product\/16675","targetHints":{"allow":["GET"]}}],"collection":[{"href":"https:\/\/www.fivecontinentseditions.com\/fr\/wp-json\/wp\/v2\/product"}],"about":[{"href":"https:\/\/www.fivecontinentseditions.com\/fr\/wp-json\/wp\/v2\/types\/product"}],"wp:featuredmedia":[{"embeddable":true,"href":"https:\/\/www.fivecontinentseditions.com\/fr\/wp-json\/wp\/v2\/media\/16784"}],"wp:attachment":[{"href":"https:\/\/www.fivecontinentseditions.com\/fr\/wp-json\/wp\/v2\/media?parent=16675"}],"wp:term":[{"taxonomy":"product_brand","embeddable":true,"href":"https:\/\/www.fivecontinentseditions.com\/fr\/wp-json\/wp\/v2\/product_brand?post=16675"},{"taxonomy":"product_cat","embeddable":true,"href":"https:\/\/www.fivecontinentseditions.com\/fr\/wp-json\/wp\/v2\/product_cat?post=16675"},{"taxonomy":"product_tag","embeddable":true,"href":"https:\/\/www.fivecontinentseditions.com\/fr\/wp-json\/wp\/v2\/product_tag?post=16675"}],"curies":[{"name":"wp","href":"https:\/\/api.w.org\/{rel}","templated":true}]}}