{"id":16579,"date":"2018-05-07T05:00:00","date_gmt":"2018-05-07T05:00:00","guid":{"rendered":"https:\/\/www.fivecontinentseditions.com\/?post_type=product&#038;p=16579"},"modified":"2024-09-24T10:07:52","modified_gmt":"2024-09-24T10:07:52","slug":"loeil-du-photographe","status":"publish","type":"product","link":"https:\/\/www.fivecontinentseditions.com\/fr\/p\/loeil-du-photographe\/","title":{"rendered":"L&rsquo;occhio del fotografo"},"content":{"rendered":"<p><em>\u00ab Les photographes entretiennent avec le temps une relation particuli\u00e8re, car ils d\u00e9crivent exclusivement le pr\u00e9sent \u00bb <\/em>John Szarkowsky<\/p>\n<p><em>L&rsquo;occhio del fotografo<\/em> se propose d\u2019enqu\u00eater sur la fa\u00e7on dont se pr\u00e9sentent les photographies et sur les raisons qui en font ce qu\u2019elles sont. Il s\u2019int\u00e9resse au style et \u00e0 la tradition photographiques, aux possibilit\u00e9s qui s\u2019offrent au photographe dans l\u2019exercice de son travail.<\/p>\n<p>L\u2019invention de la photographie a permis un processus radicalement nouveau de production des images &#8211; un processus fond\u00e9 non plus sur la synth\u00e8se, mais sur la s\u00e9lection. La diff\u00e9rence est fondamentale. Les tableaux sont faits &#8211; construits \u00e0 partir d\u2019un arsenal de sch\u00e9mas, de comp\u00e9tences et de comportements traditionnels &#8211; alors que les photographies, comme on le dit couramment, sont prises. Cette diff\u00e9rence a soulev\u00e9 un probl\u00e8me cr\u00e9atif d\u2019un genre nouveau : comment faire pour que ce proc\u00e9d\u00e9 m\u00e9canique et sans \u00e2me produise des images porteuses de sens en termes humains &#8211; des images dot\u00e9es de clart\u00e9 et de coh\u00e9rence et qui d\u00e9notent un point de vue?<\/p>\n<p>Bas\u00e9 sur une exposition de 1964 et publi\u00e9 en 1966, <em>L&rsquo;occhio del fotografo <\/em>est une excellente introduction \u00e0 l\u2019art de la photographie. Il rassemble des \u0153uvres de ma\u00eetres incontest\u00e9s aux c\u00f4t\u00e9s de celles de photographes inconnus, permettant de cerner avec exactitude le langage visuel de l\u2019artiste photographe et r\u00e9v\u00e9lant l\u2019exceptionnel potentiel de ce m\u00e9dium.<\/p>\n<p>Ces photographies sont class\u00e9es en cinq sections, dont chacune concerne plus particuli\u00e8rement l\u2019un des cinq choix d\u00e9cisifs qui s\u2019imposent \u00e0 l\u2019artiste dont l\u2019outil est un appareil photo : la chose en elle-m\u00eame, le d\u00e9tail, le cadrage, le temps, le point de vue.<\/p>\n<p><strong>John Szarkowski<\/strong> a \u00e9t\u00e9 photographe et directeur \u00e9m\u00e9rite du d\u00e9partement de la Photographie au Museum of Modern Art de New York et l\u2019un des principaux responsable de l\u2019essor culturel du m\u00e9dium au cours des quarante derni\u00e8res ann\u00e9es. Il fut auteur de plusieurs ouvrages sur la photographie, dont <em>Looking at Photographs <\/em>et <em>Photography Until Now<\/em>.<\/p>\n","protected":false},"excerpt":{"rendered":"<p>\u00ab Les photographes entretiennent avec le temps une relation particuli\u00e8re, car ils d\u00e9crivent exclusivement le pr\u00e9sent \u00bb John Szarkowsky L&rsquo;occhio del fotografo se propose d\u2019enqu\u00eater sur la fa\u00e7on dont se pr\u00e9sentent les photographies et sur les raisons qui en font ce qu\u2019elles sont. Il s\u2019int\u00e9resse au style et \u00e0 la tradition photographiques, aux possibilit\u00e9s qui&hellip;<\/p>\n","protected":false},"featured_media":16612,"template":"","meta":{"_acf_changed":false,"inline_featured_image":false},"product_brand":[],"product_cat":[73],"product_tag":[],"class_list":{"0":"post-16579","1":"product","2":"type-product","3":"status-publish","4":"has-post-thumbnail","6":"product_cat-photographie","7":"disponibilita-si","8":"description-off","10":"first","11":"instock","12":"shipping-taxable","13":"purchasable","14":"product-type-simple"},"acf":[],"_links":{"self":[{"href":"https:\/\/www.fivecontinentseditions.com\/fr\/wp-json\/wp\/v2\/product\/16579","targetHints":{"allow":["GET"]}}],"collection":[{"href":"https:\/\/www.fivecontinentseditions.com\/fr\/wp-json\/wp\/v2\/product"}],"about":[{"href":"https:\/\/www.fivecontinentseditions.com\/fr\/wp-json\/wp\/v2\/types\/product"}],"wp:featuredmedia":[{"embeddable":true,"href":"https:\/\/www.fivecontinentseditions.com\/fr\/wp-json\/wp\/v2\/media\/16612"}],"wp:attachment":[{"href":"https:\/\/www.fivecontinentseditions.com\/fr\/wp-json\/wp\/v2\/media?parent=16579"}],"wp:term":[{"taxonomy":"product_brand","embeddable":true,"href":"https:\/\/www.fivecontinentseditions.com\/fr\/wp-json\/wp\/v2\/product_brand?post=16579"},{"taxonomy":"product_cat","embeddable":true,"href":"https:\/\/www.fivecontinentseditions.com\/fr\/wp-json\/wp\/v2\/product_cat?post=16579"},{"taxonomy":"product_tag","embeddable":true,"href":"https:\/\/www.fivecontinentseditions.com\/fr\/wp-json\/wp\/v2\/product_tag?post=16579"}],"curies":[{"name":"wp","href":"https:\/\/api.w.org\/{rel}","templated":true}]}}