{"id":16369,"date":"2018-04-27T05:00:00","date_gmt":"2018-04-27T05:00:00","guid":{"rendered":"https:\/\/www.fivecontinentseditions.com\/?post_type=product&#038;p=16369"},"modified":"2018-04-18T08:15:00","modified_gmt":"2018-04-18T08:15:00","slug":"the-extended-moment","status":"publish","type":"product","link":"https:\/\/www.fivecontinentseditions.com\/fr\/p\/the-extended-moment\/","title":{"rendered":"The Extended Moment"},"content":{"rendered":"<p>D\u00e9couverte occidentale du XIX<sup>e<\/sup> si\u00e8cle, la trajectoire de la photographie, depuis ses d\u00e9buts jusqu\u2019\u00e0&#038;nbspaujourd\u2019hui, a donn\u00e9 lieu \u00e0une formidable \u00e9volution en mati\u00e8re d\u2019interpr\u00e9tation et de cr\u00e9ation de l\u2019image photographique.<br \/>\nCette publication et l\u2019exposition marquent les cinquante ans de la collection de photographies du Mus\u00e9e des beaux-arts du Canada. En 1967, lorsque la collection est cr\u00e9\u00e9e, le march\u00e9 de la photographie est florissant. Les pi\u00e8ces qui en font partie refl\u00e8tent le vaste corpus d\u2019\u0153uvres produites par quelques-uns des pionniers de cette technique, notamment Charles N\u00e8gre, William Henry Fox Talbot, Gustave Le Gray et Roger Fenton.<br \/>\nCet ouvrage s\u2019int\u00e9resse au collectionnement des photographies ainsi qu\u2019au contexte de leur production, tant historique qu\u2019artistique, et \u00e0 l\u2019approfondissement de nos connaissances sur leurs caract\u00e9ristiques mat\u00e9rielles.<br \/>\nLe livre retrace les premi\u00e8res ann\u00e9es de constitution de la collection sous la direction de son conservateur fondateur James Borcoman et examine le r\u00f4le des figures influentes du milieu du collectionnement et de la conservation de photographies de m\u00eame que les principales collections entr\u00e9es au mus\u00e9e au fil des ans et la cr\u00e9ation en 2016 de l\u2019Institut canadien de la photographie (ICP).<br \/>\nLes divers proc\u00e9d\u00e9s photographiques y sont explor\u00e9, grace aussi \u00e0des exemples les plus importants d\u2019entre eux et \u00e0des d\u00e9tails microphotographiques pour clarifier certaines questions li\u00e9es \u00e0 l\u2019aspect et \u00e0 l\u2019identification des images.<br \/>\nParmi les 164 artistes pr\u00e9sent\u00e9s signalons Benoit Aquin; Diane Arbus; Eug\u00e8ne Atget; Nicolas Baier; Edouard Baldus; Brassa\u00ef; Julia Margaret Cameron; Henri Cartier-Bresson; Lynne Cohen; Benjamin John Dancer; Walker Evans; Robert Frank; Lee Friedlander; Isabelle Hayeur; Arnaud Maggs; Robert Mapplethorpe; John Max; Lisette Model; Eadweard Muybridge; Charles N\u00e8gre; William McFarlane Notman; Marc Ruwedel; Jospeph Sudek; William Henry Fox Talbot.<\/p>\n<p><strong>Ann Thomas<\/strong> est conservatrice principale de la photographie au Mus\u00e9e des beaux-arts du Canada<br \/>\n<strong>John McElhone<\/strong> est chef de la restauration et recherche technique, ICP, au Mus\u00e9e des beaux-arts du Canada<br \/>\n<strong>Marc Mayer <\/strong>est directeur du Mus\u00e9e des beaux-arts du Canada<br \/>\n<strong>James W. Borcoman<\/strong> est le conservateur fondateur de la collection de photographie au Mus\u00e9e des beaux-arts du Canada<\/p>\n","protected":false},"excerpt":{"rendered":"<p>D\u00e9couverte occidentale du XIXe si\u00e8cle, la trajectoire de la photographie, depuis ses d\u00e9buts jusqu\u2019\u00e0&#038;nbspaujourd\u2019hui, a donn\u00e9 lieu \u00e0une formidable \u00e9volution en mati\u00e8re d\u2019interpr\u00e9tation et de cr\u00e9ation de l\u2019image photographique. Cette publication et l\u2019exposition marquent les cinquante ans de la collection de photographies du Mus\u00e9e des beaux-arts du Canada. En 1967, lorsque la collection est cr\u00e9\u00e9e,&hellip;<\/p>\n","protected":false},"featured_media":16516,"template":"","meta":{"_acf_changed":false,"inline_featured_image":false},"product_brand":[],"product_cat":[73],"product_tag":[],"class_list":{"0":"post-16369","1":"product","2":"type-product","3":"status-publish","4":"has-post-thumbnail","6":"product_cat-photographie","7":"disponibilita-si","8":"description-off","10":"first","11":"instock","12":"shipping-taxable","13":"purchasable","14":"product-type-simple"},"acf":[],"_links":{"self":[{"href":"https:\/\/www.fivecontinentseditions.com\/fr\/wp-json\/wp\/v2\/product\/16369","targetHints":{"allow":["GET"]}}],"collection":[{"href":"https:\/\/www.fivecontinentseditions.com\/fr\/wp-json\/wp\/v2\/product"}],"about":[{"href":"https:\/\/www.fivecontinentseditions.com\/fr\/wp-json\/wp\/v2\/types\/product"}],"wp:featuredmedia":[{"embeddable":true,"href":"https:\/\/www.fivecontinentseditions.com\/fr\/wp-json\/wp\/v2\/media\/16516"}],"wp:attachment":[{"href":"https:\/\/www.fivecontinentseditions.com\/fr\/wp-json\/wp\/v2\/media?parent=16369"}],"wp:term":[{"taxonomy":"product_brand","embeddable":true,"href":"https:\/\/www.fivecontinentseditions.com\/fr\/wp-json\/wp\/v2\/product_brand?post=16369"},{"taxonomy":"product_cat","embeddable":true,"href":"https:\/\/www.fivecontinentseditions.com\/fr\/wp-json\/wp\/v2\/product_cat?post=16369"},{"taxonomy":"product_tag","embeddable":true,"href":"https:\/\/www.fivecontinentseditions.com\/fr\/wp-json\/wp\/v2\/product_tag?post=16369"}],"curies":[{"name":"wp","href":"https:\/\/api.w.org\/{rel}","templated":true}]}}