{"id":16238,"date":"2016-05-09T05:00:00","date_gmt":"2016-05-09T05:00:00","guid":{"rendered":"https:\/\/www.fivecontinentseditions.com\/?post_type=product&#038;p=16238"},"modified":"2016-05-09T05:00:00","modified_gmt":"2016-05-09T05:00:00","slug":"josef-sudek","status":"publish","type":"product","link":"https:\/\/www.fivecontinentseditions.com\/fr\/p\/josef-sudek\/","title":{"rendered":"Josef Sudek"},"content":{"rendered":"<p>Une monographie accessible et abordable sur l\u2019\u0153uvre du photographe tch\u00e8que Joseph Sudek, \u00e9galement connu sous le nom de \u00ab po\u00e8te de Prague \u00bb.<br \/>\nLe photographe tch\u00e8que Josef Sudek (1896\u20141976) est un photographe tch\u00e8que surtout connu pour ses images de Prague. Ayant d\u2019abord travaill\u00e9 comme relieur, il s\u2019est tourn\u00e9 vers la photographie apr\u00e8s l\u2019exp\u00e9rience qu\u2019il a acquise en ce domaine durant la guerre de 1914, d\u2019o\u00f9 il est revenu amput\u00e9 d\u2019un bras.<br \/>\n<em>Josef Sudek. Le monde \u00e0ma fen\u00eatre <\/em>analyse la mani\u00e8re dont l\u2019artiste refl\u00e8te dans ses images le monde qui l\u2019entoure, qu\u2019il s\u2019agisse d\u2019objets chers qu\u2019il explore intimement, des vues qu\u2019il a de sa fen\u00eatre, de ses longues d\u00e9ambulations nocturnes dans les rues de Prague et dans ses environs, ou de ses excursions dans la campagne environnante. R\u00e9unissant cinq essais ainsi que des souvenirs de deux de ses anciens assistants, riche d\u2019environ cent cinquante planches et de dizaines d\u2019illustrations, cet ouvrage de 300 pages propose un panorama fascinant de l\u2019\u0153uvre photographique de Sudek, mais aussi du travail de ses amis et de ses confr\u00e8res artistes.<br \/>\nFascin\u00e9 par la lumi\u00e8re ou par son absence, Joseph Sudek a cr\u00e9\u00e9 des images de paysages, de monuments, de rues et d\u2019objets qui figurent parmi les plus envo\u00fbtantes du XX<sup>e<\/sup> si\u00e8cle, transform\u00e9es qu\u2019elles sont par une compr\u00e9hension intime de la capacit\u00e9 de la lumi\u00e8re \u00e0r\u00e9v\u00e9ler et de celle de l\u2019obscurit\u00e9 \u00e0rendre imp\u00e9n\u00e9trable. Ma\u00eetrisant pleinement les aspects techniques de son m\u00e9tier, Sudek a r\u00e9alis\u00e9 des tirages au charbon aussi bien que des <em>pu\u00c5\u2122idlos<\/em> (photographies entre deux vitres) ou des <em>vete\u00c5\u00a1e<\/em> (photographies dans des cadres anciens), autant de techniques par lesquelles il a transform\u00e9 la nature de la photographie en tant qu\u2019objet. Tr\u00e8s conscient du r\u00f4le que joue la qualit\u00e9 du tirage dans le potentiel expressif de l\u2019image, il a su exploiter au mieux le pouvoir \u00e9vocateur du proc\u00e9d\u00e9 au charbon, ou celui, r\u00e9flexif et descriptif, de l\u2019\u00e9preuve g\u00e9latino-argentique.<br \/>\nLa cr\u00e9ativit\u00e9 illimit\u00e9e du photographe s\u2019est appuy\u00e9e sur ses amiti\u00e9s profondes avec un cercle intime d\u2019amis artistes, et notamment de po\u00e8tes, peintres sculpteurs, d\u00e9corateurs, \u00e9crivains et musiciens qui, ensemble, ont contribu\u00e9 \u00e0cr\u00e9er le riche environnement artistique qu\u2019a connu Prague dans la premi\u00e8re moiti\u00e9 du XX<sup>e<\/sup> si\u00e8cle.<\/p>\n<p><strong>Ann Thomas,<\/strong> conservatrice du fonds photographique au Mus\u00e9e des beaux-arts du Canada, Ottawa.<br \/>\n<strong>Ian Jeffrey,<\/strong> auteur et historien de l\u2019art anglais. Il a sign\u00e9 une s\u00e9rie d\u2019ouvrages illustr\u00e9s sur l\u2019histoire de la photographie.<br \/>\n<strong>Vladimir Birgus<\/strong>, responsable de l\u2019Institute of Creative Photography \u00e0 l\u2019universit\u00e9 de Sil\u00e9sie, Opava (R\u00e9publique tch\u00e8que).<br \/>\n<strong>Vojt\u00c4\u203ach<\/strong> <strong>Lahoda<\/strong>, directeur de l\u2019Institut d\u2019histoire de l\u2019art \u00e0 l\u2019Acad\u00e9mie des sciences de la R\u00e9publique tch\u00e8que, Prague.<br \/>\n<strong>Jan Ml\u00c4\u008doch<\/strong>, conservateur du fonds photographique au Mus\u00e9e des arts d\u00e9coratifs, Prague.<br \/>\n<strong>Christophe Vischi<\/strong>, sp\u00e9cialiste de restauration de photographies, titulaire depuis l\u2019an 2000 d\u2019un master en conservation du patrimoine de l\u2019Institut national du patrimoine \u00e0 Paris.<\/p>\n","protected":false},"excerpt":{"rendered":"<p>Une monographie accessible et abordable sur l\u2019\u0153uvre du photographe tch\u00e8que Joseph Sudek, \u00e9galement connu sous le nom de \u00ab po\u00e8te de Prague \u00bb. Le photographe tch\u00e8que Josef Sudek (1896\u20141976) est un photographe tch\u00e8que surtout connu pour ses images de Prague. Ayant d\u2019abord travaill\u00e9 comme relieur, il s\u2019est tourn\u00e9 vers la photographie apr\u00e8s l\u2019exp\u00e9rience qu\u2019il a&hellip;<\/p>\n","protected":false},"featured_media":16237,"template":"","meta":{"_acf_changed":false,"inline_featured_image":false},"product_brand":[],"product_cat":[73],"product_tag":[],"class_list":{"0":"post-16238","1":"product","2":"type-product","3":"status-publish","4":"has-post-thumbnail","6":"product_cat-photographie","7":"disponibilita-no","8":"description-off","10":"first","11":"outofstock","12":"shipping-taxable","13":"purchasable","14":"product-type-simple"},"acf":[],"_links":{"self":[{"href":"https:\/\/www.fivecontinentseditions.com\/fr\/wp-json\/wp\/v2\/product\/16238","targetHints":{"allow":["GET"]}}],"collection":[{"href":"https:\/\/www.fivecontinentseditions.com\/fr\/wp-json\/wp\/v2\/product"}],"about":[{"href":"https:\/\/www.fivecontinentseditions.com\/fr\/wp-json\/wp\/v2\/types\/product"}],"wp:featuredmedia":[{"embeddable":true,"href":"https:\/\/www.fivecontinentseditions.com\/fr\/wp-json\/wp\/v2\/media\/16237"}],"wp:attachment":[{"href":"https:\/\/www.fivecontinentseditions.com\/fr\/wp-json\/wp\/v2\/media?parent=16238"}],"wp:term":[{"taxonomy":"product_brand","embeddable":true,"href":"https:\/\/www.fivecontinentseditions.com\/fr\/wp-json\/wp\/v2\/product_brand?post=16238"},{"taxonomy":"product_cat","embeddable":true,"href":"https:\/\/www.fivecontinentseditions.com\/fr\/wp-json\/wp\/v2\/product_cat?post=16238"},{"taxonomy":"product_tag","embeddable":true,"href":"https:\/\/www.fivecontinentseditions.com\/fr\/wp-json\/wp\/v2\/product_tag?post=16238"}],"curies":[{"name":"wp","href":"https:\/\/api.w.org\/{rel}","templated":true}]}}