{"id":16127,"date":"2018-04-10T05:00:00","date_gmt":"2018-04-10T05:00:00","guid":{"rendered":"https:\/\/www.fivecontinentseditions.com\/?post_type=product&#038;p=16127"},"modified":"2022-12-08T10:58:30","modified_gmt":"2022-12-08T10:58:30","slug":"borobudur","status":"publish","type":"product","link":"https:\/\/www.fivecontinentseditions.com\/fr\/p\/borobudur\/","title":{"rendered":"Borobudur"},"content":{"rendered":"<p>Le monument bouddhique de Borobudur, construit au VIII<sup>e<\/sup>-IX<sup>e<\/sup> si\u00e8cle sur l&rsquo;\u00eele de Java, est l&rsquo;un des \u00e9difices religieux les plus c\u00e9l\u00e8bres et les plus \u00e9tudi\u00e9s au monde, mais il demeure \u00e9galement l&rsquo;un des plus \u00e9nigmatiques. Depuis sa red\u00e9couverte par les Occidentaux au d\u00e9but du XIX<sup>e<\/sup> si\u00e8cle, il n&rsquo;a cess\u00e9 de fasciner un public sensible au charme de ses ruines enfouies dans la jungle tropicale, \u00e9vocatrices d&rsquo;une civilisation antique au pass\u00e9 glorieux. Sa structure singuli\u00e8re en forme de pyramide \u00e9tag\u00e9e, sa taille imposante, la finesse de ses bas-reliefs, comprenant quelque 1300 panneaux narratifs sculpt\u00e9s, lui ont assur\u00e9 \u00e0juste titre une place parmi les chefs-d&rsquo;\u0153uvre du patrimoine mondial de l&rsquo;architecture. Cependant, en l&rsquo;absence de documentation historique fiable, les hypoth\u00e8ses les plus diverses ont \u00e9t\u00e9 \u00e9mises pour tenter de percer les secrets entourant sa forme, son programme iconographique et son symbolisme.<br \/>\nCe catalogue d\u2019exposition pr\u00e9sente le monument de Borobudur au travers d\u2019une cinquantaine de photographies des bas-reliefs, r\u00e9alis\u00e9es par Caroline et Hughes Dubois, la nuit par clair de lune. Ces prises de vue tr\u00e8s particuli\u00e8res rendent un volume et une pr\u00e9sence \u00e9tonnants \u00e0ces gravures. Elles sont accompagn\u00e9es de peintures et d\u2019aquarelles n\u00e9erlandaises du XIX<sup>e<\/sup> si\u00e8cle illustrant l\u2019\u00e9tat du monument avant sa grande restauration sous l\u2019\u00e9gide de l\u2019UNESCO dans les ann\u00e9es 1970, ainsi que de sculptures bouddhiques en pierre et en bronze, emprunt\u00e9es au Rijksmuseum et au Tropenmuseum d\u2019Amsterdam, de m\u00eame qu\u2019au Linden-Museum de Stuttgart. Dans les textes introductifs, l\u2019auteur, Helen Loveday, pr\u00e9sente une synth\u00e8se des d\u00e9bats entourant Borobudur et dresse un \u00e9tat des lieux de la recherche sur ce monument.<\/p>\n<p><strong>Helen Loveday<\/strong> a fait des \u00e9tudes de chinois \u00e0 l\u2019universit\u00e9 d\u2019Oxford (Angleterre) o\u00f9 elle a soutenu sa th\u00e8se de doctorat sur l\u2019arch\u00e9ologie de la Chine ancienne. Elle est aujourd\u2019hui conservateur \u00e0 la fondation Baur, mus\u00e9e des Arts d\u2019Extr\u00eame-Orient, et charg\u00e9e de cours en art asiatique \u00e0 l\u2019universit\u00e9 de Gen\u00e8ve. Elle a publi\u00e9 chez 5 Continents Editions <em>Textiles bouddhiques japonais<\/em> en 2014.<br \/>\n<strong>Hughes Dubois,<\/strong> photographe publicitaire et d\u2019objets d\u2019art, collabore avec diff\u00e9rentes institutions et collectionneurs aussi bien en Europe qu\u2019\u00e0travers le monde.<\/p>\n","protected":false},"excerpt":{"rendered":"<p>Le monument bouddhique de Borobudur, construit au VIIIe-IXe si\u00e8cle sur l&rsquo;\u00eele de Java, est l&rsquo;un des \u00e9difices religieux les plus c\u00e9l\u00e8bres et les plus \u00e9tudi\u00e9s au monde, mais il demeure \u00e9galement l&rsquo;un des plus \u00e9nigmatiques. Depuis sa red\u00e9couverte par les Occidentaux au d\u00e9but du XIXe si\u00e8cle, il n&rsquo;a cess\u00e9 de fasciner un public sensible au&hellip;<\/p>\n","protected":false},"featured_media":15686,"template":"","meta":{"_acf_changed":false,"inline_featured_image":false},"product_brand":[],"product_cat":[56],"product_tag":[],"class_list":{"0":"post-16127","1":"product","2":"type-product","3":"status-publish","4":"has-post-thumbnail","6":"product_cat-art-asiatique","7":"description-off","9":"first","10":"instock","11":"shipping-taxable","12":"purchasable","13":"product-type-simple"},"acf":[],"_links":{"self":[{"href":"https:\/\/www.fivecontinentseditions.com\/fr\/wp-json\/wp\/v2\/product\/16127","targetHints":{"allow":["GET"]}}],"collection":[{"href":"https:\/\/www.fivecontinentseditions.com\/fr\/wp-json\/wp\/v2\/product"}],"about":[{"href":"https:\/\/www.fivecontinentseditions.com\/fr\/wp-json\/wp\/v2\/types\/product"}],"wp:featuredmedia":[{"embeddable":true,"href":"https:\/\/www.fivecontinentseditions.com\/fr\/wp-json\/wp\/v2\/media\/15686"}],"wp:attachment":[{"href":"https:\/\/www.fivecontinentseditions.com\/fr\/wp-json\/wp\/v2\/media?parent=16127"}],"wp:term":[{"taxonomy":"product_brand","embeddable":true,"href":"https:\/\/www.fivecontinentseditions.com\/fr\/wp-json\/wp\/v2\/product_brand?post=16127"},{"taxonomy":"product_cat","embeddable":true,"href":"https:\/\/www.fivecontinentseditions.com\/fr\/wp-json\/wp\/v2\/product_cat?post=16127"},{"taxonomy":"product_tag","embeddable":true,"href":"https:\/\/www.fivecontinentseditions.com\/fr\/wp-json\/wp\/v2\/product_tag?post=16127"}],"curies":[{"name":"wp","href":"https:\/\/api.w.org\/{rel}","templated":true}]}}