{"id":1561,"date":"2002-12-31T05:00:00","date_gmt":"2002-12-31T05:00:00","guid":{"rendered":"http:\/\/www.fivecontinentseditions.com\/prodotto\/estetica-domestica-2\/"},"modified":"2018-02-07T16:33:55","modified_gmt":"2018-02-07T16:33:55","slug":"estetica-domestica-2","status":"publish","type":"product","link":"https:\/\/www.fivecontinentseditions.com\/fr\/p\/estetica-domestica-2\/","title":{"rendered":"Estetica Domestica"},"content":{"rendered":"<p><strong>&laquo; Ce livre est une vraie joie, en partie gr\u00e2ce \u00e0 la somptueuse photographie de Christophe Fillioux, qui d\u00e9taille amoureusement quelque 400 tr\u00e9sors, des bouilloires, broyeurs \u00e0glace, mixeurs, centrifugeuses, cafeti\u00e8res et robots de cuisine, ainsi que des batteurs, gobelets m\u00e9langeurs, grille-pain et ventilateurs. &raquo; <em>Evening Standard<\/em><\/strong><\/p>\n<p>Ce travail \u00e9pur\u00e9 et \u00e9l\u00e9gant d\u00e9di\u00e9 aux objets m\u00e9nagers d&rsquo;antan de la collection Jean-Bernard Hebey \u00e9l\u00e8ve des appareils de tous les jours au rang d&rsquo;objets d&rsquo;art.<\/p>\n<p><strong>Jean-Bernard Hebey<\/strong>, pr\u00e9sentateur radiophonique et sp\u00e9cialiste de musique rock, est un collectionneur d&rsquo;articles de maison. Sa collection compte plus de 3.000 objets.<\/p>\n","protected":false},"excerpt":{"rendered":"<p>&laquo; Ce livre est une vraie joie, en partie gr\u00e2ce \u00e0 la somptueuse photographie de Christophe Fillioux, qui d\u00e9taille amoureusement quelque 400 tr\u00e9sors, des bouilloires, broyeurs \u00e0glace, mixeurs, centrifugeuses, cafeti\u00e8res et robots de cuisine, ainsi que des batteurs, gobelets m\u00e9langeurs, grille-pain et ventilateurs. &raquo; Evening Standard Ce travail \u00e9pur\u00e9 et \u00e9l\u00e9gant d\u00e9di\u00e9 aux objets m\u00e9nagers&hellip;<\/p>\n","protected":false},"featured_media":1539,"template":"","meta":{"_acf_changed":false,"inline_featured_image":false},"product_brand":[],"product_cat":[75],"product_tag":[],"class_list":{"0":"post-1561","1":"product","2":"type-product","3":"status-publish","4":"has-post-thumbnail","6":"product_cat-mode-et-design","7":"disponibilita-si","8":"description-off","10":"first","11":"instock","12":"shipping-taxable","13":"purchasable","14":"product-type-simple"},"acf":[],"_links":{"self":[{"href":"https:\/\/www.fivecontinentseditions.com\/fr\/wp-json\/wp\/v2\/product\/1561","targetHints":{"allow":["GET"]}}],"collection":[{"href":"https:\/\/www.fivecontinentseditions.com\/fr\/wp-json\/wp\/v2\/product"}],"about":[{"href":"https:\/\/www.fivecontinentseditions.com\/fr\/wp-json\/wp\/v2\/types\/product"}],"wp:featuredmedia":[{"embeddable":true,"href":"https:\/\/www.fivecontinentseditions.com\/fr\/wp-json\/wp\/v2\/media\/1539"}],"wp:attachment":[{"href":"https:\/\/www.fivecontinentseditions.com\/fr\/wp-json\/wp\/v2\/media?parent=1561"}],"wp:term":[{"taxonomy":"product_brand","embeddable":true,"href":"https:\/\/www.fivecontinentseditions.com\/fr\/wp-json\/wp\/v2\/product_brand?post=1561"},{"taxonomy":"product_cat","embeddable":true,"href":"https:\/\/www.fivecontinentseditions.com\/fr\/wp-json\/wp\/v2\/product_cat?post=1561"},{"taxonomy":"product_tag","embeddable":true,"href":"https:\/\/www.fivecontinentseditions.com\/fr\/wp-json\/wp\/v2\/product_tag?post=1561"}],"curies":[{"name":"wp","href":"https:\/\/api.w.org\/{rel}","templated":true}]}}