{"id":15597,"date":"2018-03-16T05:00:00","date_gmt":"2018-03-16T05:00:00","guid":{"rendered":"https:\/\/www.fivecontinentseditions.com\/?post_type=product&#038;p=15597"},"modified":"2018-04-19T08:11:52","modified_gmt":"2018-04-19T08:11:52","slug":"impressionist-treasures","status":"publish","type":"product","link":"https:\/\/www.fivecontinentseditions.com\/fr\/p\/impressionist-treasures\/","title":{"rendered":"Impressionist Treasures"},"content":{"rendered":"<p>Ce catalogue, qui accompagne une grande exposition au Mus\u00e9e des beaux-arts du Canada, pr\u00e9sente une vaste s\u00e9lection d\u2019\u0153uvres d\u2019art fran\u00e7ais et danois du XIX<sup>e<\/sup> si\u00e8cle et du d\u00e9but du XX<sup>e <\/sup>si\u00e8cle conserv\u00e9es au prestigieux mus\u00e9e Ordrupgaard pr\u00e8s de Copenhague. La collection Ordrupgaard, constitu\u00e9e essentiellement entre 1892 et 1931 par le magnat de l\u2019assurance Wilhelm Hansen (1868\u20141936), offre un spectaculaire panorama de la peinture fran\u00e7aise, d\u2019Eug\u00e8ne Delacroix \u00e0Paul C\u00e9zanne, ainsi que de magnifiques exemples de l\u2019\u00e2ge d\u2019or danois. Enti\u00e8rement illustr\u00e9, cet ouvrage permet de d\u00e9couvrir les pi\u00e8ces phares de la collection \u00e0travers un essai de Paul Lang, directeur adjoint et conservateur en chef du Mus\u00e9e des beaux-arts du Canada. Il contient en outre de remarquables ensembles d\u2019\u0153uvres qui refl\u00e8tent diff\u00e9rentes \u00e9tapes de la carri\u00e8re de peintres tels que Jean-Baptiste-Camille Corot, Gustave Courbet, Camille Pissarro, Claude Monet, Alfred Sisley, Paul Gauguin, C. W. Eckersberg et Vilhelm Hammersh\u00f8i. Si la publication met \u00e0 l\u2019honneur les impressionnistes fran\u00e7ais et les peintres danois, d\u2019autres mouvements artistiques fran\u00e7ais du xix<sup>e<\/sup> si\u00e8cle \u2014 souvent antagonistes \u2014, dont l\u2019\u00e9cole de Barbizon et le r\u00e9alisme, y sont \u00e9galement bien repr\u00e9sent\u00e9s.<\/p>\n<p>Sp\u00e9cialiste de l\u2019art europ\u00e9en n\u00e9o-classique et d\u00e9tenteur d\u2019un doctorat en histoire de l\u2019art, <strong>Paul Lang<\/strong> est directeur adjoint et conservateur en chef au Mus\u00e9e des beaux-arts du Canada (2011\u2014). Il a coorganis\u00e9 <em>Gustave Dor\u00e9 (1832\u20141883), l\u2019imaginaire au pouvoir<\/em>, en collaboration avec le mus\u00e9e d\u2019Orsay, Paris (2014) et la premi\u00e8re r\u00e9trospective d\u00e9di\u00e9e \u00e0<em>\u00e9lisabeth Louise Vig\u00e9e Le Brun (1755\u20141842)<\/em>, en collaboration avec la R\u00e9union des mus\u00e9es nationaux \u2014 Grand Palais, Paris, et le Metropolitan Museum of Art, New York (2015\u20142016). Lang est auteur et coauteur de pr\u00e8s de cinquante ouvrages, parmi lesquels on compte des catalogues d\u2019exposition, des \u00e9tudes en histoire de l\u2019art et des articles divers. Apr\u00e8s avoir r\u00e9alis\u00e9 ses \u00e9tudes doctorales \u00e0 l\u2019Universit\u00e9 de Gen\u00e8ve, en Suisse, il a \u00e9t\u00e9 collaborateur scientifique \u00e0 l\u2019Institut suisse pour l\u2019\u00e9tude de l\u2019art (SIK-ISEA) \u00e0Zurich (1985\u20141999), puis conservateur en chef du Mus\u00e9e d\u2019art et d\u2019histoire de Gen\u00e8ve (2000\u20142011).<\/p>\n","protected":false},"excerpt":{"rendered":"<p>Ce catalogue, qui accompagne une grande exposition au Mus\u00e9e des beaux-arts du Canada, pr\u00e9sente une vaste s\u00e9lection d\u2019\u0153uvres d\u2019art fran\u00e7ais et danois du XIXe si\u00e8cle et du d\u00e9but du XXe si\u00e8cle conserv\u00e9es au prestigieux mus\u00e9e Ordrupgaard pr\u00e8s de Copenhague. La collection Ordrupgaard, constitu\u00e9e essentiellement entre 1892 et 1931 par le magnat de l\u2019assurance Wilhelm Hansen&hellip;<\/p>\n","protected":false},"featured_media":16507,"template":"","meta":{"_acf_changed":false,"inline_featured_image":false},"product_brand":[],"product_cat":[68],"product_tag":[],"class_list":{"0":"post-15597","1":"product","2":"type-product","3":"status-publish","4":"has-post-thumbnail","6":"product_cat-art-moderne","7":"disponibilita-no","8":"description-off","10":"first","11":"outofstock","12":"shipping-taxable","13":"purchasable","14":"product-type-simple"},"acf":[],"_links":{"self":[{"href":"https:\/\/www.fivecontinentseditions.com\/fr\/wp-json\/wp\/v2\/product\/15597","targetHints":{"allow":["GET"]}}],"collection":[{"href":"https:\/\/www.fivecontinentseditions.com\/fr\/wp-json\/wp\/v2\/product"}],"about":[{"href":"https:\/\/www.fivecontinentseditions.com\/fr\/wp-json\/wp\/v2\/types\/product"}],"wp:featuredmedia":[{"embeddable":true,"href":"https:\/\/www.fivecontinentseditions.com\/fr\/wp-json\/wp\/v2\/media\/16507"}],"wp:attachment":[{"href":"https:\/\/www.fivecontinentseditions.com\/fr\/wp-json\/wp\/v2\/media?parent=15597"}],"wp:term":[{"taxonomy":"product_brand","embeddable":true,"href":"https:\/\/www.fivecontinentseditions.com\/fr\/wp-json\/wp\/v2\/product_brand?post=15597"},{"taxonomy":"product_cat","embeddable":true,"href":"https:\/\/www.fivecontinentseditions.com\/fr\/wp-json\/wp\/v2\/product_cat?post=15597"},{"taxonomy":"product_tag","embeddable":true,"href":"https:\/\/www.fivecontinentseditions.com\/fr\/wp-json\/wp\/v2\/product_tag?post=15597"}],"curies":[{"name":"wp","href":"https:\/\/api.w.org\/{rel}","templated":true}]}}