{"id":15441,"date":"2018-02-01T05:00:00","date_gmt":"2018-02-01T05:00:00","guid":{"rendered":"https:\/\/www.fivecontinentseditions.com\/?post_type=product&#038;p=15441"},"modified":"2018-04-09T08:06:33","modified_gmt":"2018-04-09T08:06:33","slug":"zefiro-e-clori","status":"publish","type":"product","link":"https:\/\/www.fivecontinentseditions.com\/fr\/p\/zefiro-e-clori\/","title":{"rendered":"Zefiro e Clori"},"content":{"rendered":"<p><em>Zefiro e Clori<\/em> est consacr\u00e9 \u00e0une superbe fresque pomp\u00e9ienne actuellement conserv\u00e9e au Mus\u00e9e arch\u00e9ologique national de Naples.<br \/>\nCette grande peinture murale, mesurant 198 centim\u00e8tres de haut et 258 centim\u00e8tres de long, date de l\u2019\u00e9poque n\u00e9ronienne, c\u2019est-\u00e0\u00a0-dire des ann\u00e9es 50-60 du Ier si\u00e8cle apr\u00e8s J\u00e9sus-Christ. Elle a \u00e9t\u00e9 mise au jour dans la maison du Navire, qui a \u00e9t\u00e9 d\u00e9couverte \u00e0Pomp\u00e9i d\u00e9but 1826 mais n\u2019a \u00e9t\u00e9 enti\u00e8rement d\u00e9sensevelie qu\u2019\u00e0 la fin de la m\u00eame ann\u00e9e. En voyant appara\u00eetre sous leurs yeux la fresque de Z\u00e9phyr et Chloris, les arch\u00e9ologues de l\u2019\u00e9poque avaient d\u00e9j\u00e0compris qu\u2019il s\u2019agissait d\u2019une des plus belles peintures de Pomp\u00e9i.<br \/>\nLes occupants de la maison o\u00f9 avait \u00e9t\u00e9 r\u00e9alis\u00e9e cette grande fresque connaissaient sans doute les \u00e9crits d\u2019Ovide, non seulement les m\u00e9tamorphoses de dieux et de mortels d\u00e9sireux de vivre leur amour ou de fuir une passion non partag\u00e9e, mais aussi les r\u00e9cits expliquant l\u2019origine des f\u00eates du calendrier romain qui ponctuaient l\u2019ann\u00e9e. La l\u00e9gende de Z\u00e9phyr et Chloris est l\u2019un des r\u00e9cits du mois de mai.<br \/>\nLe sujet repr\u00e9sent\u00e9 fait de cette fresque une pi\u00e8ce sans \u00e9quivalent connu \u00e0ce jour, m\u00eame si les figures isol\u00e9es ou les groupes s\u2019inspirent de mod\u00e8les largement utilis\u00e9s que l\u2019on retrouve dans d\u2019autres maisons pomp\u00e9iennes.<br \/>\nValeria Sampaolo nous guide pas \u00e0pas dans la lecture de l\u2019\u0153uvre gr\u00e2ce aux splendides photographies in\u00e9dites de Luigi Spina. Nous d\u00e9couvrons en leur compagnie les figures, les symboles et les r\u00e9f\u00e9rences mythologiques de cette merveilleuse fresque.<\/p>\n<p><strong>Valeria Sampaolo<\/strong> est conservatrice en chef des collections du Mus\u00e9e arch\u00e9ologique national de Naples. Auteur de nombreuses publications, elle se consacre plus particuli\u00e8rement \u00e0des recherches sur les premi\u00e8res fouilles effectu\u00e9es autour du V\u00e9suve et \u00e0 la reconstitution du contexte d\u2019origine des fresques du mus\u00e9e, dont elle a organis\u00e9 la nouvelle exposition.<br \/>\n<strong>Luigi Spina<\/strong> est photographe. Son \u0153uvre s\u2019articule autour des amphith\u00e9\u00e2tres et du sens civique du sacr\u00e9, des liens entre l\u2019art et la foi, de la recherche d\u2019identit\u00e9s culturelles anciennes, de la confrontation physique avec la sculpture classique. Il a publi\u00e9 <em>L\u2019Ora Incerta<\/em> (2014), <em>The Buchner Boxes<\/em> (2014), <em>Hemba<\/em> (2017) et <em>Des jours et des mythes<\/em> (2017). Chez 5 Continents Editions, il anime avec Valeria Sampaolo la collection \u00ab Oggetti rari e preziosi al Museo Archeologico Nazionale di Napoli \u00bb (Objets rares et pr\u00e9cieux du Mus\u00e9e arch\u00e9ologique national de Naples), qui compte \u00e0ce jour les titres <em>Memorie del Vaso blu<\/em> (2016), <em>Amazzonomachia<\/em> (2017), <em>Centauri<\/em> (2017) et <em>Sette sapienti<\/em> (2018). Chez le m\u00eame \u00e9diteur, il a publi\u00e9, dans la s\u00e9rie Tailormade, <em>Les Danseuses de la villa des Papyrus<\/em> (2015).<\/p>\n","protected":false},"excerpt":{"rendered":"<p>Zefiro e Clori est consacr\u00e9 \u00e0une superbe fresque pomp\u00e9ienne actuellement conserv\u00e9e au Mus\u00e9e arch\u00e9ologique national de Naples. Cette grande peinture murale, mesurant 198 centim\u00e8tres de haut et 258 centim\u00e8tres de long, date de l\u2019\u00e9poque n\u00e9ronienne, c\u2019est-\u00e0\u00a0-dire des ann\u00e9es 50-60 du Ier si\u00e8cle apr\u00e8s J\u00e9sus-Christ. Elle a \u00e9t\u00e9 mise au jour dans la maison du Navire,&hellip;<\/p>\n","protected":false},"featured_media":15570,"template":"","meta":{"_acf_changed":false,"inline_featured_image":false},"product_brand":[],"product_cat":[47],"product_tag":[],"class_list":{"0":"post-15441","1":"product","2":"type-product","3":"status-publish","4":"has-post-thumbnail","6":"product_cat-archeologie","7":"collana-oggetti-rari-e-preziosi-al-mann-fr","8":"disponibilita-si","9":"description-off","11":"first","12":"instock","13":"shipping-taxable","14":"purchasable","15":"product-type-simple"},"acf":[],"_links":{"self":[{"href":"https:\/\/www.fivecontinentseditions.com\/fr\/wp-json\/wp\/v2\/product\/15441","targetHints":{"allow":["GET"]}}],"collection":[{"href":"https:\/\/www.fivecontinentseditions.com\/fr\/wp-json\/wp\/v2\/product"}],"about":[{"href":"https:\/\/www.fivecontinentseditions.com\/fr\/wp-json\/wp\/v2\/types\/product"}],"wp:featuredmedia":[{"embeddable":true,"href":"https:\/\/www.fivecontinentseditions.com\/fr\/wp-json\/wp\/v2\/media\/15570"}],"wp:attachment":[{"href":"https:\/\/www.fivecontinentseditions.com\/fr\/wp-json\/wp\/v2\/media?parent=15441"}],"wp:term":[{"taxonomy":"product_brand","embeddable":true,"href":"https:\/\/www.fivecontinentseditions.com\/fr\/wp-json\/wp\/v2\/product_brand?post=15441"},{"taxonomy":"product_cat","embeddable":true,"href":"https:\/\/www.fivecontinentseditions.com\/fr\/wp-json\/wp\/v2\/product_cat?post=15441"},{"taxonomy":"product_tag","embeddable":true,"href":"https:\/\/www.fivecontinentseditions.com\/fr\/wp-json\/wp\/v2\/product_tag?post=15441"}],"curies":[{"name":"wp","href":"https:\/\/api.w.org\/{rel}","templated":true}]}}