{"id":15438,"date":"2018-02-01T05:00:00","date_gmt":"2018-02-01T05:00:00","guid":{"rendered":"https:\/\/www.fivecontinentseditions.com\/?post_type=product&#038;p=15438"},"modified":"2023-08-28T15:03:34","modified_gmt":"2023-08-28T15:03:34","slug":"sette-sapienti","status":"publish","type":"product","link":"https:\/\/www.fivecontinentseditions.com\/fr\/p\/sette-sapienti\/","title":{"rendered":"Sette Sapienti"},"content":{"rendered":"<p class=\"p1\"><i>Sette sapienti <\/i>nous fait d\u00e9couvrir en d\u00e9tail une mosa\u00efque qui appartient aux collections du Mus\u00e9e arch\u00e9ologique national de Naples et dont l\u2019\u00e9tat de conservation est exceptionnel. Mise au jour le 14 juillet 1897 \u00e0Pomp\u00e9i lors des fouilles de la villa situ\u00e9e \u00e0130 m\u00e8tres au nord de la Porte du V\u00e9suve, dans la propri\u00e9t\u00e9 Masucci d\u2019Aquino, elle a naturellement fait l\u2019objet de multiples interpr\u00e9tations.<br \/>\nD\u2019opulentes guirlandes de feuilles de laurier, de vigne, de ch\u00eane, d\u2019arbousier et de pommier, charg\u00e9es de fruits d\u2019automne, entour\u00e9es de rubans blancs ou rouges bord\u00e9s de gris et alternant avec des masques de th\u00e9\u00e2tre, encadrent une sc\u00e8ne repr\u00e9sentant l\u2019assembl\u00e9e de sept sages dans un lieu sacr\u00e9. Dans les angles, trois jeunes satyres et un vieux sil\u00e8ne ; au milieu des c\u00f4t\u00e9s, deux masques d\u2019un esclave \u00e0 la bouche ouverte s\u2019intercalent entre celui d\u2019un jeune homme aux sourcils fins et \u00e0 l\u2019air intellectuel et celui d\u2019une <i>pseudokore <\/i>au teint p\u00e2le et aux cheveux s\u00e9par\u00e9s en deux bandeaux attach\u00e9s derri\u00e8re la nuque. La rigueur de la dissertation philosophique et de la r\u00e9flexion scientifique est ici associ\u00e9e aux symboles du monde de Dionysos, avec leurs allusions \u00e0 l\u2019exub\u00e9rance vitale exprim\u00e9e par la trag\u00e9die et, avec la m\u00eame intensit\u00e9, par la com\u00e9die et le drame satyrique.<br \/>\nLe texte de Valeria Sampaolo et les magnifiques photographies in\u00e9dites de Luigi Spina explorent le moindre d\u00e9tail de cette \u0153uvre inconnue du grand public dans ce nouveau titre de la collection \u00ab Oggetti rari e preziosi al Museo Archeologico Nazionale di Napoli \u00bb (Objets rares et pr\u00e9cieux du Mus\u00e9e arch\u00e9ologique national de Naples).<\/p>\n<p class=\"p1\"><strong>Valeria Sampaolo<\/strong> est conservatrice en chef des collections du Mus\u00e9e arch\u00e9ologique national de Naples. Auteur de nombreuses publications, elle se consacre plus particuli\u00e8rement \u00e0des recherches sur les premi\u00e8res fouilles effectu\u00e9es autour du V\u00e9suve et \u00e0 la reconstitution du contexte d\u2019origine des fresques du mus\u00e9e, dont elle a organis\u00e9 la nouvelle exposition.<br \/>\n<strong>Luigi Spina<\/strong> est photographe. Son \u0153uvre s\u2019articule autour des amphith\u00e9\u00e2tres et du sens civique du sacr\u00e9, des liens entre l\u2019art et la foi, de la recherche d\u2019identit\u00e9s culturelles anciennes, de la confrontation physique avec la sculpture classique. Il a publi\u00e9 <i>L\u2019Ora Incerta<\/i> (2014), <i>The Buchner Boxes<\/i> (2014), <i>Hemba<\/i> (2017) et <i>Des jours et des mythes<\/i> (2017). Chez 5 Continents Editions, il anime avec Valeria Sampaolo la collection \u00ab Oggetti rari e preziosi al Museo Archeologico Nazionale di Napoli \u00bb, qui compte \u00e0ce jour les titres <i>Memorie del Vaso blu<\/i> (2016), <i>Amazzonomachia<\/i> (2017), <i>Centauri<\/i> (2017) et <i>Zefiro e Clori <\/i>(2018). Chez le m\u00eame \u00e9diteur, il a publi\u00e9, dans la s\u00e9rie Tailormade, <i>Les Danseuses de la villa des Papyrus<\/i> (2015).<\/p>\n","protected":false},"excerpt":{"rendered":"<p>Sette sapienti nous fait d\u00e9couvrir en d\u00e9tail une mosa\u00efque qui appartient aux collections du Mus\u00e9e arch\u00e9ologique national de Naples et dont l\u2019\u00e9tat de conservation est exceptionnel. Mise au jour le 14 juillet 1897 \u00e0Pomp\u00e9i lors des fouilles de la villa situ\u00e9e \u00e0130 m\u00e8tres au nord de la Porte du V\u00e9suve, dans la propri\u00e9t\u00e9 Masucci d\u2019Aquino,&hellip;<\/p>\n","protected":false},"featured_media":15573,"template":"","meta":{"_acf_changed":false,"inline_featured_image":false},"product_brand":[],"product_cat":[47],"product_tag":[],"class_list":{"0":"post-15438","1":"product","2":"type-product","3":"status-publish","4":"has-post-thumbnail","6":"product_cat-archeologie","7":"collana-oggetti-rari-e-preziosi-al-mann-fr","8":"disponibilita-si","9":"description-off","11":"first","12":"instock","13":"shipping-taxable","14":"purchasable","15":"product-type-simple"},"acf":[],"_links":{"self":[{"href":"https:\/\/www.fivecontinentseditions.com\/fr\/wp-json\/wp\/v2\/product\/15438","targetHints":{"allow":["GET"]}}],"collection":[{"href":"https:\/\/www.fivecontinentseditions.com\/fr\/wp-json\/wp\/v2\/product"}],"about":[{"href":"https:\/\/www.fivecontinentseditions.com\/fr\/wp-json\/wp\/v2\/types\/product"}],"wp:featuredmedia":[{"embeddable":true,"href":"https:\/\/www.fivecontinentseditions.com\/fr\/wp-json\/wp\/v2\/media\/15573"}],"wp:attachment":[{"href":"https:\/\/www.fivecontinentseditions.com\/fr\/wp-json\/wp\/v2\/media?parent=15438"}],"wp:term":[{"taxonomy":"product_brand","embeddable":true,"href":"https:\/\/www.fivecontinentseditions.com\/fr\/wp-json\/wp\/v2\/product_brand?post=15438"},{"taxonomy":"product_cat","embeddable":true,"href":"https:\/\/www.fivecontinentseditions.com\/fr\/wp-json\/wp\/v2\/product_cat?post=15438"},{"taxonomy":"product_tag","embeddable":true,"href":"https:\/\/www.fivecontinentseditions.com\/fr\/wp-json\/wp\/v2\/product_tag?post=15438"}],"curies":[{"name":"wp","href":"https:\/\/api.w.org\/{rel}","templated":true}]}}