{"id":14691,"date":"2018-02-09T05:00:00","date_gmt":"2018-02-09T05:00:00","guid":{"rendered":"http:\/\/www.fivecontinentseditions.com\/?post_type=product&#038;p=14691"},"modified":"2018-04-11T10:48:03","modified_gmt":"2018-04-11T10:48:03","slug":"the-pont-aven-school-cradle-of-the-modern-sensibility","status":"publish","type":"product","link":"https:\/\/www.fivecontinentseditions.com\/fr\/p\/the-pont-aven-school-cradle-of-the-modern-sensibility\/","title":{"rendered":"The Pont-Aven School. Cradle of the Modern Sensibility"},"content":{"rendered":"<p>Pont-Aven a donn\u00e9 son nom \u00e0 l\u2019une des plus c\u00e9l\u00e8bres \u00e9cole de peinture de l\u2019art moderne, \u00e0 laquelle les noms de Paul Gauguin et Emile Bernard sont spontan\u00e9ment rattach\u00e9s. En effet, c\u2019est en 1888 que les deux peintres inventent, dans cette commune bretonne du Finist\u00e8re sud, les caract\u00e9ristiques d\u2019un style nouveau : le synth\u00e9tisme. En rupture avec l\u2019enseignement acad\u00e9mique et sous l\u2019influence des estampes japonaises, ils proposent des principes esth\u00e9tiques nouveaux caract\u00e9ris\u00e9s notamment par la simplification des formes et l\u2019emploi de couleurs pos\u00e9es en grands aplats cern\u00e9es par un trait sombre. Le go\u00fbt pour les tons mates et l\u2019abolition de la perspective traditionnelle ach\u00e8vent de caract\u00e9riser cette nouvelle mani\u00e8re de cr\u00e9er sans commune mesure avec ce qui a pr\u00e9c\u00e9d\u00e9.<br \/>\nL\u2019importante collection constitu\u00e9e en quelques ann\u00e9es seulement  par Alexandre et Mahsa Mouradian est r\u00e9v\u00e9l\u00e9e au public par ce livre in\u00e9dit. Elle refl\u00e8te une passion priv\u00e9e forte pour les artistes du groupe de Pont-Aven mais aussi pour ceux qui en Bretagne, ou au-del\u00e0\u00a0, ont adh\u00e9r\u00e9 aux id\u00e9es nouvelles de Bernard et Gauguin sans jamais perdre leur singularit\u00e9. Chacun d\u2019entre eux, en peinture ou en estampe, est parvenu \u00e0s\u2019affranchir de l\u2019imitation de la r\u00e9alit\u00e9 observ\u00e9e pour exprimer le plus intime de leur personnalit\u00e9 : leurs \u00e9motions.<br \/>\nLes \u0153uvres choisies par le collectionneur montrent, avec pertinence, la dimension internationale de cette \u00e9cole qui n\u2019en \u00e9tait pas une au sens premier du terme : les acad\u00e9mies priv\u00e9es parisiennes \u00e9tant ferm\u00e9es l\u2019\u00e9t\u00e9, les artistes de toute l\u2019Europe rejoignaient Pont-Aven et, \u00e0proximit\u00e9, Le Pouldu pour y puiser l\u2019inspiration et oser comme Gauguin.<br \/>\nLes textes de l\u2019acad\u00e9micien Jean-Marie Rouart et de l\u2019\u00e9crivain et historien de l\u2019art Adrien Goetz, ainsi que les commentaires d\u00e9taill\u00e9s des oeuvres par la conservatrice Estelle Guille des Buttes, offrent un acc\u00e8s privil\u00e9gi\u00e9 \u00e0ce corpus d\u2019exception.<\/p>\n<p><strong>Jean-Marie Rouart<\/strong>, romancier, essayiste et chroniqueur fran\u00e7ais, il est \u00e9lu \u00e0 l\u2019Acad\u00e9mie fran\u00e7aise en 1997. Il est Officier de la L\u00e9gion d\u2019honneur, de l\u2019ordre national du M\u00e9rite et Commandeur de l\u2019ordre des Arts et des Lettres.<br \/>\n<strong>Estelle Guille des Buttes<\/strong>, dipl\u00f4m\u00e9e de l\u2019Institut national du patrimoine \u00e0 Paris, est la conservatrice en chef du Mus\u00e9e de Pont-Aven qu\u2019elle dirige depuis 2006 pour y mener le chantier d\u2019extension et de r\u00e9novation. Elle a \u00e9t\u00e9 commissaire de nombreuses expositions parmi lesquelles \u00ab Maurice Denis et la Bretagne \u00bb en 2009, labellis\u00e9e d\u2019int\u00e9r\u00eat national par le Minist\u00e8re de la Culture et, plus r\u00e9cemment, \u00ab La Modernit\u00e9 en Bretagne (1870-1940) \u00bb. Elle est aussi l\u2019auteur de plusieurs articles et publications consacr\u00e9s \u00e0 l\u2019\u00e9cole de Pont-Aven. Elle est chevalier des Arts et Lettres.<br \/>\n<strong>Adrien Goetz<\/strong>, membre de l\u2019Institut (Acad\u00e9mie des beaux-arts), ancien \u00e9l\u00e8ve de l\u2019Ecole normale sup\u00e9rieure, agr\u00e9g\u00e9 d\u2019histoire, docteur en histoire de l\u2019art, enseigne l\u2019histoire de l\u2019art \u00e0 l\u2019universit\u00e9 de Paris-Sorbonne. Ses travaux portent pour l\u2019essentiel sur l\u2019art du XIXe si\u00e8cle. Il est \u00e9galement l\u2019auteur de romans, tous consacr\u00e9s au monde de l\u2019art et des mus\u00e9es. Il est le directeur de la r\u00e9daction de Grande Galerie, le Journal de Louvre, magazine officiel du mus\u00e9e. Il tient une chronique intitul\u00e9e \u00ab Les Arts \u00bb, chaque lundi dans Le Figaro.<\/p>\n","protected":false},"excerpt":{"rendered":"<p>Pont-Aven a donn\u00e9 son nom \u00e0 l\u2019une des plus c\u00e9l\u00e8bres \u00e9cole de peinture de l\u2019art moderne, \u00e0 laquelle les noms de Paul Gauguin et Emile Bernard sont spontan\u00e9ment rattach\u00e9s. En effet, c\u2019est en 1888 que les deux peintres inventent, dans cette commune bretonne du Finist\u00e8re sud, les caract\u00e9ristiques d\u2019un style nouveau : le synth\u00e9tisme. En&hellip;<\/p>\n","protected":false},"featured_media":15920,"template":"","meta":{"_acf_changed":false,"inline_featured_image":false},"product_brand":[],"product_cat":[68],"product_tag":[],"class_list":{"0":"post-14691","1":"product","2":"type-product","3":"status-publish","4":"has-post-thumbnail","6":"product_cat-art-moderne","7":"disponibilita-si","8":"description-off","10":"first","11":"instock","12":"shipping-taxable","13":"purchasable","14":"product-type-simple"},"acf":[],"_links":{"self":[{"href":"https:\/\/www.fivecontinentseditions.com\/fr\/wp-json\/wp\/v2\/product\/14691","targetHints":{"allow":["GET"]}}],"collection":[{"href":"https:\/\/www.fivecontinentseditions.com\/fr\/wp-json\/wp\/v2\/product"}],"about":[{"href":"https:\/\/www.fivecontinentseditions.com\/fr\/wp-json\/wp\/v2\/types\/product"}],"wp:featuredmedia":[{"embeddable":true,"href":"https:\/\/www.fivecontinentseditions.com\/fr\/wp-json\/wp\/v2\/media\/15920"}],"wp:attachment":[{"href":"https:\/\/www.fivecontinentseditions.com\/fr\/wp-json\/wp\/v2\/media?parent=14691"}],"wp:term":[{"taxonomy":"product_brand","embeddable":true,"href":"https:\/\/www.fivecontinentseditions.com\/fr\/wp-json\/wp\/v2\/product_brand?post=14691"},{"taxonomy":"product_cat","embeddable":true,"href":"https:\/\/www.fivecontinentseditions.com\/fr\/wp-json\/wp\/v2\/product_cat?post=14691"},{"taxonomy":"product_tag","embeddable":true,"href":"https:\/\/www.fivecontinentseditions.com\/fr\/wp-json\/wp\/v2\/product_tag?post=14691"}],"curies":[{"name":"wp","href":"https:\/\/api.w.org\/{rel}","templated":true}]}}