{"id":13883,"date":"2007-05-01T05:00:00","date_gmt":"2007-05-01T05:00:00","guid":{"rendered":"http:\/\/www.fivecontinentseditions.com\/prodotto\/les-lieux-imaginaires-drik-desmazieres-2\/"},"modified":"2018-02-07T16:26:12","modified_gmt":"2018-02-07T16:26:12","slug":"les-lieux-imaginaires-drik-desmazieres-2","status":"publish","type":"product","link":"https:\/\/www.fivecontinentseditions.com\/fr\/p\/les-lieux-imaginaires-drik-desmazieres-2\/","title":{"rendered":"Les lieux imaginaires d&rsquo;\u00c9rik Desmazi\u00e8res"},"content":{"rendered":"<p><strong>&Eacute;rik desmazi\u00e8res est l&rsquo;un des fleurons de la gravure fran\u00e7aise contemporaine.<\/strong><\/p>\n<p>Dans le paysage de la gravure contemporaine, les estampes d&rsquo;&Eacute;rik Desmazi\u00e8res se distinguent par leur ambigu\u00eft\u00e9, entre virtuosit\u00e9 technique, observation scrupuleuse d&rsquo;objets r\u00e9els et \u00e9tranget\u00e9 des inventions, capables de fasciner celui qui en suit les m\u00e9andres. Les quatre-vingts &oelig;uvres s\u00e9lectionn\u00e9es pour cette monographie illustrent une quarantaine d&rsquo;ann\u00e9es de cr\u00e9ation et pr\u00e9sentent les lieux n\u00e9s de son imaginaire. Villes \u00e9tranges, explorations exotiques, cabinets de curiosit\u00e9s et biblioth\u00e8ques labyrinthiques proposent autant de d\u00e9tours parmi les r\u00e9f\u00e9rences essentielles de l&rsquo;univers d&rsquo;&Eacute;rik Desmazi\u00e8res.<\/p>\n<p><strong>Maxime Pr\u00e9aud<\/strong>, directeur de la r\u00e9serve des estampes de la BNF, artiste, est sp\u00e9cialis\u00e9 en histoire de la gravure du XVIIe si\u00e8cle.<br \/>\n<strong>Alberto Manguel<\/strong>, \u00e9crivain argentin, est auteur du fascinant et \u00e9rudit <em>Dictionnaire des lieux imaginaires <\/em>(2001) et de <em>La Biblioth\u00e8que, la nuit <\/em>(2006).<br \/>\n<strong>Lauren Laz<\/strong>, historienne de l&rsquo;art, est conservatrice du Cabinet cantonal des estampes du mus\u00e9e Jenisch Vevey.<\/p>\n","protected":false},"excerpt":{"rendered":"<p>&Eacute;rik desmazi\u00e8res est l&rsquo;un des fleurons de la gravure fran\u00e7aise contemporaine. Dans le paysage de la gravure contemporaine, les estampes d&rsquo;&Eacute;rik Desmazi\u00e8res se distinguent par leur ambigu\u00eft\u00e9, entre virtuosit\u00e9 technique, observation scrupuleuse d&rsquo;objets r\u00e9els et \u00e9tranget\u00e9 des inventions, capables de fasciner celui qui en suit les m\u00e9andres. Les quatre-vingts &oelig;uvres s\u00e9lectionn\u00e9es pour cette monographie illustrent&hellip;<\/p>\n","protected":false},"featured_media":0,"template":"","meta":{"_acf_changed":false,"inline_featured_image":false},"product_brand":[],"product_cat":[57],"product_tag":[],"class_list":{"0":"post-13883","1":"product","2":"type-product","3":"status-publish","5":"product_cat-art-contemporain","6":"disponibilita-no","7":"description-off","9":"first","10":"outofstock","11":"shipping-taxable","12":"purchasable","13":"product-type-simple"},"acf":[],"_links":{"self":[{"href":"https:\/\/www.fivecontinentseditions.com\/fr\/wp-json\/wp\/v2\/product\/13883","targetHints":{"allow":["GET"]}}],"collection":[{"href":"https:\/\/www.fivecontinentseditions.com\/fr\/wp-json\/wp\/v2\/product"}],"about":[{"href":"https:\/\/www.fivecontinentseditions.com\/fr\/wp-json\/wp\/v2\/types\/product"}],"wp:attachment":[{"href":"https:\/\/www.fivecontinentseditions.com\/fr\/wp-json\/wp\/v2\/media?parent=13883"}],"wp:term":[{"taxonomy":"product_brand","embeddable":true,"href":"https:\/\/www.fivecontinentseditions.com\/fr\/wp-json\/wp\/v2\/product_brand?post=13883"},{"taxonomy":"product_cat","embeddable":true,"href":"https:\/\/www.fivecontinentseditions.com\/fr\/wp-json\/wp\/v2\/product_cat?post=13883"},{"taxonomy":"product_tag","embeddable":true,"href":"https:\/\/www.fivecontinentseditions.com\/fr\/wp-json\/wp\/v2\/product_tag?post=13883"}],"curies":[{"name":"wp","href":"https:\/\/api.w.org\/{rel}","templated":true}]}}