{"id":13651,"date":"2012-02-13T05:00:00","date_gmt":"2012-02-13T05:00:00","guid":{"rendered":"http:\/\/www.fivecontinentseditions.com\/prodotto\/la-tombee-de-la-nuit-2\/"},"modified":"2023-08-28T15:03:34","modified_gmt":"2023-08-28T15:03:34","slug":"la-tombee-de-la-nuit-2","status":"publish","type":"product","link":"https:\/\/www.fivecontinentseditions.com\/fr\/p\/la-tombee-de-la-nuit-2\/","title":{"rendered":"\u00c0 la tomb\u00e9e de la nuit\u2026"},"content":{"rendered":"<p>Depuis la nuit des temps, l\u2019homme a tout mis en \u0153uvre pour prolonger ses journ\u00e9es apr\u00e8s le coucher du soleil. D\u00e8s la pr\u00e9histoire, apr\u00e8s de multiples exp\u00e9rimentations, il invente le combustible et, \u00e0Lascaux d\u00e9j\u00e0\u00a0, mais surtout au cours du deuxi\u00e8me mill\u00e9naire, il cr\u00e9e un artefact sp\u00e9cial exclusivement destin\u00e9 \u00e0 l\u2019\u00e9clairage, la lampe. Parmi les utensiles indispensables \u00e0 la vie quotidienne, le luminaire est le seul qui d\u00e9passe de loin sa fonction utilitaire. Entour\u00e9 de mythes, parfois l\u00e9gende en lui-m\u00eame, il est, dans la plupart des soci\u00e9t\u00e9s, le trait d\u2019union entre l\u2019homme et le divin, entre le mat\u00e9riel et le spirituel.<br \/>\n<em>\u00e0\u20ac la tomb\u00e9e de la nuit. Art et histoire de l\u2019\u00e9clairage<\/em>, illustr\u00e9 par de magnifiques photos, met en valeur la fonction polyvalente du luminaire, recueillant une vaste collection d\u2019objets anciens et curieux, realis\u00e9s avec differents mat\u00e9riaux.<br \/>\nPage apr\u00e8s page, ce livre raconte la vie quotidienne, la vie spirituelle, la vie professionnelle des hommes, ainsi que les f\u00eates rendues possibles par l\u2019apprivoisement de la lumi\u00e8re: de l\u2019invention de la pyrotechnie \u00e0 la lanterne magique, anc\u00eatre du cin\u00e9ma.<\/p>\n<p><strong>Laurent Chrzanovski<\/strong>, arch\u00e9ologue, est sp\u00e9cialiste de l\u2019\u00e9clairage antique et m\u00e9di\u00e9val.<\/p>\n","protected":false},"excerpt":{"rendered":"<p>Depuis la nuit des temps, l\u2019homme a tout mis en \u0153uvre pour prolonger ses journ\u00e9es apr\u00e8s le coucher du soleil. D\u00e8s la pr\u00e9histoire, apr\u00e8s de multiples exp\u00e9rimentations, il invente le combustible et, \u00e0Lascaux d\u00e9j\u00e0\u00a0, mais surtout au cours du deuxi\u00e8me mill\u00e9naire, il cr\u00e9e un artefact sp\u00e9cial exclusivement destin\u00e9 \u00e0 l\u2019\u00e9clairage, la lampe. Parmi les utensiles&hellip;<\/p>\n","protected":false},"featured_media":13628,"template":"","meta":{"_acf_changed":false,"inline_featured_image":false},"product_brand":[],"product_cat":[47,55],"product_tag":[],"class_list":{"0":"post-13651","1":"product","2":"type-product","3":"status-publish","4":"has-post-thumbnail","6":"product_cat-archeologie","7":"product_cat-art-ancien","8":"disponibilita-si","9":"description-off","11":"first","12":"instock","13":"shipping-taxable","14":"purchasable","15":"product-type-simple"},"acf":[],"_links":{"self":[{"href":"https:\/\/www.fivecontinentseditions.com\/fr\/wp-json\/wp\/v2\/product\/13651","targetHints":{"allow":["GET"]}}],"collection":[{"href":"https:\/\/www.fivecontinentseditions.com\/fr\/wp-json\/wp\/v2\/product"}],"about":[{"href":"https:\/\/www.fivecontinentseditions.com\/fr\/wp-json\/wp\/v2\/types\/product"}],"wp:featuredmedia":[{"embeddable":true,"href":"https:\/\/www.fivecontinentseditions.com\/fr\/wp-json\/wp\/v2\/media\/13628"}],"wp:attachment":[{"href":"https:\/\/www.fivecontinentseditions.com\/fr\/wp-json\/wp\/v2\/media?parent=13651"}],"wp:term":[{"taxonomy":"product_brand","embeddable":true,"href":"https:\/\/www.fivecontinentseditions.com\/fr\/wp-json\/wp\/v2\/product_brand?post=13651"},{"taxonomy":"product_cat","embeddable":true,"href":"https:\/\/www.fivecontinentseditions.com\/fr\/wp-json\/wp\/v2\/product_cat?post=13651"},{"taxonomy":"product_tag","embeddable":true,"href":"https:\/\/www.fivecontinentseditions.com\/fr\/wp-json\/wp\/v2\/product_tag?post=13651"}],"curies":[{"name":"wp","href":"https:\/\/api.w.org\/{rel}","templated":true}]}}